{"id":1611,"date":"2025-02-21T15:43:29","date_gmt":"2025-02-21T08:43:29","guid":{"rendered":"https:\/\/thamthuanphat.vn\/?post_type=product&#038;p=1611"},"modified":"2025-04-20T23:21:14","modified_gmt":"2025-04-20T16:21:14","slug":"tham-ni-tron-t300-trai-san-su-kien","status":"publish","type":"product","link":"https:\/\/thamthuanphat.vn\/?product=tham-ni-tron-t300-trai-san-su-kien","title":{"rendered":"Th\u1ea3m N\u1ec9 Tr\u01a1n T300 Tr\u1ea3i S\u00e0n S\u1ef1 Ki\u1ec7n"},"content":{"rendered":"<h1>Th\u1ea3m N\u1ec9 Tr\u01a1n T300 Tr\u1ea3i S\u00e0n S\u1ef1 Ki\u1ec7n, H\u1ed9i Ngh\u1ecb, S\u00e2n Kh\u1ea5u Gi\u00e1 R\u1ebb<\/h1>\n<p><strong>Th\u1ea3m N\u1ec9 Tr\u01a1n T300 Tr\u1ea3i S\u00e0n S\u1ef1 Ki\u1ec7n, H\u1ed9i Ngh\u1ecb, S\u00e2n Kh\u1ea5u Gi\u00e1 R\u1ebb<\/strong>\u00a0&#8211; gi\u1ea3i ph\u00e1p tr\u1ea3i s\u00e0n l\u00fd t\u01b0\u1edfng cho s\u1ef1 ki\u1ec7n, h\u1ed9i ngh\u1ecb, s\u00e2u kh\u1ea5u.<\/p>\n<h2>\u0110\u1eb7c \u0110i\u1ec3m N\u1ed5i B\u1eadt<\/h2>\n<p>&#8211;\u00a0<strong>Ch\u1ea5t li\u1ec7u cao c\u1ea5p:<\/strong>\u00a0S\u1eed d\u1ee5ng s\u1ee3i\u00a0<strong>polyester<\/strong>\u00a0ch\u1ea5t l\u01b0\u1ee3ng, th\u1ea3m n\u1ec9 kh\u00f4ng ch\u1ec9 dai v\u00e0 b\u1ec1n m\u00e0 c\u00f2n d\u1ec5 d\u00e0ng v\u1ec7 sinh v\u00e0 b\u1ea3o d\u01b0\u1ee1ng.<\/p>\n<p>&#8211;\u00a0<strong>M\u00e0u s\u1eafc v\u00e0 k\u00edch th\u01b0\u1edbc \u0111a d\u1ea1ng:<\/strong>\u00a0<strong>ph\u00f9 h\u1ee3p v\u1edbi m\u1ecdi lo\u1ea1i h\u00ecnh s\u1ef1 ki\u1ec7n, s\u00e2n kh\u1ea5u, h\u1ed9i ngh\u1ecb, \u0111\u00e1m ti\u1ec7c, shop, spa v.v.<\/strong>\u00a0B\u1ea1n c\u00f3 th\u1ec3 l\u1ef1a ch\u1ecdn m\u00e0u s\u1eafc theo s\u1edf th\u00edch c\u1ee7a m\u00ecnh.<\/p>\n<h2>\u01afu \u0111i\u1ec3m v\u01b0\u1ee3t tr\u1ed9i<\/h2>\n<p>&#8211; \u0110\u01b0\u1ee3c s\u1ea3n xu\u1ea5t t\u1eeb c\u00f4ng ngh\u1ec7 ti\u00ean ti\u1ebfn, th\u1ea3m n\u1ec9 mang \u0111\u1ebfn \u0111\u1ed9 b\u1ec1n cao, kh\u00f3 phai m\u00e0u, v\u00e0 ch\u1ed1ng b\u00e1m b\u1ee5i hi\u1ec7u qu\u1ea3.<\/p>\n<p>&#8211; D\u1ec5 d\u00e0ng thi c\u00f4ng v\u00e0 l\u1eafp \u0111\u1eb7t m\u00e0 kh\u00f4ng c\u1ea7n c\u00f4ng c\u1ee5 ph\u1ee9c t\u1ea1p.<\/p>\n<h2>Gi\u00e1 v\u00e0 D\u1ecbch v\u1ee5<\/h2>\n<p>&#8211;\u00a0<strong>Gi\u00e1 c\u1eaft l\u1ebb: 25.000\u0111\/m2<\/strong>\u00a0&#8211; Giao h\u00e0ng c\u00f3 t\u00ednh ph\u00ed.<\/p>\n<p>&#8211;\u00a0<strong>Gi\u00e1 thi c\u00f4ng: 15.000\u0111\/m2<\/strong>\u00a0&#8211; M\u1eb7t b\u1eb1ng tr\u1ed1ng tr\u1ea3i, kh\u00f4ng c\u00f3 v\u1eadt c\u1ea3n.<\/p>\n<h2>Li\u00ean h\u1ec7 mua h\u00e0ng<\/h2>\n<p>\u0110\u1ec3 bi\u1ebft th\u00eam th\u00f4ng tin chi ti\u1ebft v\u00e0 \u0111\u1eb7t h\u00e0ng, xin vui l\u00f2ng li\u00ean h\u1ec7 qua s\u1ed1 \u0111i\u1ec7n tho\u1ea1i <b><i>0988750375 &#8211; 0977495969 Mr Hi\u1ec7p ho\u1eb7c Zalo: 0977495969<\/i><\/b><\/p>\n<p><img loading=\"lazy\" decoding=\"async\" class=\"alignnone size-medium wp-image-1626\" src=\"https:\/\/thamthuanphat.vn\/wp-content\/uploads\/2025\/02\/z3357797682852_b8ea7be4758e89001a59d462809b1550-300x169.jpg\" alt=\"\" width=\"300\" height=\"169\" srcset=\"https:\/\/thamthuanphat.vn\/wp-content\/uploads\/2025\/02\/z3357797682852_b8ea7be4758e89001a59d462809b1550-300x169.jpg 300w, https:\/\/thamthuanphat.vn\/wp-content\/uploads\/2025\/02\/z3357797682852_b8ea7be4758e89001a59d462809b1550-1024x576.jpg 1024w, https:\/\/thamthuanphat.vn\/wp-content\/uploads\/2025\/02\/z3357797682852_b8ea7be4758e89001a59d462809b1550-768x432.jpg 768w, https:\/\/thamthuanphat.vn\/wp-content\/uploads\/2025\/02\/z3357797682852_b8ea7be4758e89001a59d462809b1550-1536x864.jpg 1536w, https:\/\/thamthuanphat.vn\/wp-content\/uploads\/2025\/02\/z3357797682852_b8ea7be4758e89001a59d462809b1550-2048x1152.jpg 2048w, https:\/\/thamthuanphat.vn\/wp-content\/uploads\/2025\/02\/z3357797682852_b8ea7be4758e89001a59d462809b1550-600x338.jpg 600w\" sizes=\"auto, (max-width: 300px) 100vw, 300px\" \/> <img loading=\"lazy\" decoding=\"async\" class=\"alignnone size-medium wp-image-1625\" src=\"https:\/\/thamthuanphat.vn\/wp-content\/uploads\/2025\/02\/Untitled-1-300x169.jpg\" alt=\"\" width=\"300\" height=\"169\" srcset=\"https:\/\/thamthuanphat.vn\/wp-content\/uploads\/2025\/02\/Untitled-1-300x169.jpg 300w, https:\/\/thamthuanphat.vn\/wp-content\/uploads\/2025\/02\/Untitled-1-1024x576.jpg 1024w, https:\/\/thamthuanphat.vn\/wp-content\/uploads\/2025\/02\/Untitled-1-768x432.jpg 768w, https:\/\/thamthuanphat.vn\/wp-content\/uploads\/2025\/02\/Untitled-1-1536x864.jpg 1536w, https:\/\/thamthuanphat.vn\/wp-content\/uploads\/2025\/02\/Untitled-1-2048x1152.jpg 2048w, https:\/\/thamthuanphat.vn\/wp-content\/uploads\/2025\/02\/Untitled-1-600x338.jpg 600w\" sizes=\"auto, (max-width: 300px) 100vw, 300px\" \/> <img loading=\"lazy\" decoding=\"async\" class=\"alignnone size-medium wp-image-1622\" src=\"https:\/\/thamthuanphat.vn\/wp-content\/uploads\/2025\/02\/a43d76b62006ee58b7172-300x169.jpg\" alt=\"\" width=\"300\" height=\"169\" srcset=\"https:\/\/thamthuanphat.vn\/wp-content\/uploads\/2025\/02\/a43d76b62006ee58b7172-300x169.jpg 300w, https:\/\/thamthuanphat.vn\/wp-content\/uploads\/2025\/02\/a43d76b62006ee58b7172-1024x576.jpg 1024w, https:\/\/thamthuanphat.vn\/wp-content\/uploads\/2025\/02\/a43d76b62006ee58b7172-768x432.jpg 768w, https:\/\/thamthuanphat.vn\/wp-content\/uploads\/2025\/02\/a43d76b62006ee58b7172-1536x864.jpg 1536w, https:\/\/thamthuanphat.vn\/wp-content\/uploads\/2025\/02\/a43d76b62006ee58b7172-2048x1152.jpg 2048w, https:\/\/thamthuanphat.vn\/wp-content\/uploads\/2025\/02\/a43d76b62006ee58b7172-600x338.jpg 600w\" sizes=\"auto, (max-width: 300px) 100vw, 300px\" \/> <img loading=\"lazy\" decoding=\"async\" class=\"alignnone size-medium wp-image-1623\" src=\"https:\/\/thamthuanphat.vn\/wp-content\/uploads\/2025\/02\/ccxs-300x300.jpg\" alt=\"\" width=\"300\" height=\"300\" srcset=\"https:\/\/thamthuanphat.vn\/wp-content\/uploads\/2025\/02\/ccxs-300x300.jpg 300w, https:\/\/thamthuanphat.vn\/wp-content\/uploads\/2025\/02\/ccxs-1024x1024.jpg 1024w, https:\/\/thamthuanphat.vn\/wp-content\/uploads\/2025\/02\/ccxs-150x150.jpg 150w, https:\/\/thamthuanphat.vn\/wp-content\/uploads\/2025\/02\/ccxs-768x768.jpg 768w, https:\/\/thamthuanphat.vn\/wp-content\/uploads\/2025\/02\/ccxs-1536x1536.jpg 1536w, https:\/\/thamthuanphat.vn\/wp-content\/uploads\/2025\/02\/ccxs-2048x2048.jpg 2048w, https:\/\/thamthuanphat.vn\/wp-content\/uploads\/2025\/02\/ccxs-600x600.jpg 600w, https:\/\/thamthuanphat.vn\/wp-content\/uploads\/2025\/02\/ccxs-100x100.jpg 100w\" sizes=\"auto, (max-width: 300px) 100vw, 300px\" \/> <img loading=\"lazy\" decoding=\"async\" class=\"alignnone size-medium wp-image-1624\" src=\"https:\/\/thamthuanphat.vn\/wp-content\/uploads\/2025\/02\/S100-300x300.jpg\" alt=\"\" width=\"300\" height=\"300\" srcset=\"https:\/\/thamthuanphat.vn\/wp-content\/uploads\/2025\/02\/S100-300x300.jpg 300w, https:\/\/thamthuanphat.vn\/wp-content\/uploads\/2025\/02\/S100-1024x1024.jpg 1024w, https:\/\/thamthuanphat.vn\/wp-content\/uploads\/2025\/02\/S100-150x150.jpg 150w, https:\/\/thamthuanphat.vn\/wp-content\/uploads\/2025\/02\/S100-768x768.jpg 768w, https:\/\/thamthuanphat.vn\/wp-content\/uploads\/2025\/02\/S100-600x600.jpg 600w, https:\/\/thamthuanphat.vn\/wp-content\/uploads\/2025\/02\/S100-100x100.jpg 100w, https:\/\/thamthuanphat.vn\/wp-content\/uploads\/2025\/02\/S100.jpg 1468w\" sizes=\"auto, (max-width: 300px) 100vw, 300px\" \/> <img loading=\"lazy\" decoding=\"async\" class=\"alignnone size-medium wp-image-1621\" src=\"https:\/\/thamthuanphat.vn\/wp-content\/uploads\/2025\/02\/322b87a6afe06ebe37f1-225x300.jpg\" alt=\"\" width=\"225\" height=\"300\" srcset=\"https:\/\/thamthuanphat.vn\/wp-content\/uploads\/2025\/02\/322b87a6afe06ebe37f1-225x300.jpg 225w, https:\/\/thamthuanphat.vn\/wp-content\/uploads\/2025\/02\/322b87a6afe06ebe37f1-768x1024.jpg 768w, https:\/\/thamthuanphat.vn\/wp-content\/uploads\/2025\/02\/322b87a6afe06ebe37f1-1152x1536.jpg 1152w, https:\/\/thamthuanphat.vn\/wp-content\/uploads\/2025\/02\/322b87a6afe06ebe37f1-1536x2048.jpg 1536w, https:\/\/thamthuanphat.vn\/wp-content\/uploads\/2025\/02\/322b87a6afe06ebe37f1-600x800.jpg 600w, https:\/\/thamthuanphat.vn\/wp-content\/uploads\/2025\/02\/322b87a6afe06ebe37f1.jpg 1920w\" sizes=\"auto, (max-width: 225px) 100vw, 225px\" \/> <img loading=\"lazy\" decoding=\"async\" class=\"alignnone size-medium wp-image-1619\" src=\"https:\/\/thamthuanphat.vn\/wp-content\/uploads\/2025\/02\/12cc66f392025c5c05134-300x169.jpg\" alt=\"\" width=\"300\" height=\"169\" srcset=\"https:\/\/thamthuanphat.vn\/wp-content\/uploads\/2025\/02\/12cc66f392025c5c05134-300x169.jpg 300w, https:\/\/thamthuanphat.vn\/wp-content\/uploads\/2025\/02\/12cc66f392025c5c05134-1024x576.jpg 1024w, https:\/\/thamthuanphat.vn\/wp-content\/uploads\/2025\/02\/12cc66f392025c5c05134-768x432.jpg 768w, https:\/\/thamthuanphat.vn\/wp-content\/uploads\/2025\/02\/12cc66f392025c5c05134-1536x864.jpg 1536w, https:\/\/thamthuanphat.vn\/wp-content\/uploads\/2025\/02\/12cc66f392025c5c05134-2048x1152.jpg 2048w, https:\/\/thamthuanphat.vn\/wp-content\/uploads\/2025\/02\/12cc66f392025c5c05134-600x338.jpg 600w\" sizes=\"auto, (max-width: 300px) 100vw, 300px\" \/> <img loading=\"lazy\" decoding=\"async\" class=\"alignnone size-medium wp-image-1620\" src=\"https:\/\/thamthuanphat.vn\/wp-content\/uploads\/2025\/02\/102-300x200.jpg\" alt=\"\" width=\"300\" height=\"200\" srcset=\"https:\/\/thamthuanphat.vn\/wp-content\/uploads\/2025\/02\/102-300x200.jpg 300w, https:\/\/thamthuanphat.vn\/wp-content\/uploads\/2025\/02\/102-1024x682.jpg 1024w, https:\/\/thamthuanphat.vn\/wp-content\/uploads\/2025\/02\/102-768x512.jpg 768w, https:\/\/thamthuanphat.vn\/wp-content\/uploads\/2025\/02\/102-1536x1024.jpg 1536w, https:\/\/thamthuanphat.vn\/wp-content\/uploads\/2025\/02\/102-600x400.jpg 600w, https:\/\/thamthuanphat.vn\/wp-content\/uploads\/2025\/02\/102.jpg 2000w\" sizes=\"auto, (max-width: 300px) 100vw, 300px\" \/> <img loading=\"lazy\" decoding=\"async\" class=\"alignnone size-medium wp-image-1618\" src=\"https:\/\/thamthuanphat.vn\/wp-content\/uploads\/2025\/02\/08f5106446d4888ad1c53-300x169.jpg\" alt=\"\" width=\"300\" height=\"169\" srcset=\"https:\/\/thamthuanphat.vn\/wp-content\/uploads\/2025\/02\/08f5106446d4888ad1c53-300x169.jpg 300w, https:\/\/thamthuanphat.vn\/wp-content\/uploads\/2025\/02\/08f5106446d4888ad1c53-1024x576.jpg 1024w, https:\/\/thamthuanphat.vn\/wp-content\/uploads\/2025\/02\/08f5106446d4888ad1c53-768x432.jpg 768w, https:\/\/thamthuanphat.vn\/wp-content\/uploads\/2025\/02\/08f5106446d4888ad1c53-1536x864.jpg 1536w, https:\/\/thamthuanphat.vn\/wp-content\/uploads\/2025\/02\/08f5106446d4888ad1c53-2048x1152.jpg 2048w, https:\/\/thamthuanphat.vn\/wp-content\/uploads\/2025\/02\/08f5106446d4888ad1c53-600x338.jpg 600w\" sizes=\"auto, (max-width: 300px) 100vw, 300px\" \/> <img loading=\"lazy\" decoding=\"async\" class=\"alignnone size-medium wp-image-1617\" src=\"https:\/\/thamthuanphat.vn\/wp-content\/uploads\/2025\/02\/7d0e5c32a8c3669d3fd25-300x169.jpg\" alt=\"\" width=\"300\" height=\"169\" srcset=\"https:\/\/thamthuanphat.vn\/wp-content\/uploads\/2025\/02\/7d0e5c32a8c3669d3fd25-300x169.jpg 300w, https:\/\/thamthuanphat.vn\/wp-content\/uploads\/2025\/02\/7d0e5c32a8c3669d3fd25-1024x576.jpg 1024w, https:\/\/thamthuanphat.vn\/wp-content\/uploads\/2025\/02\/7d0e5c32a8c3669d3fd25-768x432.jpg 768w, https:\/\/thamthuanphat.vn\/wp-content\/uploads\/2025\/02\/7d0e5c32a8c3669d3fd25-1536x864.jpg 1536w, https:\/\/thamthuanphat.vn\/wp-content\/uploads\/2025\/02\/7d0e5c32a8c3669d3fd25-2048x1152.jpg 2048w, https:\/\/thamthuanphat.vn\/wp-content\/uploads\/2025\/02\/7d0e5c32a8c3669d3fd25-600x338.jpg 600w\" sizes=\"auto, (max-width: 300px) 100vw, 300px\" \/> <img loading=\"lazy\" decoding=\"async\" class=\"alignnone size-medium wp-image-1616\" src=\"https:\/\/thamthuanphat.vn\/wp-content\/uploads\/2025\/02\/6d421ed34863863ddf721-300x169.jpg\" alt=\"\" width=\"300\" height=\"169\" srcset=\"https:\/\/thamthuanphat.vn\/wp-content\/uploads\/2025\/02\/6d421ed34863863ddf721-300x169.jpg 300w, https:\/\/thamthuanphat.vn\/wp-content\/uploads\/2025\/02\/6d421ed34863863ddf721-1024x576.jpg 1024w, https:\/\/thamthuanphat.vn\/wp-content\/uploads\/2025\/02\/6d421ed34863863ddf721-768x432.jpg 768w, https:\/\/thamthuanphat.vn\/wp-content\/uploads\/2025\/02\/6d421ed34863863ddf721-1536x864.jpg 1536w, https:\/\/thamthuanphat.vn\/wp-content\/uploads\/2025\/02\/6d421ed34863863ddf721-2048x1152.jpg 2048w, https:\/\/thamthuanphat.vn\/wp-content\/uploads\/2025\/02\/6d421ed34863863ddf721-600x338.jpg 600w\" sizes=\"auto, (max-width: 300px) 100vw, 300px\" \/> <img loading=\"lazy\" decoding=\"async\" class=\"alignnone size-medium wp-image-1614\" src=\"https:\/\/thamthuanphat.vn\/wp-content\/uploads\/2025\/02\/00e46edc9a2d54730d3c7-300x169.jpg\" alt=\"\" width=\"300\" height=\"169\" srcset=\"https:\/\/thamthuanphat.vn\/wp-content\/uploads\/2025\/02\/00e46edc9a2d54730d3c7-300x169.jpg 300w, https:\/\/thamthuanphat.vn\/wp-content\/uploads\/2025\/02\/00e46edc9a2d54730d3c7-1024x576.jpg 1024w, https:\/\/thamthuanphat.vn\/wp-content\/uploads\/2025\/02\/00e46edc9a2d54730d3c7-768x432.jpg 768w, https:\/\/thamthuanphat.vn\/wp-content\/uploads\/2025\/02\/00e46edc9a2d54730d3c7-1536x864.jpg 1536w, https:\/\/thamthuanphat.vn\/wp-content\/uploads\/2025\/02\/00e46edc9a2d54730d3c7-2048x1152.jpg 2048w, https:\/\/thamthuanphat.vn\/wp-content\/uploads\/2025\/02\/00e46edc9a2d54730d3c7-600x338.jpg 600w\" sizes=\"auto, (max-width: 300px) 100vw, 300px\" \/> <img loading=\"lazy\" decoding=\"async\" class=\"alignnone size-medium wp-image-1615\" src=\"https:\/\/thamthuanphat.vn\/wp-content\/uploads\/2025\/02\/3c4c85707181bfdfe6906-300x169.jpg\" alt=\"\" width=\"300\" height=\"169\" srcset=\"https:\/\/thamthuanphat.vn\/wp-content\/uploads\/2025\/02\/3c4c85707181bfdfe6906-300x169.jpg 300w, https:\/\/thamthuanphat.vn\/wp-content\/uploads\/2025\/02\/3c4c85707181bfdfe6906-1024x576.jpg 1024w, https:\/\/thamthuanphat.vn\/wp-content\/uploads\/2025\/02\/3c4c85707181bfdfe6906-768x432.jpg 768w, https:\/\/thamthuanphat.vn\/wp-content\/uploads\/2025\/02\/3c4c85707181bfdfe6906-1536x864.jpg 1536w, https:\/\/thamthuanphat.vn\/wp-content\/uploads\/2025\/02\/3c4c85707181bfdfe6906-2048x1152.jpg 2048w, https:\/\/thamthuanphat.vn\/wp-content\/uploads\/2025\/02\/3c4c85707181bfdfe6906-600x338.jpg 600w\" sizes=\"auto, (max-width: 300px) 100vw, 300px\" \/><\/p>\n","protected":false},"excerpt":{"rendered":"<p><span style=\"color: #085bc7;\">\u00bb \u0110\u01a1n v\u1ecb t\u00ednh: m\u00b2<\/span><\/p>\n<p><span style=\"color: #085bc7;\">\u00bb Gi\u00e1 cu\u1ed9n: 1.800.000\/cu\u1ed9n (\u00e1p d\u1ee5ng \u0111\u1ebfn h\u1ebft ng\u00e0y 01\/05\/2025)<\/span><\/p>\n<p><span style=\"color: #085bc7;\">\u00bb Gi\u00e1 c\u1eaft l\u1ebb: 25.000\/m\u00b2<\/span><\/p>\n<p><span style=\"color: #085bc7;\">\u00bb Gi\u00e1 tr\u00ean ch\u01b0a bao g\u1ed3m 8% VAT, gi\u00e1 tr\u00ean l\u00e0 gi\u00e1 t\u1ea1i kho\u00a0<\/span><\/p>\n<p><span style=\"color: #085bc7;\">\u00bb Kh\u1ed5 th\u1ea3m: 2m*50m<\/span><\/p>\n<p><span style=\"color: #085bc7;\">\u00bb \u0110\u1ed9 d\u00e0y: \u22482mm<\/span><\/p>\n<p><span style=\"color: #085bc7;\">\u00bb Xu\u1ea5t x\u1ee9: Trung Qu\u1ed1c<\/span><\/p>\n","protected":false},"featured_media":1627,"comment_status":"open","ping_status":"closed","template":"","meta":{"inline_featured_image":false},"pwb-brand":[],"product_brand":[],"product_cat":[102,95],"product_tag":[],"class_list":{"0":"post-1611","1":"product","2":"type-product","3":"status-publish","4":"has-post-thumbnail","6":"product_cat-tham-su-kien","7":"product_cat-tham-trai-san","9":"first","10":"instock","11":"shipping-taxable","12":"purchasable","13":"product-type-simple"},"acf":[],"brands":[],"_links":{"self":[{"href":"https:\/\/thamthuanphat.vn\/index.php?rest_route=\/wp\/v2\/product\/1611","targetHints":{"allow":["GET"]}}],"collection":[{"href":"https:\/\/thamthuanphat.vn\/index.php?rest_route=\/wp\/v2\/product"}],"about":[{"href":"https:\/\/thamthuanphat.vn\/index.php?rest_route=\/wp\/v2\/types\/product"}],"replies":[{"embeddable":true,"href":"https:\/\/thamthuanphat.vn\/index.php?rest_route=%2Fwp%2Fv2%2Fcomments&post=1611"}],"wp:featuredmedia":[{"embeddable":true,"href":"https:\/\/thamthuanphat.vn\/index.php?rest_route=\/wp\/v2\/media\/1627"}],"wp:attachment":[{"href":"https:\/\/thamthuanphat.vn\/index.php?rest_route=%2Fwp%2Fv2%2Fmedia&parent=1611"}],"wp:term":[{"taxonomy":"pwb-brand","embeddable":true,"href":"https:\/\/thamthuanphat.vn\/index.php?rest_route=%2Fwp%2Fv2%2Fpwb-brand&post=1611"},{"taxonomy":"product_brand","embeddable":true,"href":"https:\/\/thamthuanphat.vn\/index.php?rest_route=%2Fwp%2Fv2%2Fproduct_brand&post=1611"},{"taxonomy":"product_cat","embeddable":true,"href":"https:\/\/thamthuanphat.vn\/index.php?rest_route=%2Fwp%2Fv2%2Fproduct_cat&post=1611"},{"taxonomy":"product_tag","embeddable":true,"href":"https:\/\/thamthuanphat.vn\/index.php?rest_route=%2Fwp%2Fv2%2Fproduct_tag&post=1611"}],"curies":[{"name":"wp","href":"https:\/\/api.w.org\/{rel}","templated":true}]}}