{"id":1665,"date":"2025-03-03T10:55:31","date_gmt":"2025-03-03T03:55:31","guid":{"rendered":"https:\/\/thamthuanphat.vn\/?post_type=product&#038;p=1665"},"modified":"2025-04-12T10:15:40","modified_gmt":"2025-04-12T03:15:40","slug":"tham-tam-lot-van-phong-vinus","status":"publish","type":"product","link":"https:\/\/thamthuanphat.vn\/?product=tham-tam-lot-van-phong-vinus","title":{"rendered":"Th\u1ea3m t\u1ea5m l\u00f3t v\u0103n ph\u00f2ng VINUS"},"content":{"rendered":"<p><strong><a href=\"https:\/\/photos.fife.usercontent.google.com\/pw\/AP1GczM3ioliFLls1wVf5bX8lZOv-LbRFS-NVs8lPek5i2NCf9tuwiCV-EY=w1125-h1530-s-no-gm?authuser=0\" target=\"_blank\" rel=\"noopener\">https:\/\/photos.fife.usercontent.google.com\/pw\/AP1GczM3ioliFLls1wVf5bX8lZOv-LbRFS-NVs8lPek5i2NCf9tuwiCV-EY=w1125-h1530-s-no-gm?authuser=0<\/a>T\u00ean s\u1ea3n ph\u1ea9m: Th\u1ea3m tr\u1ea3i s\u00e0n d\u1ea1ng t\u1ea5m VINUS<\/strong><\/p>\n<p>&#8211; Ch\u1ea5t li\u1ec7u s\u1ee3i: 100% Poly Propylene<\/p>\n<p>&#8211; \u0110\u1ebf th\u1ea3m (ngo\u00e0i):\u00a0\u0110\u1ebf cao su (PVC backing)<\/p>\n<p>&#8211; \u0110\u1ed9 d\u00e0y s\u1ee3i: 5mm<\/p>\n<p>&#8211; K\u00edch th\u01b0\u1edbc: 50cm x 50cm<\/p>\n<p>&#8211; Ki\u1ec3u d\u1ec7t s\u1ee3i: Loop pile<\/p>\n<p>&#8211; T\u1ed5ng tr\u1ecdng l\u01b0\u1ee3ng: 4kg\/m2<\/p>\n<p>&#8211; Xu\u1ea5t x\u1ee9: Trung Qu\u1ed1c<\/p>\n<ol>\n<li><strong>M\u00f4 t\u1ea3 chi ti\u1ebft<\/strong><\/li>\n<\/ol>\n<p><strong>Th\u1ea3m t\u1ea5m Vinus\u00a0<\/strong>ph\u00f9 h\u1ee3p d\u00f9ng l\u00e0m th\u1ea3m v\u0103n ph\u00f2ng v\u1edbi hoa v\u0103n l\u1eadp th\u1ec3 \u0111\u1eb9p m\u1eaft c\u00f9ng nhi\u1ec1u m\u00e0u s\u1eafc nh\u01b0 kem, n\u00e2u, x\u00e1m v\u00e0 xanh d\u01b0\u01a1ng\u00a0 c\u00f3 th\u1ec3 d\u00f9ng l\u00e0m th\u1ea3m l\u00f3t showroom th\u1ea3m v\u0103n ph\u00f2ng th\u1ea3m ph\u00f2ng h\u1ed9i ngh\u1ecb.<\/p>\n<p>\u00a0<\/p>\n<p><img decoding=\"async\" src=\"https:\/\/file.hstatic.net\/1000114320\/file\/trai-tham-van-phong-tphcm_9551905e817e4b218b0b58de137afcea_grande.jpg\" alt=\"tham gach mau kem\" \/><\/p>\n<p><strong>Th\u1ea3m g\u1ea1ch Vinus 01<\/strong><\/p>\n<p>\u00a0<\/p>\n<p><img decoding=\"async\" src=\"https:\/\/file.hstatic.net\/1000114320\/file\/lot-tham-phong-ngu_59ea7a88456c4b9396d1202730dac394_grande.jpg\" alt=\"tham gach mau nau\" \/><\/p>\n<p><strong>Th\u1ea3m g\u1ea1ch Vinus 02<\/strong><\/p>\n<p>\u00a0<\/p>\n<p><img decoding=\"async\" src=\"https:\/\/file.hstatic.net\/1000114320\/file\/tham-san-mau-xanh_26c4ea7e572e40fab36a0ddf54417502_grande.jpg\" alt=\"tham gach mau xanh duong\" \/><\/p>\n<p><strong>Th\u1ea3m g\u1ea1ch Vinus 04<\/strong><\/p>\n<p>\u00a0<\/p>\n<p><img decoding=\"async\" src=\"https:\/\/file.hstatic.net\/1000114320\/file\/tham-van-phong-tot_b258d6c14b504a3fbbf5de541bb9cb95_grande.jpg\" alt=\"tham gach mau xam\" \/><\/p>\n<p><strong>Th\u1ea3m g\u1ea1ch Vinus 05<\/strong><\/p>\n<p><a href=\"https:\/\/photos.fife.usercontent.google.com\/pw\/AP1GczM3ioliFLls1wVf5bX8lZOv-LbRFS-NVs8lPek5i2NCf9tuwiCV-EY=w1125-h1530-s-no-gm?authuser=0\" target=\"_blank\" rel=\"noopener\">https:\/\/photos.fife.usercontent.google.com\/pw\/AP1GczM3ioliFLls1wVf5bX8lZOv-LbRFS-NVs8lPek5i2NCf9tuwiCV-EY=w1125-h1530-s-no-gm?authuser=0<\/a><\/p>\n<p>4.Xu\u1ea5t x\u1ee9\u00a0<strong>Th\u1ea3m\u00a0tr\u1ea3i s\u00e0n m\u00e0u tr\u01a1n Vinus\u00a0: Trung Qu\u1ed1c<\/strong><\/p>\n<p>5.Th\u1eddi gian s\u1eed d\u1ee5ng l\u00ean \u0111\u1ebfn 10 n\u0103m<\/p>\n<p>M\u1ecdi chi ti\u1ebft vui l\u00f2ng li\u00ean h\u1ec7: C\u00f4ng ty TNHH TM Th\u1ea3m Thu\u1eadn Ph\u00e1t 0988750375 ho\u1eb7c Zalo: 0977495969 \u0111\u1ec3 \u0111\u01b0\u1ee3c b\u00e1o gi\u00e1 t\u1ed1t nh\u1ea5t.<\/p>\n","protected":false},"excerpt":{"rendered":"<p>https:\/\/photos.fife.usercontent.google.com\/pw\/AP1GczM3ioliFLls1wVf5bX8lZOv-LbRFS-NVs8lPek5i2NCf9tuwiCV-EY=w1125-h1530-s-no-gm?authuser=0T\u00ean s\u1ea3n ph\u1ea9m: Th\u1ea3m tr\u1ea3i s\u00e0n d\u1ea1ng t\u1ea5m VINUS &#8211; Ch\u1ea5t li\u1ec7u s\u1ee3i: 100% Poly Propylene &#8211; \u0110\u1ebf th\u1ea3m (ngo\u00e0i):\u00a0\u0110\u1ebf cao su (PVC backing) &#8211; \u0110\u1ed9 d\u00e0y s\u1ee3i: 5mm &#8211; K\u00edch th\u01b0\u1edbc: 50cm x 50cm &#8211; Ki\u1ec3u d\u1ec7t s\u1ee3i: Loop pile &#8211; T\u1ed5ng tr\u1ecdng l\u01b0\u1ee3ng: 4kg\/m2 &#8211; Xu\u1ea5t x\u1ee9: Trung Qu\u1ed1c M\u00f4 t\u1ea3 chi ti\u1ebft&#8230;<\/p>\n","protected":false},"featured_media":1666,"comment_status":"open","ping_status":"closed","template":"","meta":{"inline_featured_image":false},"pwb-brand":[],"product_brand":[],"product_cat":[101,87,95],"product_tag":[],"class_list":{"0":"post-1665","1":"product","2":"type-product","3":"status-publish","4":"has-post-thumbnail","6":"product_cat-tham-tam-tham-gach","7":"product_cat-san-pham","8":"product_cat-tham-trai-san","10":"first","11":"instock","12":"shipping-taxable","13":"purchasable","14":"product-type-simple"},"acf":[],"brands":[],"_links":{"self":[{"href":"https:\/\/thamthuanphat.vn\/index.php?rest_route=\/wp\/v2\/product\/1665","targetHints":{"allow":["GET"]}}],"collection":[{"href":"https:\/\/thamthuanphat.vn\/index.php?rest_route=\/wp\/v2\/product"}],"about":[{"href":"https:\/\/thamthuanphat.vn\/index.php?rest_route=\/wp\/v2\/types\/product"}],"replies":[{"embeddable":true,"href":"https:\/\/thamthuanphat.vn\/index.php?rest_route=%2Fwp%2Fv2%2Fcomments&post=1665"}],"wp:featuredmedia":[{"embeddable":true,"href":"https:\/\/thamthuanphat.vn\/index.php?rest_route=\/wp\/v2\/media\/1666"}],"wp:attachment":[{"href":"https:\/\/thamthuanphat.vn\/index.php?rest_route=%2Fwp%2Fv2%2Fmedia&parent=1665"}],"wp:term":[{"taxonomy":"pwb-brand","embeddable":true,"href":"https:\/\/thamthuanphat.vn\/index.php?rest_route=%2Fwp%2Fv2%2Fpwb-brand&post=1665"},{"taxonomy":"product_brand","embeddable":true,"href":"https:\/\/thamthuanphat.vn\/index.php?rest_route=%2Fwp%2Fv2%2Fproduct_brand&post=1665"},{"taxonomy":"product_cat","embeddable":true,"href":"https:\/\/thamthuanphat.vn\/index.php?rest_route=%2Fwp%2Fv2%2Fproduct_cat&post=1665"},{"taxonomy":"product_tag","embeddable":true,"href":"https:\/\/thamthuanphat.vn\/index.php?rest_route=%2Fwp%2Fv2%2Fproduct_tag&post=1665"}],"curies":[{"name":"wp","href":"https:\/\/api.w.org\/{rel}","templated":true}]}}