{"id":1677,"date":"2025-03-13T12:47:13","date_gmt":"2025-03-13T05:47:13","guid":{"rendered":"https:\/\/thamthuanphat.vn\/?post_type=product&#038;p=1677"},"modified":"2025-03-27T16:11:28","modified_gmt":"2025-03-27T09:11:28","slug":"tham-nhua-luoi-chong-tron","status":"publish","type":"product","link":"https:\/\/thamthuanphat.vn\/?product=tham-nhua-luoi-chong-tron","title":{"rendered":"Th\u1ea3m Nh\u1ef1a L\u01b0\u1edbi Ch\u1ed1ng Tr\u01a1n"},"content":{"rendered":"<h2>C\u00f4ng d\u1ee5ng c\u1ee7a th\u1ea3m nh\u1ef1a l\u01b0\u1edbi<\/h2>\n<p><strong>Th\u1ea3m nh\u1ef1a l\u01b0\u1edbi<\/strong>\u00a0c\u00f3 t\u00e1c d\u1ee5ng\u00a0<strong>ch\u1ed1ng tr\u01a1n tr\u01b0\u1ee3t\u00a0<\/strong>t\u1ed1t, ph\u00f9 h\u1ee3p \u0111\u1ec3 tr\u1ea3i quanh h\u1ed3 b\u01a1i, tr\u1ea3i l\u1ed1i \u0111i, s\u00e0n nh\u00e0 v\u1ec7 sinh, s\u00e0n s\u1ea3n xu\u1ea5t, khu v\u1ef1c l\u1eafp r\u00e1p, khu v\u1ef1c ch\u1ebf bi\u1ebfn t\u1ea1i c\u00e1c nh\u00e0 m\u00e1y, kho x\u01b0\u1edfng, nh\u00e0 h\u00e0ng, kh\u00e1ch s\u1ea1n\u2026 t\u1ea1o \u0111\u1ed9 an to\u00e0n khi b\u01b0\u1edbc ch\u00e2n l\u00ean nh\u1eefng khu v\u1ef1c \u0111\u1ecdng n\u01b0\u1edbc, d\u1ec5 v\u1ea5p ng\u00e3 \u0111\u1ed3ng th\u1eddi gi\u1eef v\u1ec7 sinh cho khu v\u1ef1c \u0111\u01b0\u1ee3c tr\u1ea3i th\u1ea3m.<\/p>\n<p>Ngo\u00e0i ra c\u00f3 th\u1ec3 s\u1eed d\u1ee5ng\u00a0<strong>th\u1ea3m nh\u1ef1a l\u01b0\u1edbi<\/strong>\u00a0\u0111\u1ec3 tr\u1ea3i \u1edf khu v\u1ef1c \u0111\u1ec3 xe m\u00e1y, gi\u00fap tr\u00e1nh tr\u1ea7y x\u01b0\u1edbc cho c\u00e1c n\u1ec1n g\u1ea1ch.<\/p>\n<p><img loading=\"lazy\" decoding=\"async\" class=\"alignnone size-medium wp-image-1692\" src=\"https:\/\/thamthuanphat.vn\/wp-content\/uploads\/2025\/03\/TONG-HOP-MAU-300x196.jpg\" alt=\"\" width=\"300\" height=\"196\" srcset=\"https:\/\/thamthuanphat.vn\/wp-content\/uploads\/2025\/03\/TONG-HOP-MAU-300x196.jpg 300w, https:\/\/thamthuanphat.vn\/wp-content\/uploads\/2025\/03\/TONG-HOP-MAU-600x392.jpg 600w, https:\/\/thamthuanphat.vn\/wp-content\/uploads\/2025\/03\/TONG-HOP-MAU.jpg 760w\" sizes=\"auto, (max-width: 300px) 100vw, 300px\" \/><\/p>\n<h2>Th\u00f4ng s\u1ed1 s\u1ea3n ph\u1ea9m<\/h2>\n<table>\n<tbody>\n<tr>\n<th scope=\"row\">D\u1ea1ng th\u1ea3m<\/th>\n<td>Th\u1ea3m nh\u1ef1a d\u1ea1ng cu\u1ed9n<\/td>\n<\/tr>\n<tr>\n<th scope=\"row\">Ch\u1ea5t li\u1ec7u<\/th>\n<td>Nh\u1ef1a\u00a0<a title=\"T\u00ecm hi\u1ec3u v\u1ec1 nh\u1ef1a PVC\" href=\"https:\/\/en.wikipedia.org\/wiki\/Polyvinyl_chloride\" target=\"_blank\" rel=\"noopener noreferrer\">PVC<\/a><\/td>\n<\/tr>\n<tr>\n<th scope=\"row\">Chi\u1ec1u r\u1ed9ng cu\u1ed9n<\/th>\n<td>0.9 m | 1.2 m<\/td>\n<\/tr>\n<tr>\n<th scope=\"row\">Chi\u1ec1u d\u00e0i cu\u1ed9n<\/th>\n<td>20 m<\/td>\n<\/tr>\n<tr>\n<th scope=\"row\">\u0110\u1ed9 d\u00e0y<\/th>\n<td>4 mm<\/td>\n<\/tr>\n<tr>\n<th scope=\"row\">M\u00e0u s\u1eafc<\/th>\n<td><strong>\u0110\u1ecf\u00a0|\u00a0x\u00e1m\u00a0|\u00a0xanh l\u00e1\u00a0|\u00a0xanh d\u01b0\u01a1ng<\/strong><\/td>\n<\/tr>\n<tr>\n<th scope=\"row\">Xu\u1ea5t x\u1ee9<\/th>\n<td>Trung Qu\u1ed1c<\/td>\n<\/tr>\n<\/tbody>\n<\/table>\n<h2>Gi\u00e1 b\u00e1n chi ti\u1ebft<\/h2>\n<table>\n<thead>\n<tr>\n<th>Kh\u1ed5 th\u1ea3m<\/th>\n<th>D\u01b0\u1edbi 10 m\u00e9t<\/th>\n<th>T\u1eeb 10 \u0111\u1ebfn d\u01b0\u1edbi 20 m\u00e9t<\/th>\n<th>Nguy\u00ean cu\u1ed9n 20 m\u00e9t<\/th>\n<\/tr>\n<\/thead>\n<tbody>\n<tr>\n<th>Kh\u1ed5 0.9m x 20m<\/th>\n<td>115,000 \u0111\/m\u00e9t<\/td>\n<td>105,000 \u0111\/m\u00e9t<\/td>\n<td>90,000 \u0111\/m\u00e9t<\/td>\n<\/tr>\n<tr>\n<th>Kh\u1ed5 1.2m x 20m<\/th>\n<td>140,000 \u0111\/m\u00e9t<\/td>\n<td>130,000 \u0111\/m\u00e9t<\/td>\n<td>115,000 \u0111\/m\u00e9t<\/td>\n<\/tr>\n<\/tbody>\n<\/table>\n<div class=\"kritzPrice\">\u0110\u1ed1i v\u1edbi \u0111\u01a1n h\u00e0ng c\u00f3 thi c\u00f4ng l\u1eafp \u0111\u1eb7t ho\u1eb7c gia c\u00f4ng, kh\u00e1ch h\u00e0ng \u0111\u1eb7t c\u1ecdc 50% khi \u0111\u1eb7t h\u00e0ng v\u00e0 thanh to\u00e1n ph\u1ea7n c\u00f2n l\u1ea1i khi nh\u1eadn h\u00e0ng\/nghi\u1ec7m thu.<\/div>\n<div>\n<p>L\u01b0u \u00fd:<\/p>\n<ul>\n<li>Gi\u00e1 b\u00e1n Th\u1ea3m nh\u1ef1a L\u01b0\u1edbi \u0111\u01b0\u1ee3c t\u00ednh theo m\u00e9t t\u1edbi c\u1ee7a kh\u1ed5 th\u1ea3m.<\/li>\n<li>Gi\u00e1 tr\u00ean ch\u01b0a bao g\u1ed3m VAT. \u0110\u01a1n v\u1ecb t\u00ednh khi xu\u1ea5t h\u00f3a \u0111\u01a1n VAT l\u00e0 m\u00e9t vu\u00f4ng (m2).<\/li>\n<\/ul>\n<\/div>\n<div><strong>M\u1ecdi chi ti\u1ebft vui l\u00f2ng li\u00ean h\u1ec7 Hotline\/Zalo: 0977495969\u00a0<\/strong><\/div>\n<h2>H\u00ecnh \u1ea3nh s\u1ea3n ph\u1ea9m th\u1ea3m nh\u1ef1a l\u01b0\u1edbi<\/h2>\n<p><img loading=\"lazy\" decoding=\"async\" class=\"alignnone size-medium wp-image-1703\" src=\"https:\/\/thamthuanphat.vn\/wp-content\/uploads\/2025\/03\/z3716113951559_d2ba44dcaf4d4570261b391288835a15-225x300.jpg\" alt=\"\" width=\"225\" height=\"300\" srcset=\"https:\/\/thamthuanphat.vn\/wp-content\/uploads\/2025\/03\/z3716113951559_d2ba44dcaf4d4570261b391288835a15-225x300.jpg 225w, https:\/\/thamthuanphat.vn\/wp-content\/uploads\/2025\/03\/z3716113951559_d2ba44dcaf4d4570261b391288835a15-768x1024.jpg 768w, https:\/\/thamthuanphat.vn\/wp-content\/uploads\/2025\/03\/z3716113951559_d2ba44dcaf4d4570261b391288835a15-1152x1536.jpg 1152w, https:\/\/thamthuanphat.vn\/wp-content\/uploads\/2025\/03\/z3716113951559_d2ba44dcaf4d4570261b391288835a15-1536x2048.jpg 1536w, https:\/\/thamthuanphat.vn\/wp-content\/uploads\/2025\/03\/z3716113951559_d2ba44dcaf4d4570261b391288835a15-600x800.jpg 600w, https:\/\/thamthuanphat.vn\/wp-content\/uploads\/2025\/03\/z3716113951559_d2ba44dcaf4d4570261b391288835a15.jpg 1920w\" sizes=\"auto, (max-width: 225px) 100vw, 225px\" \/><\/p>\n<p><img loading=\"lazy\" decoding=\"async\" class=\"alignnone size-medium wp-image-1702\" src=\"https:\/\/thamthuanphat.vn\/wp-content\/uploads\/2025\/03\/z3716113941399_b64f5aecdd3ec080d45765b6a4c48445-225x300.jpg\" alt=\"\" width=\"225\" height=\"300\" srcset=\"https:\/\/thamthuanphat.vn\/wp-content\/uploads\/2025\/03\/z3716113941399_b64f5aecdd3ec080d45765b6a4c48445-225x300.jpg 225w, https:\/\/thamthuanphat.vn\/wp-content\/uploads\/2025\/03\/z3716113941399_b64f5aecdd3ec080d45765b6a4c48445-768x1024.jpg 768w, https:\/\/thamthuanphat.vn\/wp-content\/uploads\/2025\/03\/z3716113941399_b64f5aecdd3ec080d45765b6a4c48445-1152x1536.jpg 1152w, https:\/\/thamthuanphat.vn\/wp-content\/uploads\/2025\/03\/z3716113941399_b64f5aecdd3ec080d45765b6a4c48445-1536x2048.jpg 1536w, https:\/\/thamthuanphat.vn\/wp-content\/uploads\/2025\/03\/z3716113941399_b64f5aecdd3ec080d45765b6a4c48445-600x800.jpg 600w, https:\/\/thamthuanphat.vn\/wp-content\/uploads\/2025\/03\/z3716113941399_b64f5aecdd3ec080d45765b6a4c48445.jpg 1920w\" sizes=\"auto, (max-width: 225px) 100vw, 225px\" \/><\/p>\n<p><img loading=\"lazy\" decoding=\"async\" class=\"alignnone size-medium wp-image-1701\" src=\"https:\/\/thamthuanphat.vn\/wp-content\/uploads\/2025\/03\/z3716113929612_dfa9aaa4fd1095398c0b9bb79ca581f6-225x300.jpg\" alt=\"\" width=\"225\" height=\"300\" srcset=\"https:\/\/thamthuanphat.vn\/wp-content\/uploads\/2025\/03\/z3716113929612_dfa9aaa4fd1095398c0b9bb79ca581f6-225x300.jpg 225w, https:\/\/thamthuanphat.vn\/wp-content\/uploads\/2025\/03\/z3716113929612_dfa9aaa4fd1095398c0b9bb79ca581f6-768x1024.jpg 768w, https:\/\/thamthuanphat.vn\/wp-content\/uploads\/2025\/03\/z3716113929612_dfa9aaa4fd1095398c0b9bb79ca581f6-1152x1536.jpg 1152w, https:\/\/thamthuanphat.vn\/wp-content\/uploads\/2025\/03\/z3716113929612_dfa9aaa4fd1095398c0b9bb79ca581f6-1536x2048.jpg 1536w, https:\/\/thamthuanphat.vn\/wp-content\/uploads\/2025\/03\/z3716113929612_dfa9aaa4fd1095398c0b9bb79ca581f6-600x800.jpg 600w, https:\/\/thamthuanphat.vn\/wp-content\/uploads\/2025\/03\/z3716113929612_dfa9aaa4fd1095398c0b9bb79ca581f6.jpg 1920w\" sizes=\"auto, (max-width: 225px) 100vw, 225px\" \/><\/p>\n<p><img loading=\"lazy\" decoding=\"async\" class=\"alignnone size-medium wp-image-1698\" src=\"https:\/\/thamthuanphat.vn\/wp-content\/uploads\/2025\/03\/z3635354548365_e2bdd161a71b22083b4d409aea8039a2-225x300.jpg\" alt=\"\" width=\"225\" height=\"300\" srcset=\"https:\/\/thamthuanphat.vn\/wp-content\/uploads\/2025\/03\/z3635354548365_e2bdd161a71b22083b4d409aea8039a2-225x300.jpg 225w, https:\/\/thamthuanphat.vn\/wp-content\/uploads\/2025\/03\/z3635354548365_e2bdd161a71b22083b4d409aea8039a2-767x1024.jpg 767w, https:\/\/thamthuanphat.vn\/wp-content\/uploads\/2025\/03\/z3635354548365_e2bdd161a71b22083b4d409aea8039a2-768x1025.jpg 768w, https:\/\/thamthuanphat.vn\/wp-content\/uploads\/2025\/03\/z3635354548365_e2bdd161a71b22083b4d409aea8039a2-600x801.jpg 600w, https:\/\/thamthuanphat.vn\/wp-content\/uploads\/2025\/03\/z3635354548365_e2bdd161a71b22083b4d409aea8039a2.jpg 956w\" sizes=\"auto, (max-width: 225px) 100vw, 225px\" \/><\/p>\n<p><img loading=\"lazy\" decoding=\"async\" class=\"alignnone size-medium wp-image-1697\" src=\"https:\/\/thamthuanphat.vn\/wp-content\/uploads\/2025\/03\/z3635354548353_c3ee584e77ab17be373a4342e0bf9aa3-225x300.jpg\" alt=\"\" width=\"225\" height=\"300\" srcset=\"https:\/\/thamthuanphat.vn\/wp-content\/uploads\/2025\/03\/z3635354548353_c3ee584e77ab17be373a4342e0bf9aa3-225x300.jpg 225w, https:\/\/thamthuanphat.vn\/wp-content\/uploads\/2025\/03\/z3635354548353_c3ee584e77ab17be373a4342e0bf9aa3-767x1024.jpg 767w, https:\/\/thamthuanphat.vn\/wp-content\/uploads\/2025\/03\/z3635354548353_c3ee584e77ab17be373a4342e0bf9aa3-768x1025.jpg 768w, https:\/\/thamthuanphat.vn\/wp-content\/uploads\/2025\/03\/z3635354548353_c3ee584e77ab17be373a4342e0bf9aa3-600x801.jpg 600w, https:\/\/thamthuanphat.vn\/wp-content\/uploads\/2025\/03\/z3635354548353_c3ee584e77ab17be373a4342e0bf9aa3.jpg 956w\" sizes=\"auto, (max-width: 225px) 100vw, 225px\" \/><\/p>\n<p><img loading=\"lazy\" decoding=\"async\" class=\"alignnone size-medium wp-image-1696\" src=\"https:\/\/thamthuanphat.vn\/wp-content\/uploads\/2025\/03\/z3635354541472_2b00dc4844b4f66454493187543a8b1c-225x300.jpg\" alt=\"\" width=\"225\" height=\"300\" srcset=\"https:\/\/thamthuanphat.vn\/wp-content\/uploads\/2025\/03\/z3635354541472_2b00dc4844b4f66454493187543a8b1c-225x300.jpg 225w, https:\/\/thamthuanphat.vn\/wp-content\/uploads\/2025\/03\/z3635354541472_2b00dc4844b4f66454493187543a8b1c-767x1024.jpg 767w, https:\/\/thamthuanphat.vn\/wp-content\/uploads\/2025\/03\/z3635354541472_2b00dc4844b4f66454493187543a8b1c-768x1025.jpg 768w, https:\/\/thamthuanphat.vn\/wp-content\/uploads\/2025\/03\/z3635354541472_2b00dc4844b4f66454493187543a8b1c-600x801.jpg 600w, https:\/\/thamthuanphat.vn\/wp-content\/uploads\/2025\/03\/z3635354541472_2b00dc4844b4f66454493187543a8b1c.jpg 956w\" sizes=\"auto, (max-width: 225px) 100vw, 225px\" \/><\/p>\n<p><img loading=\"lazy\" decoding=\"async\" class=\"alignnone size-medium wp-image-1695\" src=\"https:\/\/thamthuanphat.vn\/wp-content\/uploads\/2025\/03\/Untitled-1-300x271.jpg\" alt=\"\" width=\"300\" height=\"271\" srcset=\"https:\/\/thamthuanphat.vn\/wp-content\/uploads\/2025\/03\/Untitled-1-300x271.jpg 300w, https:\/\/thamthuanphat.vn\/wp-content\/uploads\/2025\/03\/Untitled-1-600x541.jpg 600w, https:\/\/thamthuanphat.vn\/wp-content\/uploads\/2025\/03\/Untitled-1.jpg 631w\" sizes=\"auto, (max-width: 300px) 100vw, 300px\" \/><\/p>\n<p><img loading=\"lazy\" decoding=\"async\" class=\"alignnone size-medium wp-image-1694\" src=\"https:\/\/thamthuanphat.vn\/wp-content\/uploads\/2025\/03\/tham-nhua-trai-san-can-tho-300x225.png\" alt=\"\" width=\"300\" height=\"225\" srcset=\"https:\/\/thamthuanphat.vn\/wp-content\/uploads\/2025\/03\/tham-nhua-trai-san-can-tho-300x225.png 300w, https:\/\/thamthuanphat.vn\/wp-content\/uploads\/2025\/03\/tham-nhua-trai-san-can-tho-768x576.png 768w, https:\/\/thamthuanphat.vn\/wp-content\/uploads\/2025\/03\/tham-nhua-trai-san-can-tho-600x450.png 600w, https:\/\/thamthuanphat.vn\/wp-content\/uploads\/2025\/03\/tham-nhua-trai-san-can-tho.png 800w\" sizes=\"auto, (max-width: 300px) 100vw, 300px\" \/><\/p>\n<p><img loading=\"lazy\" decoding=\"async\" class=\"alignnone size-medium wp-image-1693\" src=\"https:\/\/thamthuanphat.vn\/wp-content\/uploads\/2025\/03\/TONG-MAU-LUOI-THUONG-300x155.jpg\" alt=\"\" width=\"300\" height=\"155\" srcset=\"https:\/\/thamthuanphat.vn\/wp-content\/uploads\/2025\/03\/TONG-MAU-LUOI-THUONG-300x155.jpg 300w, https:\/\/thamthuanphat.vn\/wp-content\/uploads\/2025\/03\/TONG-MAU-LUOI-THUONG.jpg 509w\" sizes=\"auto, (max-width: 300px) 100vw, 300px\" \/><\/p>\n<p><img loading=\"lazy\" decoding=\"async\" class=\"alignnone size-medium wp-image-1692\" src=\"https:\/\/thamthuanphat.vn\/wp-content\/uploads\/2025\/03\/TONG-HOP-MAU-300x196.jpg\" alt=\"\" width=\"300\" height=\"196\" srcset=\"https:\/\/thamthuanphat.vn\/wp-content\/uploads\/2025\/03\/TONG-HOP-MAU-300x196.jpg 300w, https:\/\/thamthuanphat.vn\/wp-content\/uploads\/2025\/03\/TONG-HOP-MAU-600x392.jpg 600w, https:\/\/thamthuanphat.vn\/wp-content\/uploads\/2025\/03\/TONG-HOP-MAU.jpg 760w\" sizes=\"auto, (max-width: 300px) 100vw, 300px\" \/><\/p>\n<p><img loading=\"lazy\" decoding=\"async\" class=\"alignnone size-medium wp-image-1691\" src=\"https:\/\/thamthuanphat.vn\/wp-content\/uploads\/2025\/03\/O1CN011iKxA32whFcMM7S_1934964395-1-274x300.jpg\" alt=\"\" width=\"274\" height=\"300\" srcset=\"https:\/\/thamthuanphat.vn\/wp-content\/uploads\/2025\/03\/O1CN011iKxA32whFcMM7S_1934964395-1-274x300.jpg 274w, https:\/\/thamthuanphat.vn\/wp-content\/uploads\/2025\/03\/O1CN011iKxA32whFcMM7S_1934964395-1-600x658.jpg 600w, https:\/\/thamthuanphat.vn\/wp-content\/uploads\/2025\/03\/O1CN011iKxA32whFcMM7S_1934964395-1.jpg 760w\" sizes=\"auto, (max-width: 274px) 100vw, 274px\" \/><\/p>\n<p><img loading=\"lazy\" decoding=\"async\" class=\"alignnone size-medium wp-image-1690\" src=\"https:\/\/thamthuanphat.vn\/wp-content\/uploads\/2025\/03\/O1CN011iKxA7buBjWzga1_1934964395-276x300.jpg\" alt=\"\" width=\"276\" height=\"300\" srcset=\"https:\/\/thamthuanphat.vn\/wp-content\/uploads\/2025\/03\/O1CN011iKxA7buBjWzga1_1934964395-276x300.jpg 276w, https:\/\/thamthuanphat.vn\/wp-content\/uploads\/2025\/03\/O1CN011iKxA7buBjWzga1_1934964395-600x651.jpg 600w, https:\/\/thamthuanphat.vn\/wp-content\/uploads\/2025\/03\/O1CN011iKxA7buBjWzga1_1934964395.jpg 760w\" sizes=\"auto, (max-width: 276px) 100vw, 276px\" \/><\/p>\n<p><img loading=\"lazy\" decoding=\"async\" class=\"alignnone size-medium wp-image-1689\" src=\"https:\/\/thamthuanphat.vn\/wp-content\/uploads\/2025\/03\/de-ve-sinh-300x300.webp\" alt=\"\" width=\"300\" height=\"300\" srcset=\"https:\/\/thamthuanphat.vn\/wp-content\/uploads\/2025\/03\/de-ve-sinh-300x300.webp 300w, https:\/\/thamthuanphat.vn\/wp-content\/uploads\/2025\/03\/de-ve-sinh-1021x1024.webp 1021w, https:\/\/thamthuanphat.vn\/wp-content\/uploads\/2025\/03\/de-ve-sinh-150x150.webp 150w, https:\/\/thamthuanphat.vn\/wp-content\/uploads\/2025\/03\/de-ve-sinh-768x770.webp 768w, https:\/\/thamthuanphat.vn\/wp-content\/uploads\/2025\/03\/de-ve-sinh-600x602.webp 600w, https:\/\/thamthuanphat.vn\/wp-content\/uploads\/2025\/03\/de-ve-sinh-100x100.webp 100w, https:\/\/thamthuanphat.vn\/wp-content\/uploads\/2025\/03\/de-ve-sinh.webp 1197w\" sizes=\"auto, (max-width: 300px) 100vw, 300px\" \/><\/p>\n<p><img loading=\"lazy\" decoding=\"async\" class=\"alignnone size-medium wp-image-1688\" src=\"https:\/\/thamthuanphat.vn\/wp-content\/uploads\/2025\/03\/de-cat-theo-y-297x300.webp\" alt=\"\" width=\"297\" height=\"300\" srcset=\"https:\/\/thamthuanphat.vn\/wp-content\/uploads\/2025\/03\/de-cat-theo-y-297x300.webp 297w, https:\/\/thamthuanphat.vn\/wp-content\/uploads\/2025\/03\/de-cat-theo-y-600x607.webp 600w, https:\/\/thamthuanphat.vn\/wp-content\/uploads\/2025\/03\/de-cat-theo-y-100x100.webp 100w, https:\/\/thamthuanphat.vn\/wp-content\/uploads\/2025\/03\/de-cat-theo-y.webp 712w\" sizes=\"auto, (max-width: 297px) 100vw, 297px\" \/><\/p>\n<p><img loading=\"lazy\" decoding=\"async\" class=\"alignnone size-medium wp-image-1687\" src=\"https:\/\/thamthuanphat.vn\/wp-content\/uploads\/2025\/03\/d24a6f326ee2579a7fbbcffd18973359-300x298.jpg\" alt=\"\" width=\"300\" height=\"298\" srcset=\"https:\/\/thamthuanphat.vn\/wp-content\/uploads\/2025\/03\/d24a6f326ee2579a7fbbcffd18973359-300x298.jpg 300w, https:\/\/thamthuanphat.vn\/wp-content\/uploads\/2025\/03\/d24a6f326ee2579a7fbbcffd18973359-150x150.jpg 150w, https:\/\/thamthuanphat.vn\/wp-content\/uploads\/2025\/03\/d24a6f326ee2579a7fbbcffd18973359-768x762.jpg 768w, https:\/\/thamthuanphat.vn\/wp-content\/uploads\/2025\/03\/d24a6f326ee2579a7fbbcffd18973359-600x596.jpg 600w, https:\/\/thamthuanphat.vn\/wp-content\/uploads\/2025\/03\/d24a6f326ee2579a7fbbcffd18973359-100x100.jpg 100w, https:\/\/thamthuanphat.vn\/wp-content\/uploads\/2025\/03\/d24a6f326ee2579a7fbbcffd18973359.jpg 949w\" sizes=\"auto, (max-width: 300px) 100vw, 300px\" \/><\/p>\n<p><img loading=\"lazy\" decoding=\"async\" class=\"alignnone size-medium wp-image-1686\" src=\"https:\/\/thamthuanphat.vn\/wp-content\/uploads\/2025\/03\/catalog-276x300.jpg\" alt=\"\" width=\"276\" height=\"300\" srcset=\"https:\/\/thamthuanphat.vn\/wp-content\/uploads\/2025\/03\/catalog-276x300.jpg 276w, https:\/\/thamthuanphat.vn\/wp-content\/uploads\/2025\/03\/catalog-600x651.jpg 600w, https:\/\/thamthuanphat.vn\/wp-content\/uploads\/2025\/03\/catalog.jpg 760w\" sizes=\"auto, (max-width: 276px) 100vw, 276px\" \/><\/p>\n<p><img loading=\"lazy\" decoding=\"async\" class=\"alignnone size-medium wp-image-1685\" src=\"https:\/\/thamthuanphat.vn\/wp-content\/uploads\/2025\/03\/a-300x235.jpg\" alt=\"\" width=\"300\" height=\"235\" srcset=\"https:\/\/thamthuanphat.vn\/wp-content\/uploads\/2025\/03\/a-300x235.jpg 300w, https:\/\/thamthuanphat.vn\/wp-content\/uploads\/2025\/03\/a-1024x802.jpg 1024w, https:\/\/thamthuanphat.vn\/wp-content\/uploads\/2025\/03\/a-768x602.jpg 768w, https:\/\/thamthuanphat.vn\/wp-content\/uploads\/2025\/03\/a-1536x1204.jpg 1536w, https:\/\/thamthuanphat.vn\/wp-content\/uploads\/2025\/03\/a-2048x1605.jpg 2048w, https:\/\/thamthuanphat.vn\/wp-content\/uploads\/2025\/03\/a-600x470.jpg 600w\" sizes=\"auto, (max-width: 300px) 100vw, 300px\" \/><\/p>\n<p><img loading=\"lazy\" decoding=\"async\" class=\"alignnone size-medium wp-image-1684\" src=\"https:\/\/thamthuanphat.vn\/wp-content\/uploads\/2025\/03\/a-2-300x300.jpg\" alt=\"\" width=\"300\" height=\"300\" srcset=\"https:\/\/thamthuanphat.vn\/wp-content\/uploads\/2025\/03\/a-2-300x300.jpg 300w, https:\/\/thamthuanphat.vn\/wp-content\/uploads\/2025\/03\/a-2-1024x1024.jpg 1024w, https:\/\/thamthuanphat.vn\/wp-content\/uploads\/2025\/03\/a-2-150x150.jpg 150w, https:\/\/thamthuanphat.vn\/wp-content\/uploads\/2025\/03\/a-2-768x768.jpg 768w, https:\/\/thamthuanphat.vn\/wp-content\/uploads\/2025\/03\/a-2-1536x1536.jpg 1536w, https:\/\/thamthuanphat.vn\/wp-content\/uploads\/2025\/03\/a-2-600x600.jpg 600w, https:\/\/thamthuanphat.vn\/wp-content\/uploads\/2025\/03\/a-2-100x100.jpg 100w, https:\/\/thamthuanphat.vn\/wp-content\/uploads\/2025\/03\/a-2.jpg 2000w\" sizes=\"auto, (max-width: 300px) 100vw, 300px\" \/><\/p>\n<p><img loading=\"lazy\" decoding=\"async\" class=\"alignnone size-medium wp-image-1683\" src=\"https:\/\/thamthuanphat.vn\/wp-content\/uploads\/2025\/03\/20601483de93d66867b8a1271b21834f-300x300.jpg\" alt=\"\" width=\"300\" height=\"300\" srcset=\"https:\/\/thamthuanphat.vn\/wp-content\/uploads\/2025\/03\/20601483de93d66867b8a1271b21834f-300x300.jpg 300w, https:\/\/thamthuanphat.vn\/wp-content\/uploads\/2025\/03\/20601483de93d66867b8a1271b21834f-1024x1024.jpg 1024w, https:\/\/thamthuanphat.vn\/wp-content\/uploads\/2025\/03\/20601483de93d66867b8a1271b21834f-150x150.jpg 150w, https:\/\/thamthuanphat.vn\/wp-content\/uploads\/2025\/03\/20601483de93d66867b8a1271b21834f-768x768.jpg 768w, https:\/\/thamthuanphat.vn\/wp-content\/uploads\/2025\/03\/20601483de93d66867b8a1271b21834f-600x600.jpg 600w, https:\/\/thamthuanphat.vn\/wp-content\/uploads\/2025\/03\/20601483de93d66867b8a1271b21834f-100x100.jpg 100w, https:\/\/thamthuanphat.vn\/wp-content\/uploads\/2025\/03\/20601483de93d66867b8a1271b21834f.jpg 1200w\" sizes=\"auto, (max-width: 300px) 100vw, 300px\" \/><\/p>\n<p><img loading=\"lazy\" decoding=\"async\" class=\"size-medium wp-image-1682\" src=\"https:\/\/thamthuanphat.vn\/wp-content\/uploads\/2025\/03\/734dddd5543eb6bc58834dd644115489-300x282.jpg\" alt=\"\" width=\"300\" height=\"282\" srcset=\"https:\/\/thamthuanphat.vn\/wp-content\/uploads\/2025\/03\/734dddd5543eb6bc58834dd644115489-300x282.jpg 300w, https:\/\/thamthuanphat.vn\/wp-content\/uploads\/2025\/03\/734dddd5543eb6bc58834dd644115489-600x563.jpg 600w, https:\/\/thamthuanphat.vn\/wp-content\/uploads\/2025\/03\/734dddd5543eb6bc58834dd644115489.jpg 736w\" sizes=\"auto, (max-width: 300px) 100vw, 300px\" \/><\/p>\n<p><img loading=\"lazy\" decoding=\"async\" class=\"size-medium wp-image-1681\" src=\"https:\/\/thamthuanphat.vn\/wp-content\/uploads\/2025\/03\/43e1ad312c659d8c107974c81dc84a1d-300x290.jpg\" alt=\"\" width=\"300\" height=\"290\" srcset=\"https:\/\/thamthuanphat.vn\/wp-content\/uploads\/2025\/03\/43e1ad312c659d8c107974c81dc84a1d-300x290.jpg 300w, https:\/\/thamthuanphat.vn\/wp-content\/uploads\/2025\/03\/43e1ad312c659d8c107974c81dc84a1d-1024x989.jpg 1024w, https:\/\/thamthuanphat.vn\/wp-content\/uploads\/2025\/03\/43e1ad312c659d8c107974c81dc84a1d-768x742.jpg 768w, https:\/\/thamthuanphat.vn\/wp-content\/uploads\/2025\/03\/43e1ad312c659d8c107974c81dc84a1d-600x580.jpg 600w, https:\/\/thamthuanphat.vn\/wp-content\/uploads\/2025\/03\/43e1ad312c659d8c107974c81dc84a1d.jpg 1200w\" sizes=\"auto, (max-width: 300px) 100vw, 300px\" \/><\/p>\n<p><img loading=\"lazy\" decoding=\"async\" class=\"alignnone size-medium wp-image-1680\" src=\"https:\/\/thamthuanphat.vn\/wp-content\/uploads\/2025\/03\/33aef609df3934ea58ba1176d2fb2b3c-300x264.jpg\" alt=\"\" width=\"300\" height=\"264\" srcset=\"https:\/\/thamthuanphat.vn\/wp-content\/uploads\/2025\/03\/33aef609df3934ea58ba1176d2fb2b3c-300x264.jpg 300w, https:\/\/thamthuanphat.vn\/wp-content\/uploads\/2025\/03\/33aef609df3934ea58ba1176d2fb2b3c-600x527.jpg 600w, https:\/\/thamthuanphat.vn\/wp-content\/uploads\/2025\/03\/33aef609df3934ea58ba1176d2fb2b3c.jpg 735w\" sizes=\"auto, (max-width: 300px) 100vw, 300px\" \/><\/p>\n<p><img loading=\"lazy\" decoding=\"async\" class=\"alignnone size-medium wp-image-1679\" src=\"https:\/\/thamthuanphat.vn\/wp-content\/uploads\/2025\/03\/7c93acd4733c65b64d18d64ca9e182c9-300x300.jpg\" alt=\"\" width=\"300\" height=\"300\" srcset=\"https:\/\/thamthuanphat.vn\/wp-content\/uploads\/2025\/03\/7c93acd4733c65b64d18d64ca9e182c9-300x300.jpg 300w, https:\/\/thamthuanphat.vn\/wp-content\/uploads\/2025\/03\/7c93acd4733c65b64d18d64ca9e182c9-1024x1024.jpg 1024w, https:\/\/thamthuanphat.vn\/wp-content\/uploads\/2025\/03\/7c93acd4733c65b64d18d64ca9e182c9-150x150.jpg 150w, https:\/\/thamthuanphat.vn\/wp-content\/uploads\/2025\/03\/7c93acd4733c65b64d18d64ca9e182c9-768x768.jpg 768w, https:\/\/thamthuanphat.vn\/wp-content\/uploads\/2025\/03\/7c93acd4733c65b64d18d64ca9e182c9-600x600.jpg 600w, https:\/\/thamthuanphat.vn\/wp-content\/uploads\/2025\/03\/7c93acd4733c65b64d18d64ca9e182c9-100x100.jpg 100w, https:\/\/thamthuanphat.vn\/wp-content\/uploads\/2025\/03\/7c93acd4733c65b64d18d64ca9e182c9.jpg 1200w\" sizes=\"auto, (max-width: 300px) 100vw, 300px\" \/><\/p>\n<p><img loading=\"lazy\" decoding=\"async\" class=\"alignnone size-medium wp-image-1678\" src=\"https:\/\/thamthuanphat.vn\/wp-content\/uploads\/2025\/03\/2b9db49021765c46f54ef7fff1ae35ad-300x300.jpg\" alt=\"\" width=\"300\" height=\"300\" srcset=\"https:\/\/thamthuanphat.vn\/wp-content\/uploads\/2025\/03\/2b9db49021765c46f54ef7fff1ae35ad-300x300.jpg 300w, https:\/\/thamthuanphat.vn\/wp-content\/uploads\/2025\/03\/2b9db49021765c46f54ef7fff1ae35ad-1024x1024.jpg 1024w, https:\/\/thamthuanphat.vn\/wp-content\/uploads\/2025\/03\/2b9db49021765c46f54ef7fff1ae35ad-150x150.jpg 150w, https:\/\/thamthuanphat.vn\/wp-content\/uploads\/2025\/03\/2b9db49021765c46f54ef7fff1ae35ad-768x768.jpg 768w, https:\/\/thamthuanphat.vn\/wp-content\/uploads\/2025\/03\/2b9db49021765c46f54ef7fff1ae35ad-600x600.jpg 600w, https:\/\/thamthuanphat.vn\/wp-content\/uploads\/2025\/03\/2b9db49021765c46f54ef7fff1ae35ad-100x100.jpg 100w, https:\/\/thamthuanphat.vn\/wp-content\/uploads\/2025\/03\/2b9db49021765c46f54ef7fff1ae35ad.jpg 1200w\" sizes=\"auto, (max-width: 300px) 100vw, 300px\" \/><\/p>\n<p>&nbsp;<\/p>\n<p>&nbsp;<\/p>\n","protected":false},"excerpt":{"rendered":"<p>C\u00f4ng d\u1ee5ng c\u1ee7a th\u1ea3m nh\u1ef1a l\u01b0\u1edbi Th\u1ea3m nh\u1ef1a l\u01b0\u1edbi\u00a0c\u00f3 t\u00e1c d\u1ee5ng\u00a0ch\u1ed1ng tr\u01a1n tr\u01b0\u1ee3t\u00a0t\u1ed1t, ph\u00f9 h\u1ee3p \u0111\u1ec3 tr\u1ea3i quanh h\u1ed3 b\u01a1i, tr\u1ea3i l\u1ed1i \u0111i, s\u00e0n nh\u00e0 v\u1ec7 sinh, s\u00e0n s\u1ea3n xu\u1ea5t, khu v\u1ef1c l\u1eafp r\u00e1p, khu v\u1ef1c ch\u1ebf bi\u1ebfn t\u1ea1i c\u00e1c nh\u00e0 m\u00e1y, kho x\u01b0\u1edfng, nh\u00e0 h\u00e0ng, kh\u00e1ch s\u1ea1n\u2026 t\u1ea1o \u0111\u1ed9 an to\u00e0n khi b\u01b0\u1edbc ch\u00e2n&#8230;<\/p>\n","protected":false},"featured_media":1687,"comment_status":"open","ping_status":"closed","template":"","meta":{"inline_featured_image":false},"pwb-brand":[],"product_brand":[],"product_cat":[97,87],"product_tag":[],"class_list":{"0":"post-1677","1":"product","2":"type-product","3":"status-publish","4":"has-post-thumbnail","6":"product_cat-tham-nhua","7":"product_cat-san-pham","9":"first","10":"instock","11":"shipping-taxable","12":"purchasable","13":"product-type-simple"},"acf":[],"brands":[],"_links":{"self":[{"href":"https:\/\/thamthuanphat.vn\/index.php?rest_route=\/wp\/v2\/product\/1677","targetHints":{"allow":["GET"]}}],"collection":[{"href":"https:\/\/thamthuanphat.vn\/index.php?rest_route=\/wp\/v2\/product"}],"about":[{"href":"https:\/\/thamthuanphat.vn\/index.php?rest_route=\/wp\/v2\/types\/product"}],"replies":[{"embeddable":true,"href":"https:\/\/thamthuanphat.vn\/index.php?rest_route=%2Fwp%2Fv2%2Fcomments&post=1677"}],"wp:featuredmedia":[{"embeddable":true,"href":"https:\/\/thamthuanphat.vn\/index.php?rest_route=\/wp\/v2\/media\/1687"}],"wp:attachment":[{"href":"https:\/\/thamthuanphat.vn\/index.php?rest_route=%2Fwp%2Fv2%2Fmedia&parent=1677"}],"wp:term":[{"taxonomy":"pwb-brand","embeddable":true,"href":"https:\/\/thamthuanphat.vn\/index.php?rest_route=%2Fwp%2Fv2%2Fpwb-brand&post=1677"},{"taxonomy":"product_brand","embeddable":true,"href":"https:\/\/thamthuanphat.vn\/index.php?rest_route=%2Fwp%2Fv2%2Fproduct_brand&post=1677"},{"taxonomy":"product_cat","embeddable":true,"href":"https:\/\/thamthuanphat.vn\/index.php?rest_route=%2Fwp%2Fv2%2Fproduct_cat&post=1677"},{"taxonomy":"product_tag","embeddable":true,"href":"https:\/\/thamthuanphat.vn\/index.php?rest_route=%2Fwp%2Fv2%2Fproduct_tag&post=1677"}],"curies":[{"name":"wp","href":"https:\/\/api.w.org\/{rel}","templated":true}]}}