{"id":1704,"date":"2025-03-13T19:45:15","date_gmt":"2025-03-13T12:45:15","guid":{"rendered":"https:\/\/thamthuanphat.vn\/?post_type=product&#038;p=1704"},"modified":"2025-03-13T19:47:54","modified_gmt":"2025-03-13T12:47:54","slug":"tham-nhua-caro-dinh-soc","status":"publish","type":"product","link":"https:\/\/thamthuanphat.vn\/?product=tham-nhua-caro-dinh-soc","title":{"rendered":"Th\u1ea3m Nh\u1ef1a Caro \u0110inh S\u1ecdc"},"content":{"rendered":"<h2>C\u00f4ng d\u1ee5ng c\u1ee7a th\u1ea3m nh\u1ef1a caro \u0111inh s\u1ecdc<\/h2>\n<p><strong>Th\u1ea3m nh\u1ef1a caro \u0111inh s\u1ecdc<\/strong>\u00a0c\u00f3 t\u00e1c d\u1ee5ng\u00a0<strong>ch\u1ed1ng tr\u01a1n tr\u01b0\u1ee3t\u00a0<\/strong>t\u1ed1t, ph\u00f9 h\u1ee3p \u0111\u1ec3 tr\u1ea3i quanh h\u1ed3 b\u01a1i, tr\u1ea3i l\u1ed1i \u0111i, s\u00e0n nh\u00e0 v\u1ec7 sinh, s\u00e0n s\u1ea3n xu\u1ea5t, khu v\u1ef1c l\u1eafp r\u00e1p, khu v\u1ef1c ch\u1ebf bi\u1ebfn t\u1ea1i c\u00e1c nh\u00e0 m\u00e1y, kho x\u01b0\u1edfng, nh\u00e0 h\u00e0ng, kh\u00e1ch s\u1ea1n, v.v. t\u1ea1o \u0111\u1ed9 an to\u00e0n khi b\u01b0\u1edbc ch\u00e2n l\u00ean nh\u1eefng khu v\u1ef1c \u0111\u1ecdng n\u01b0\u1edbc, d\u1ec5 v\u1ea5p ng\u00e3 \u0111\u1ed3ng th\u1eddi gi\u1eef v\u1ec7 sinh cho khu v\u1ef1c \u0111\u01b0\u1ee3c tr\u1ea3i th\u1ea3m.<\/p>\n<p>Ngo\u00e0i ra s\u1ea3n ph\u1ea9m c\u00f2n c\u00f3 th\u1ec3 s\u1ef1 d\u1ee5ng\u00a0\u0111\u1ec3 tr\u1ea3i \u1edf khu v\u1ef1c \u0111\u1ec3 xe m\u00e1y, gi\u00fap tr\u00e1nh tr\u1ea7y x\u01b0\u1edbc cho c\u00e1c n\u1ec1n g\u1ea1ch.<\/p>\n<h2>Th\u00f4ng s\u1ed1 s\u1ea3n ph\u1ea9m<\/h2>\n<table>\n<tbody>\n<tr>\n<th scope=\"row\">D\u1ea1ng th\u1ea3m<\/th>\n<td><strong>Th\u1ea3m nh\u1ef1a ch\u1ed1ng tr\u01a1n<\/strong><\/td>\n<\/tr>\n<tr>\n<th scope=\"row\">Ch\u1ea5t li\u1ec7u<\/th>\n<td>Nh\u1ef1a\u00a0<a title=\"T\u00ecm hi\u1ec3u v\u1ec1 nh\u1ef1a PVC\" href=\"https:\/\/en.wikipedia.org\/wiki\/Polyvinyl_chloride\" target=\"_blank\" rel=\"noopener noreferrer\">PVC<\/a><\/td>\n<\/tr>\n<tr>\n<th scope=\"row\">Chi\u1ec1u r\u1ed9ng cu\u1ed9n<\/th>\n<td>0.9 m | 1.2 m<\/td>\n<\/tr>\n<tr>\n<th scope=\"row\">Chi\u1ec1u d\u00e0i cu\u1ed9n<\/th>\n<td>20 m<\/td>\n<\/tr>\n<tr>\n<th scope=\"row\">\u0110\u1ed9 d\u00e0y<\/th>\n<td>\u2248 2 mm<\/td>\n<\/tr>\n<tr>\n<th scope=\"row\">M\u00e0u s\u1eafc<\/th>\n<td><strong>\u0110\u1ecf\u00a0|\u00a0x\u00e1m\u00a0|\u00a0xanh l\u00e1\u00a0|\u00a0xanh d\u01b0\u01a1ng<\/strong><\/td>\n<\/tr>\n<tr>\n<th scope=\"row\">Xu\u1ea5t x\u1ee9<\/th>\n<td>Vi\u1ec7t Nam<\/td>\n<\/tr>\n<\/tbody>\n<\/table>\n<h2>Gi\u00e1 b\u00e1n chi ti\u1ebft<\/h2>\n<table>\n<thead>\n<tr>\n<th colspan=\"5\">B\u1ea3ng gi\u00e1 \u00e1p d\u1ee5ng cho t\u1ea5t c\u1ea3 c\u00e1c m\u00e0u c\u1ee7a th\u1ea3m nh\u1ef1a Caro \u0110inh S\u1ecdc<\/th>\n<\/tr>\n<\/thead>\n<tbody>\n<tr>\n<th><\/th>\n<th scope=\"col\">D\u01b0\u1edbi 10 m\u00e9t t\u1edbi<\/th>\n<th scope=\"col\">Tr\u00ean 10 m\u00e9t t\u1edbi<\/th>\n<\/tr>\n<tr>\n<th scope=\"row\">Kh\u1ed5 1.2 x 20 m<\/th>\n<td>125,000 \u0111\/m<\/td>\n<td>115,000 \u0111\/m<\/td>\n<\/tr>\n<\/tbody>\n<\/table>\n<div class=\"kritzPrice\">\u0110\u1ed1i v\u1edbi \u0111\u01a1n h\u00e0ng c\u00f3 thi c\u00f4ng l\u1eafp \u0111\u1eb7t ho\u1eb7c gia c\u00f4ng, kh\u00e1ch h\u00e0ng \u0111\u1eb7t c\u1ecdc 50% khi \u0111\u1eb7t h\u00e0ng v\u00e0 thanh to\u00e1n ph\u1ea7n c\u00f2n l\u1ea1i khi nh\u1eadn h\u00e0ng\/nghi\u1ec7m thu.<\/div>\n<div>\n<p>L\u01b0u \u00fd:<\/p>\n<ul>\n<li>Gi\u00e1 b\u00e1n Th\u1ea3m nh\u1ef1a Caro \u0110inh S\u1ecdc \u0111\u01b0\u1ee3c t\u00ednh theo m\u00e9t t\u1edbi c\u1ee7a kh\u1ed5 th\u1ea3m.<\/li>\n<li>Gi\u00e1 tr\u00ean ch\u01b0a bao g\u1ed3m VAT. \u0110\u01a1n v\u1ecb t\u00ednh khi xu\u1ea5t h\u00f3a \u0111\u01a1n VAT l\u00e0 m\u00e9t vu\u00f4ng (m2).<\/li>\n<\/ul>\n<\/div>\n<div><strong>M\u1ecdi chi ti\u1ebft vui l\u00f2ng li\u00ean h\u1ec7 Hotline\/Zalo: 0977495969\u00a0<\/strong><\/div>\n<h2>H\u00ecnh \u1ea3nh s\u1ea3n ph\u1ea9m th\u1ea3m nh\u1ef1a caro \u0111inh s\u1ecdc<\/h2>\n<p><img loading=\"lazy\" decoding=\"async\" class=\"alignnone size-medium wp-image-1718\" src=\"https:\/\/thamthuanphat.vn\/wp-content\/uploads\/2025\/03\/z3716116109199_e5738266683e996f708d99da581c5cc3-225x300.jpg\" alt=\"\" width=\"225\" height=\"300\" srcset=\"https:\/\/thamthuanphat.vn\/wp-content\/uploads\/2025\/03\/z3716116109199_e5738266683e996f708d99da581c5cc3-225x300.jpg 225w, https:\/\/thamthuanphat.vn\/wp-content\/uploads\/2025\/03\/z3716116109199_e5738266683e996f708d99da581c5cc3-768x1024.jpg 768w, https:\/\/thamthuanphat.vn\/wp-content\/uploads\/2025\/03\/z3716116109199_e5738266683e996f708d99da581c5cc3-1152x1536.jpg 1152w, https:\/\/thamthuanphat.vn\/wp-content\/uploads\/2025\/03\/z3716116109199_e5738266683e996f708d99da581c5cc3-1536x2048.jpg 1536w, https:\/\/thamthuanphat.vn\/wp-content\/uploads\/2025\/03\/z3716116109199_e5738266683e996f708d99da581c5cc3-600x800.jpg 600w, https:\/\/thamthuanphat.vn\/wp-content\/uploads\/2025\/03\/z3716116109199_e5738266683e996f708d99da581c5cc3.jpg 1920w\" sizes=\"auto, (max-width: 225px) 100vw, 225px\" \/><\/p>\n<p><img loading=\"lazy\" decoding=\"async\" class=\"alignnone size-medium wp-image-1717\" src=\"https:\/\/thamthuanphat.vn\/wp-content\/uploads\/2025\/03\/z3716116108023_ea599bb0d744c4f9261910bc7260da0b-225x300.jpg\" alt=\"\" width=\"225\" height=\"300\" srcset=\"https:\/\/thamthuanphat.vn\/wp-content\/uploads\/2025\/03\/z3716116108023_ea599bb0d744c4f9261910bc7260da0b-225x300.jpg 225w, https:\/\/thamthuanphat.vn\/wp-content\/uploads\/2025\/03\/z3716116108023_ea599bb0d744c4f9261910bc7260da0b-768x1024.jpg 768w, https:\/\/thamthuanphat.vn\/wp-content\/uploads\/2025\/03\/z3716116108023_ea599bb0d744c4f9261910bc7260da0b-1152x1536.jpg 1152w, https:\/\/thamthuanphat.vn\/wp-content\/uploads\/2025\/03\/z3716116108023_ea599bb0d744c4f9261910bc7260da0b-1536x2048.jpg 1536w, https:\/\/thamthuanphat.vn\/wp-content\/uploads\/2025\/03\/z3716116108023_ea599bb0d744c4f9261910bc7260da0b-600x800.jpg 600w, https:\/\/thamthuanphat.vn\/wp-content\/uploads\/2025\/03\/z3716116108023_ea599bb0d744c4f9261910bc7260da0b.jpg 1920w\" sizes=\"auto, (max-width: 225px) 100vw, 225px\" \/><\/p>\n<p><img loading=\"lazy\" decoding=\"async\" class=\"alignnone size-medium wp-image-1716\" src=\"https:\/\/thamthuanphat.vn\/wp-content\/uploads\/2025\/03\/z3716116097558_82e499c26d77569fe24b0016fbfbd2e2-225x300.jpg\" alt=\"\" width=\"225\" height=\"300\" srcset=\"https:\/\/thamthuanphat.vn\/wp-content\/uploads\/2025\/03\/z3716116097558_82e499c26d77569fe24b0016fbfbd2e2-225x300.jpg 225w, https:\/\/thamthuanphat.vn\/wp-content\/uploads\/2025\/03\/z3716116097558_82e499c26d77569fe24b0016fbfbd2e2-768x1024.jpg 768w, https:\/\/thamthuanphat.vn\/wp-content\/uploads\/2025\/03\/z3716116097558_82e499c26d77569fe24b0016fbfbd2e2-1152x1536.jpg 1152w, https:\/\/thamthuanphat.vn\/wp-content\/uploads\/2025\/03\/z3716116097558_82e499c26d77569fe24b0016fbfbd2e2-1536x2048.jpg 1536w, https:\/\/thamthuanphat.vn\/wp-content\/uploads\/2025\/03\/z3716116097558_82e499c26d77569fe24b0016fbfbd2e2-600x800.jpg 600w, https:\/\/thamthuanphat.vn\/wp-content\/uploads\/2025\/03\/z3716116097558_82e499c26d77569fe24b0016fbfbd2e2.jpg 1920w\" sizes=\"auto, (max-width: 225px) 100vw, 225px\" \/><\/p>\n<p><img loading=\"lazy\" decoding=\"async\" class=\"alignnone size-medium wp-image-1715\" src=\"https:\/\/thamthuanphat.vn\/wp-content\/uploads\/2025\/03\/z3716116075851_8b6a1e420fed8ae2e72db3bceaafcd94-300x225.jpg\" alt=\"\" width=\"300\" height=\"225\" srcset=\"https:\/\/thamthuanphat.vn\/wp-content\/uploads\/2025\/03\/z3716116075851_8b6a1e420fed8ae2e72db3bceaafcd94-300x225.jpg 300w, https:\/\/thamthuanphat.vn\/wp-content\/uploads\/2025\/03\/z3716116075851_8b6a1e420fed8ae2e72db3bceaafcd94-1024x768.jpg 1024w, https:\/\/thamthuanphat.vn\/wp-content\/uploads\/2025\/03\/z3716116075851_8b6a1e420fed8ae2e72db3bceaafcd94-768x576.jpg 768w, https:\/\/thamthuanphat.vn\/wp-content\/uploads\/2025\/03\/z3716116075851_8b6a1e420fed8ae2e72db3bceaafcd94-1536x1152.jpg 1536w, https:\/\/thamthuanphat.vn\/wp-content\/uploads\/2025\/03\/z3716116075851_8b6a1e420fed8ae2e72db3bceaafcd94-2048x1536.jpg 2048w, https:\/\/thamthuanphat.vn\/wp-content\/uploads\/2025\/03\/z3716116075851_8b6a1e420fed8ae2e72db3bceaafcd94-600x450.jpg 600w\" sizes=\"auto, (max-width: 300px) 100vw, 300px\" \/><\/p>\n<p><img loading=\"lazy\" decoding=\"async\" class=\"alignnone size-medium wp-image-1714\" src=\"https:\/\/thamthuanphat.vn\/wp-content\/uploads\/2025\/03\/z3716116072716_36de0bb44eb75f4a7ed8afa20ab5629f-225x300.jpg\" alt=\"\" width=\"225\" height=\"300\" srcset=\"https:\/\/thamthuanphat.vn\/wp-content\/uploads\/2025\/03\/z3716116072716_36de0bb44eb75f4a7ed8afa20ab5629f-225x300.jpg 225w, https:\/\/thamthuanphat.vn\/wp-content\/uploads\/2025\/03\/z3716116072716_36de0bb44eb75f4a7ed8afa20ab5629f-768x1024.jpg 768w, https:\/\/thamthuanphat.vn\/wp-content\/uploads\/2025\/03\/z3716116072716_36de0bb44eb75f4a7ed8afa20ab5629f-1152x1536.jpg 1152w, https:\/\/thamthuanphat.vn\/wp-content\/uploads\/2025\/03\/z3716116072716_36de0bb44eb75f4a7ed8afa20ab5629f-1536x2048.jpg 1536w, https:\/\/thamthuanphat.vn\/wp-content\/uploads\/2025\/03\/z3716116072716_36de0bb44eb75f4a7ed8afa20ab5629f-600x800.jpg 600w, https:\/\/thamthuanphat.vn\/wp-content\/uploads\/2025\/03\/z3716116072716_36de0bb44eb75f4a7ed8afa20ab5629f.jpg 1920w\" sizes=\"auto, (max-width: 225px) 100vw, 225px\" \/><\/p>\n<p><img loading=\"lazy\" decoding=\"async\" class=\"alignnone size-medium wp-image-1713\" src=\"https:\/\/thamthuanphat.vn\/wp-content\/uploads\/2025\/03\/z3716116072193_c6ceb43689f67663f036f12f5a4d6354-225x300.jpg\" alt=\"\" width=\"225\" height=\"300\" srcset=\"https:\/\/thamthuanphat.vn\/wp-content\/uploads\/2025\/03\/z3716116072193_c6ceb43689f67663f036f12f5a4d6354-225x300.jpg 225w, https:\/\/thamthuanphat.vn\/wp-content\/uploads\/2025\/03\/z3716116072193_c6ceb43689f67663f036f12f5a4d6354-768x1024.jpg 768w, https:\/\/thamthuanphat.vn\/wp-content\/uploads\/2025\/03\/z3716116072193_c6ceb43689f67663f036f12f5a4d6354-1152x1536.jpg 1152w, https:\/\/thamthuanphat.vn\/wp-content\/uploads\/2025\/03\/z3716116072193_c6ceb43689f67663f036f12f5a4d6354-1536x2048.jpg 1536w, https:\/\/thamthuanphat.vn\/wp-content\/uploads\/2025\/03\/z3716116072193_c6ceb43689f67663f036f12f5a4d6354-600x800.jpg 600w, https:\/\/thamthuanphat.vn\/wp-content\/uploads\/2025\/03\/z3716116072193_c6ceb43689f67663f036f12f5a4d6354.jpg 1920w\" sizes=\"auto, (max-width: 225px) 100vw, 225px\" \/><\/p>\n<p><img loading=\"lazy\" decoding=\"async\" class=\"alignnone size-medium wp-image-1712\" src=\"https:\/\/thamthuanphat.vn\/wp-content\/uploads\/2025\/03\/z3716116071795_5d65e419af891676f7ff7a8133495e4f-225x300.jpg\" alt=\"\" width=\"225\" height=\"300\" srcset=\"https:\/\/thamthuanphat.vn\/wp-content\/uploads\/2025\/03\/z3716116071795_5d65e419af891676f7ff7a8133495e4f-225x300.jpg 225w, https:\/\/thamthuanphat.vn\/wp-content\/uploads\/2025\/03\/z3716116071795_5d65e419af891676f7ff7a8133495e4f-768x1024.jpg 768w, https:\/\/thamthuanphat.vn\/wp-content\/uploads\/2025\/03\/z3716116071795_5d65e419af891676f7ff7a8133495e4f-1152x1536.jpg 1152w, https:\/\/thamthuanphat.vn\/wp-content\/uploads\/2025\/03\/z3716116071795_5d65e419af891676f7ff7a8133495e4f-1536x2048.jpg 1536w, https:\/\/thamthuanphat.vn\/wp-content\/uploads\/2025\/03\/z3716116071795_5d65e419af891676f7ff7a8133495e4f-600x800.jpg 600w, https:\/\/thamthuanphat.vn\/wp-content\/uploads\/2025\/03\/z3716116071795_5d65e419af891676f7ff7a8133495e4f.jpg 1920w\" sizes=\"auto, (max-width: 225px) 100vw, 225px\" \/><\/p>\n<p><img loading=\"lazy\" decoding=\"async\" class=\"alignnone size-medium wp-image-1711\" src=\"https:\/\/thamthuanphat.vn\/wp-content\/uploads\/2025\/03\/z3716116060596_19abbadcb54e5f95a11ca2777037e235-225x300.jpg\" alt=\"\" width=\"225\" height=\"300\" srcset=\"https:\/\/thamthuanphat.vn\/wp-content\/uploads\/2025\/03\/z3716116060596_19abbadcb54e5f95a11ca2777037e235-225x300.jpg 225w, https:\/\/thamthuanphat.vn\/wp-content\/uploads\/2025\/03\/z3716116060596_19abbadcb54e5f95a11ca2777037e235-768x1024.jpg 768w, https:\/\/thamthuanphat.vn\/wp-content\/uploads\/2025\/03\/z3716116060596_19abbadcb54e5f95a11ca2777037e235-1152x1536.jpg 1152w, https:\/\/thamthuanphat.vn\/wp-content\/uploads\/2025\/03\/z3716116060596_19abbadcb54e5f95a11ca2777037e235-1536x2048.jpg 1536w, https:\/\/thamthuanphat.vn\/wp-content\/uploads\/2025\/03\/z3716116060596_19abbadcb54e5f95a11ca2777037e235-600x800.jpg 600w, https:\/\/thamthuanphat.vn\/wp-content\/uploads\/2025\/03\/z3716116060596_19abbadcb54e5f95a11ca2777037e235.jpg 1920w\" sizes=\"auto, (max-width: 225px) 100vw, 225px\" \/><\/p>\n<p><img loading=\"lazy\" decoding=\"async\" class=\"alignnone size-medium wp-image-1710\" src=\"https:\/\/thamthuanphat.vn\/wp-content\/uploads\/2025\/03\/z1887207654488_0228e29fdd46d7c05ae6e990eed3a386-300x225.jpg\" alt=\"\" width=\"300\" height=\"225\" srcset=\"https:\/\/thamthuanphat.vn\/wp-content\/uploads\/2025\/03\/z1887207654488_0228e29fdd46d7c05ae6e990eed3a386-300x225.jpg 300w, https:\/\/thamthuanphat.vn\/wp-content\/uploads\/2025\/03\/z1887207654488_0228e29fdd46d7c05ae6e990eed3a386-1024x768.jpg 1024w, https:\/\/thamthuanphat.vn\/wp-content\/uploads\/2025\/03\/z1887207654488_0228e29fdd46d7c05ae6e990eed3a386-768x576.jpg 768w, https:\/\/thamthuanphat.vn\/wp-content\/uploads\/2025\/03\/z1887207654488_0228e29fdd46d7c05ae6e990eed3a386-1536x1152.jpg 1536w, https:\/\/thamthuanphat.vn\/wp-content\/uploads\/2025\/03\/z1887207654488_0228e29fdd46d7c05ae6e990eed3a386-2048x1536.jpg 2048w, https:\/\/thamthuanphat.vn\/wp-content\/uploads\/2025\/03\/z1887207654488_0228e29fdd46d7c05ae6e990eed3a386-600x450.jpg 600w\" sizes=\"auto, (max-width: 300px) 100vw, 300px\" \/><\/p>\n<p><img loading=\"lazy\" decoding=\"async\" class=\"alignnone size-medium wp-image-1709\" src=\"https:\/\/thamthuanphat.vn\/wp-content\/uploads\/2025\/03\/Untitled-300x202.jpg\" alt=\"\" width=\"300\" height=\"202\" srcset=\"https:\/\/thamthuanphat.vn\/wp-content\/uploads\/2025\/03\/Untitled-300x202.jpg 300w, https:\/\/thamthuanphat.vn\/wp-content\/uploads\/2025\/03\/Untitled-768x518.jpg 768w, https:\/\/thamthuanphat.vn\/wp-content\/uploads\/2025\/03\/Untitled-600x404.jpg 600w, https:\/\/thamthuanphat.vn\/wp-content\/uploads\/2025\/03\/Untitled.jpg 770w\" sizes=\"auto, (max-width: 300px) 100vw, 300px\" \/><\/p>\n<p><img loading=\"lazy\" decoding=\"async\" class=\"alignnone size-medium wp-image-1708\" src=\"https:\/\/thamthuanphat.vn\/wp-content\/uploads\/2025\/03\/image_9-300x300.jpg\" alt=\"\" width=\"300\" height=\"300\" srcset=\"https:\/\/thamthuanphat.vn\/wp-content\/uploads\/2025\/03\/image_9-300x300.jpg 300w, https:\/\/thamthuanphat.vn\/wp-content\/uploads\/2025\/03\/image_9-150x150.jpg 150w, https:\/\/thamthuanphat.vn\/wp-content\/uploads\/2025\/03\/image_9-768x768.jpg 768w, https:\/\/thamthuanphat.vn\/wp-content\/uploads\/2025\/03\/image_9-600x600.jpg 600w, https:\/\/thamthuanphat.vn\/wp-content\/uploads\/2025\/03\/image_9-100x100.jpg 100w, https:\/\/thamthuanphat.vn\/wp-content\/uploads\/2025\/03\/image_9.jpg 1024w\" sizes=\"auto, (max-width: 300px) 100vw, 300px\" \/><\/p>\n<p><img loading=\"lazy\" decoding=\"async\" class=\"alignnone size-medium wp-image-1707\" src=\"https:\/\/thamthuanphat.vn\/wp-content\/uploads\/2025\/03\/image_6-300x300.jpg\" alt=\"\" width=\"300\" height=\"300\" srcset=\"https:\/\/thamthuanphat.vn\/wp-content\/uploads\/2025\/03\/image_6-300x300.jpg 300w, https:\/\/thamthuanphat.vn\/wp-content\/uploads\/2025\/03\/image_6-150x150.jpg 150w, https:\/\/thamthuanphat.vn\/wp-content\/uploads\/2025\/03\/image_6-768x768.jpg 768w, https:\/\/thamthuanphat.vn\/wp-content\/uploads\/2025\/03\/image_6-600x600.jpg 600w, https:\/\/thamthuanphat.vn\/wp-content\/uploads\/2025\/03\/image_6-100x100.jpg 100w, https:\/\/thamthuanphat.vn\/wp-content\/uploads\/2025\/03\/image_6.jpg 1024w\" sizes=\"auto, (max-width: 300px) 100vw, 300px\" \/><\/p>\n<p><img loading=\"lazy\" decoding=\"async\" class=\"size-medium wp-image-1706\" src=\"https:\/\/thamthuanphat.vn\/wp-content\/uploads\/2025\/03\/dinh-soc-225x300.jpg\" alt=\"\" width=\"225\" height=\"300\" srcset=\"https:\/\/thamthuanphat.vn\/wp-content\/uploads\/2025\/03\/dinh-soc-225x300.jpg 225w, https:\/\/thamthuanphat.vn\/wp-content\/uploads\/2025\/03\/dinh-soc-768x1024.jpg 768w, https:\/\/thamthuanphat.vn\/wp-content\/uploads\/2025\/03\/dinh-soc-1152x1536.jpg 1152w, https:\/\/thamthuanphat.vn\/wp-content\/uploads\/2025\/03\/dinh-soc-1536x2048.jpg 1536w, https:\/\/thamthuanphat.vn\/wp-content\/uploads\/2025\/03\/dinh-soc-600x800.jpg 600w, https:\/\/thamthuanphat.vn\/wp-content\/uploads\/2025\/03\/dinh-soc.jpg 1920w\" sizes=\"auto, (max-width: 225px) 100vw, 225px\" \/><\/p>\n<p><img loading=\"lazy\" decoding=\"async\" class=\"size-medium wp-image-1705\" src=\"https:\/\/thamthuanphat.vn\/wp-content\/uploads\/2025\/03\/dinh-soc-do-tt-300x280.jpg\" alt=\"\" width=\"300\" height=\"280\" srcset=\"https:\/\/thamthuanphat.vn\/wp-content\/uploads\/2025\/03\/dinh-soc-do-tt-300x280.jpg 300w, https:\/\/thamthuanphat.vn\/wp-content\/uploads\/2025\/03\/dinh-soc-do-tt-1024x954.jpg 1024w, https:\/\/thamthuanphat.vn\/wp-content\/uploads\/2025\/03\/dinh-soc-do-tt-768x716.jpg 768w, https:\/\/thamthuanphat.vn\/wp-content\/uploads\/2025\/03\/dinh-soc-do-tt-1536x1431.jpg 1536w, https:\/\/thamthuanphat.vn\/wp-content\/uploads\/2025\/03\/dinh-soc-do-tt-600x559.jpg 600w, https:\/\/thamthuanphat.vn\/wp-content\/uploads\/2025\/03\/dinh-soc-do-tt.jpg 1906w\" sizes=\"auto, (max-width: 300px) 100vw, 300px\" \/><\/p>\n","protected":false},"excerpt":{"rendered":"<p>C\u00f4ng d\u1ee5ng c\u1ee7a th\u1ea3m nh\u1ef1a caro \u0111inh s\u1ecdc Th\u1ea3m nh\u1ef1a caro \u0111inh s\u1ecdc\u00a0c\u00f3 t\u00e1c d\u1ee5ng\u00a0ch\u1ed1ng tr\u01a1n tr\u01b0\u1ee3t\u00a0t\u1ed1t, ph\u00f9 h\u1ee3p \u0111\u1ec3 tr\u1ea3i quanh h\u1ed3 b\u01a1i, tr\u1ea3i l\u1ed1i \u0111i, s\u00e0n nh\u00e0 v\u1ec7 sinh, s\u00e0n s\u1ea3n xu\u1ea5t, khu v\u1ef1c l\u1eafp r\u00e1p, khu v\u1ef1c ch\u1ebf bi\u1ebfn t\u1ea1i c\u00e1c nh\u00e0 m\u00e1y, kho x\u01b0\u1edfng, nh\u00e0 h\u00e0ng, kh\u00e1ch s\u1ea1n, v.v. t\u1ea1o \u0111\u1ed9&#8230;<\/p>\n","protected":false},"featured_media":1717,"comment_status":"open","ping_status":"closed","template":"","meta":{"inline_featured_image":false},"pwb-brand":[],"product_brand":[],"product_cat":[97,87],"product_tag":[],"class_list":{"0":"post-1704","1":"product","2":"type-product","3":"status-publish","4":"has-post-thumbnail","6":"product_cat-tham-nhua","7":"product_cat-san-pham","9":"first","10":"instock","11":"shipping-taxable","12":"purchasable","13":"product-type-simple"},"acf":[],"brands":[],"_links":{"self":[{"href":"https:\/\/thamthuanphat.vn\/index.php?rest_route=\/wp\/v2\/product\/1704","targetHints":{"allow":["GET"]}}],"collection":[{"href":"https:\/\/thamthuanphat.vn\/index.php?rest_route=\/wp\/v2\/product"}],"about":[{"href":"https:\/\/thamthuanphat.vn\/index.php?rest_route=\/wp\/v2\/types\/product"}],"replies":[{"embeddable":true,"href":"https:\/\/thamthuanphat.vn\/index.php?rest_route=%2Fwp%2Fv2%2Fcomments&post=1704"}],"wp:featuredmedia":[{"embeddable":true,"href":"https:\/\/thamthuanphat.vn\/index.php?rest_route=\/wp\/v2\/media\/1717"}],"wp:attachment":[{"href":"https:\/\/thamthuanphat.vn\/index.php?rest_route=%2Fwp%2Fv2%2Fmedia&parent=1704"}],"wp:term":[{"taxonomy":"pwb-brand","embeddable":true,"href":"https:\/\/thamthuanphat.vn\/index.php?rest_route=%2Fwp%2Fv2%2Fpwb-brand&post=1704"},{"taxonomy":"product_brand","embeddable":true,"href":"https:\/\/thamthuanphat.vn\/index.php?rest_route=%2Fwp%2Fv2%2Fproduct_brand&post=1704"},{"taxonomy":"product_cat","embeddable":true,"href":"https:\/\/thamthuanphat.vn\/index.php?rest_route=%2Fwp%2Fv2%2Fproduct_cat&post=1704"},{"taxonomy":"product_tag","embeddable":true,"href":"https:\/\/thamthuanphat.vn\/index.php?rest_route=%2Fwp%2Fv2%2Fproduct_tag&post=1704"}],"curies":[{"name":"wp","href":"https:\/\/api.w.org\/{rel}","templated":true}]}}