{"id":1720,"date":"2025-03-13T19:56:06","date_gmt":"2025-03-13T12:56:06","guid":{"rendered":"https:\/\/thamthuanphat.vn\/?post_type=product&#038;p=1720"},"modified":"2025-03-13T19:57:32","modified_gmt":"2025-03-13T12:57:32","slug":"https-thamthuanphat-vn-tham-thoi-la","status":"publish","type":"product","link":"https:\/\/thamthuanphat.vn\/?product=https-thamthuanphat-vn-tham-thoi-la","title":{"rendered":"Th\u1ea3m Nh\u1ef1a Thoi L\u00e1"},"content":{"rendered":"<h2>C\u00f4ng d\u1ee5ng c\u1ee7a th\u1ea3m nh\u1ef1a Thoi L\u00e1<\/h2>\n<p><strong>Th\u1ea3m nh\u1ef1a Thoi L\u00e1<\/strong>\u00a0c\u00f3 t\u00e1c d\u1ee5ng\u00a0<strong>ch\u1ed1ng tr\u01a1n tr\u01b0\u1ee3t\u00a0<\/strong>t\u1ed1t, ph\u00f9 h\u1ee3p \u0111\u1ec3 tr\u1ea3i quanh h\u1ed3 b\u01a1i, tr\u1ea3i l\u1ed1i \u0111i, s\u00e0n nh\u00e0 v\u1ec7 sinh, s\u00e0n s\u1ea3n xu\u1ea5t, khu v\u1ef1c l\u1eafp r\u00e1p, khu v\u1ef1c ch\u1ebf bi\u1ebfn t\u1ea1i c\u00e1c nh\u00e0 m\u00e1y, kho x\u01b0\u1edfng, nh\u00e0 h\u00e0ng, kh\u00e1ch s\u1ea1n\u2026 t\u1ea1o \u0111\u1ed9 an to\u00e0n khi b\u01b0\u1edbc ch\u00e2n l\u00ean nh\u1eefng khu v\u1ef1c \u0111\u1ecdng n\u01b0\u1edbc, d\u1ec5 v\u1ea5p ng\u00e3 \u0111\u1ed3ng th\u1eddi gi\u1eef v\u1ec7 sinh cho khu v\u1ef1c \u0111\u01b0\u1ee3c tr\u1ea3i th\u1ea3m.<\/p>\n<p>Ngo\u00e0i ra c\u00f3 th\u1ec3 s\u1eed d\u1ee5ng th\u1ea3m nh\u1ef1a thoi l\u00e1 \u0111\u1ec3 tr\u1ea3i \u1edf khu v\u1ef1c \u0111\u1ec3 xe m\u00e1y, gi\u00fap tr\u00e1nh tr\u1ea7y x\u01b0\u1edbc cho c\u00e1c n\u1ec1n g\u1ea1ch.<\/p>\n<h2>Th\u00f4ng s\u1ed1 k\u1ef9 thu\u1eadt<\/h2>\n<table>\n<tbody>\n<tr>\n<th scope=\"row\">D\u1ea1ng th\u1ea3m<\/th>\n<td><strong>Th\u1ea3m nh\u1ef1a ch\u1ed1ng tr\u01a1n<\/strong><\/td>\n<\/tr>\n<tr>\n<th scope=\"row\">Ch\u1ea5t li\u1ec7u<\/th>\n<td>Nh\u1ef1a\u00a0<a title=\"T\u00ecm hi\u1ec3u v\u1ec1 nh\u1ef1a PVC\" href=\"https:\/\/en.wikipedia.org\/wiki\/Polyvinyl_chloride\" target=\"_blank\" rel=\"noopener noreferrer\">PVC<\/a><\/td>\n<\/tr>\n<tr>\n<th scope=\"row\">Kh\u1ed5 cu\u1ed9n<\/th>\n<td>1.2 m x 18 m<\/td>\n<\/tr>\n<tr>\n<th scope=\"row\">\u0110\u1ed9 d\u00e0y<\/th>\n<td>\u2248 1.5 mm<\/td>\n<\/tr>\n<tr>\n<th scope=\"row\">M\u00e0u s\u1eafc<\/th>\n<td><strong><span style=\"color: #e14d43;\">\u0110\u1ecf\u00a0<\/span>|\u00a0<span style=\"color: #999999;\">x\u00e1m\u00a0<\/span>|\u00a0xanh l\u00e1\u00a0|\u00a0xanh d\u01b0\u01a1ng<\/strong><\/td>\n<\/tr>\n<tr>\n<th scope=\"row\">Xu\u1ea5t x\u1ee9<\/th>\n<td>Trung Qu\u1ed1c<\/td>\n<\/tr>\n<\/tbody>\n<\/table>\n<h2>Gi\u00e1 b\u00e1n chi ti\u1ebft<\/h2>\n<table>\n<thead>\n<tr>\n<th colspan=\"5\">B\u1ea3ng gi\u00e1 \u00e1p d\u1ee5ng cho t\u1ea5t c\u1ea3 c\u00e1c m\u00e0u c\u1ee7a th\u1ea3m nh\u1ef1a Thoi L\u00e1<\/th>\n<\/tr>\n<\/thead>\n<tbody>\n<tr>\n<th><\/th>\n<th>C\u1eaft l\u1ebb<\/th>\n<th>Nguy\u00ean cu\u1ed9n<\/th>\n<\/tr>\n<tr>\n<th>Kh\u1ed5 1.2 x 18 m (Trung Qu\u1ed1c)<\/th>\n<td>140,000 \u0111\/m<\/td>\n<td>120,000 \u0111\/m<\/td>\n<\/tr>\n<\/tbody>\n<\/table>\n<div>\n<p>L\u01b0u \u00fd:<\/p>\n<ul>\n<li>Gi\u00e1 b\u00e1n Th\u1ea3m nh\u1ef1a Thoi L\u00e1 \u0111\u01b0\u1ee3c t\u00ednh theo m\u00e9t t\u1edbi c\u1ee7a kh\u1ed5 th\u1ea3m.<\/li>\n<li>Gi\u00e1 tr\u00ean ch\u01b0a bao g\u1ed3m VAT. \u0110\u01a1n v\u1ecb t\u00ednh khi xu\u1ea5t h\u00f3a \u0111\u01a1n VAT l\u00e0 m\u00e9t vu\u00f4ng (m2).<\/li>\n<\/ul>\n<\/div>\n<div><strong>M\u1ecdi chi ti\u1ebft vui l\u00f2ng li\u00ean h\u1ec7 Hotline\/Zalo: 0977495969\u00a0<\/strong><\/div>\n<h2>H\u00ecnh \u1ea3nh s\u1ea3n ph\u1ea9m<\/h2>\n<p><img loading=\"lazy\" decoding=\"async\" class=\"alignnone size-medium wp-image-1721\" src=\"https:\/\/thamthuanphat.vn\/wp-content\/uploads\/2025\/03\/0b02f7ede2afaf87-300x300.jpg\" alt=\"\" width=\"300\" height=\"300\" srcset=\"https:\/\/thamthuanphat.vn\/wp-content\/uploads\/2025\/03\/0b02f7ede2afaf87-300x300.jpg 300w, https:\/\/thamthuanphat.vn\/wp-content\/uploads\/2025\/03\/0b02f7ede2afaf87-150x150.jpg 150w, https:\/\/thamthuanphat.vn\/wp-content\/uploads\/2025\/03\/0b02f7ede2afaf87-768x768.jpg 768w, https:\/\/thamthuanphat.vn\/wp-content\/uploads\/2025\/03\/0b02f7ede2afaf87-600x600.jpg 600w, https:\/\/thamthuanphat.vn\/wp-content\/uploads\/2025\/03\/0b02f7ede2afaf87-100x100.jpg 100w, https:\/\/thamthuanphat.vn\/wp-content\/uploads\/2025\/03\/0b02f7ede2afaf87.jpg 800w\" sizes=\"auto, (max-width: 300px) 100vw, 300px\" \/><\/p>\n<p><img loading=\"lazy\" decoding=\"async\" class=\"alignnone size-medium wp-image-1722\" src=\"https:\/\/thamthuanphat.vn\/wp-content\/uploads\/2025\/03\/c28e1bc3b0d67a8823c73-300x169.jpg\" alt=\"\" width=\"300\" height=\"169\" srcset=\"https:\/\/thamthuanphat.vn\/wp-content\/uploads\/2025\/03\/c28e1bc3b0d67a8823c73-300x169.jpg 300w, https:\/\/thamthuanphat.vn\/wp-content\/uploads\/2025\/03\/c28e1bc3b0d67a8823c73-1024x576.jpg 1024w, https:\/\/thamthuanphat.vn\/wp-content\/uploads\/2025\/03\/c28e1bc3b0d67a8823c73-768x432.jpg 768w, https:\/\/thamthuanphat.vn\/wp-content\/uploads\/2025\/03\/c28e1bc3b0d67a8823c73-1536x864.jpg 1536w, https:\/\/thamthuanphat.vn\/wp-content\/uploads\/2025\/03\/c28e1bc3b0d67a8823c73-2048x1152.jpg 2048w, https:\/\/thamthuanphat.vn\/wp-content\/uploads\/2025\/03\/c28e1bc3b0d67a8823c73-600x338.jpg 600w\" sizes=\"auto, (max-width: 300px) 100vw, 300px\" \/><\/p>\n<p><img loading=\"lazy\" decoding=\"async\" class=\"alignnone size-medium wp-image-1723\" src=\"https:\/\/thamthuanphat.vn\/wp-content\/uploads\/2025\/03\/chong-uot-300x245.jpg\" alt=\"\" width=\"300\" height=\"245\" srcset=\"https:\/\/thamthuanphat.vn\/wp-content\/uploads\/2025\/03\/chong-uot-300x245.jpg 300w, https:\/\/thamthuanphat.vn\/wp-content\/uploads\/2025\/03\/chong-uot.jpg 438w\" sizes=\"auto, (max-width: 300px) 100vw, 300px\" \/><\/p>\n<p><img loading=\"lazy\" decoding=\"async\" class=\"alignnone size-medium wp-image-1725\" src=\"https:\/\/thamthuanphat.vn\/wp-content\/uploads\/2025\/03\/O1CN011iVU4l1MVYoeFjtqv_2836821440-300x179.jpg\" alt=\"\" width=\"300\" height=\"179\" srcset=\"https:\/\/thamthuanphat.vn\/wp-content\/uploads\/2025\/03\/O1CN011iVU4l1MVYoeFjtqv_2836821440-300x179.jpg 300w, https:\/\/thamthuanphat.vn\/wp-content\/uploads\/2025\/03\/O1CN011iVU4l1MVYoeFjtqv_2836821440-600x358.jpg 600w, https:\/\/thamthuanphat.vn\/wp-content\/uploads\/2025\/03\/O1CN011iVU4l1MVYoeFjtqv_2836821440.jpg 731w\" sizes=\"auto, (max-width: 300px) 100vw, 300px\" \/><\/p>\n<p><img loading=\"lazy\" decoding=\"async\" class=\"size-medium wp-image-1726\" src=\"https:\/\/thamthuanphat.vn\/wp-content\/uploads\/2025\/03\/phoi-canh-que-diem-do-279x300.jpg\" alt=\"\" width=\"279\" height=\"300\" srcset=\"https:\/\/thamthuanphat.vn\/wp-content\/uploads\/2025\/03\/phoi-canh-que-diem-do-279x300.jpg 279w, https:\/\/thamthuanphat.vn\/wp-content\/uploads\/2025\/03\/phoi-canh-que-diem-do.jpg 506w\" sizes=\"auto, (max-width: 279px) 100vw, 279px\" \/><\/p>\n<p><img loading=\"lazy\" decoding=\"async\" class=\"size-medium wp-image-1727\" src=\"https:\/\/thamthuanphat.vn\/wp-content\/uploads\/2025\/03\/que-diem-xam-300x225.jpg\" alt=\"\" width=\"300\" height=\"225\" srcset=\"https:\/\/thamthuanphat.vn\/wp-content\/uploads\/2025\/03\/que-diem-xam-300x225.jpg 300w, https:\/\/thamthuanphat.vn\/wp-content\/uploads\/2025\/03\/que-diem-xam-1024x768.jpg 1024w, https:\/\/thamthuanphat.vn\/wp-content\/uploads\/2025\/03\/que-diem-xam-768x576.jpg 768w, https:\/\/thamthuanphat.vn\/wp-content\/uploads\/2025\/03\/que-diem-xam-600x450.jpg 600w, https:\/\/thamthuanphat.vn\/wp-content\/uploads\/2025\/03\/que-diem-xam.jpg 1440w\" sizes=\"auto, (max-width: 300px) 100vw, 300px\" \/><\/p>\n<p><img loading=\"lazy\" decoding=\"async\" class=\"size-medium wp-image-1728\" src=\"https:\/\/thamthuanphat.vn\/wp-content\/uploads\/2025\/03\/que-diem-duong-300x225.jpg\" alt=\"\" width=\"300\" height=\"225\" srcset=\"https:\/\/thamthuanphat.vn\/wp-content\/uploads\/2025\/03\/que-diem-duong-300x225.jpg 300w, https:\/\/thamthuanphat.vn\/wp-content\/uploads\/2025\/03\/que-diem-duong-1024x768.jpg 1024w, https:\/\/thamthuanphat.vn\/wp-content\/uploads\/2025\/03\/que-diem-duong-768x576.jpg 768w, https:\/\/thamthuanphat.vn\/wp-content\/uploads\/2025\/03\/que-diem-duong-600x450.jpg 600w, https:\/\/thamthuanphat.vn\/wp-content\/uploads\/2025\/03\/que-diem-duong.jpg 1440w\" sizes=\"auto, (max-width: 300px) 100vw, 300px\" \/><\/p>\n<p><img loading=\"lazy\" decoding=\"async\" class=\"size-medium wp-image-1729\" src=\"https:\/\/thamthuanphat.vn\/wp-content\/uploads\/2025\/03\/thuc-te-que-diem-do-238x300.jpg\" alt=\"\" width=\"238\" height=\"300\" srcset=\"https:\/\/thamthuanphat.vn\/wp-content\/uploads\/2025\/03\/thuc-te-que-diem-do-238x300.jpg 238w, https:\/\/thamthuanphat.vn\/wp-content\/uploads\/2025\/03\/thuc-te-que-diem-do.jpg 366w\" sizes=\"auto, (max-width: 238px) 100vw, 238px\" \/><\/p>\n<p><img loading=\"lazy\" decoding=\"async\" class=\"alignnone size-medium wp-image-1730\" src=\"https:\/\/thamthuanphat.vn\/wp-content\/uploads\/2025\/03\/xam-2-300x300.jpg\" alt=\"\" width=\"300\" height=\"300\" srcset=\"https:\/\/thamthuanphat.vn\/wp-content\/uploads\/2025\/03\/xam-2-300x300.jpg 300w, https:\/\/thamthuanphat.vn\/wp-content\/uploads\/2025\/03\/xam-2-1024x1024.jpg 1024w, https:\/\/thamthuanphat.vn\/wp-content\/uploads\/2025\/03\/xam-2-150x150.jpg 150w, https:\/\/thamthuanphat.vn\/wp-content\/uploads\/2025\/03\/xam-2-768x768.jpg 768w, https:\/\/thamthuanphat.vn\/wp-content\/uploads\/2025\/03\/xam-2-1536x1536.jpg 1536w, https:\/\/thamthuanphat.vn\/wp-content\/uploads\/2025\/03\/xam-2-2048x2048.jpg 2048w, https:\/\/thamthuanphat.vn\/wp-content\/uploads\/2025\/03\/xam-2-600x600.jpg 600w, https:\/\/thamthuanphat.vn\/wp-content\/uploads\/2025\/03\/xam-2-100x100.jpg 100w\" sizes=\"auto, (max-width: 300px) 100vw, 300px\" \/><\/p>\n<p><img loading=\"lazy\" decoding=\"async\" class=\"size-medium wp-image-1731\" src=\"https:\/\/thamthuanphat.vn\/wp-content\/uploads\/2025\/03\/xanh-lassss-279x300.jpg\" alt=\"\" width=\"279\" height=\"300\" srcset=\"https:\/\/thamthuanphat.vn\/wp-content\/uploads\/2025\/03\/xanh-lassss-279x300.jpg 279w, https:\/\/thamthuanphat.vn\/wp-content\/uploads\/2025\/03\/xanh-lassss.jpg 506w\" sizes=\"auto, (max-width: 279px) 100vw, 279px\" \/><\/p>\n<p><img loading=\"lazy\" decoding=\"async\" class=\"alignnone size-medium wp-image-1732\" src=\"https:\/\/thamthuanphat.vn\/wp-content\/uploads\/2025\/03\/z3716115846130_41198de8bd5d0131ab4400e76b34ff07-225x300.jpg\" alt=\"\" width=\"225\" height=\"300\" srcset=\"https:\/\/thamthuanphat.vn\/wp-content\/uploads\/2025\/03\/z3716115846130_41198de8bd5d0131ab4400e76b34ff07-225x300.jpg 225w, https:\/\/thamthuanphat.vn\/wp-content\/uploads\/2025\/03\/z3716115846130_41198de8bd5d0131ab4400e76b34ff07-768x1024.jpg 768w, https:\/\/thamthuanphat.vn\/wp-content\/uploads\/2025\/03\/z3716115846130_41198de8bd5d0131ab4400e76b34ff07-1152x1536.jpg 1152w, https:\/\/thamthuanphat.vn\/wp-content\/uploads\/2025\/03\/z3716115846130_41198de8bd5d0131ab4400e76b34ff07-1536x2048.jpg 1536w, https:\/\/thamthuanphat.vn\/wp-content\/uploads\/2025\/03\/z3716115846130_41198de8bd5d0131ab4400e76b34ff07-600x800.jpg 600w, https:\/\/thamthuanphat.vn\/wp-content\/uploads\/2025\/03\/z3716115846130_41198de8bd5d0131ab4400e76b34ff07.jpg 1920w\" sizes=\"auto, (max-width: 225px) 100vw, 225px\" \/><\/p>\n<p><img loading=\"lazy\" decoding=\"async\" class=\"alignnone size-medium wp-image-1733\" src=\"https:\/\/thamthuanphat.vn\/wp-content\/uploads\/2025\/03\/z3716115859648_f3f42f8a2b5b5579a41b23b0abce1b5b-300x225.jpg\" alt=\"\" width=\"300\" height=\"225\" srcset=\"https:\/\/thamthuanphat.vn\/wp-content\/uploads\/2025\/03\/z3716115859648_f3f42f8a2b5b5579a41b23b0abce1b5b-300x225.jpg 300w, https:\/\/thamthuanphat.vn\/wp-content\/uploads\/2025\/03\/z3716115859648_f3f42f8a2b5b5579a41b23b0abce1b5b-1024x768.jpg 1024w, https:\/\/thamthuanphat.vn\/wp-content\/uploads\/2025\/03\/z3716115859648_f3f42f8a2b5b5579a41b23b0abce1b5b-768x576.jpg 768w, https:\/\/thamthuanphat.vn\/wp-content\/uploads\/2025\/03\/z3716115859648_f3f42f8a2b5b5579a41b23b0abce1b5b-1536x1152.jpg 1536w, https:\/\/thamthuanphat.vn\/wp-content\/uploads\/2025\/03\/z3716115859648_f3f42f8a2b5b5579a41b23b0abce1b5b-2048x1536.jpg 2048w, https:\/\/thamthuanphat.vn\/wp-content\/uploads\/2025\/03\/z3716115859648_f3f42f8a2b5b5579a41b23b0abce1b5b-600x450.jpg 600w\" sizes=\"auto, (max-width: 300px) 100vw, 300px\" \/><\/p>\n","protected":false},"excerpt":{"rendered":"<p>C\u00f4ng d\u1ee5ng c\u1ee7a th\u1ea3m nh\u1ef1a Thoi L\u00e1 Th\u1ea3m nh\u1ef1a Thoi L\u00e1\u00a0c\u00f3 t\u00e1c d\u1ee5ng\u00a0ch\u1ed1ng tr\u01a1n tr\u01b0\u1ee3t\u00a0t\u1ed1t, ph\u00f9 h\u1ee3p \u0111\u1ec3 tr\u1ea3i quanh h\u1ed3 b\u01a1i, tr\u1ea3i l\u1ed1i \u0111i, s\u00e0n nh\u00e0 v\u1ec7 sinh, s\u00e0n s\u1ea3n xu\u1ea5t, khu v\u1ef1c l\u1eafp r\u00e1p, khu v\u1ef1c ch\u1ebf bi\u1ebfn t\u1ea1i c\u00e1c nh\u00e0 m\u00e1y, kho x\u01b0\u1edfng, nh\u00e0 h\u00e0ng, kh\u00e1ch s\u1ea1n\u2026 t\u1ea1o \u0111\u1ed9 an to\u00e0n khi&#8230;<\/p>\n","protected":false},"featured_media":1722,"comment_status":"open","ping_status":"closed","template":"","meta":{"inline_featured_image":false},"pwb-brand":[],"product_brand":[],"product_cat":[97,87],"product_tag":[],"class_list":{"0":"post-1720","1":"product","2":"type-product","3":"status-publish","4":"has-post-thumbnail","6":"product_cat-tham-nhua","7":"product_cat-san-pham","9":"first","10":"instock","11":"shipping-taxable","12":"purchasable","13":"product-type-simple"},"acf":[],"brands":[],"_links":{"self":[{"href":"https:\/\/thamthuanphat.vn\/index.php?rest_route=\/wp\/v2\/product\/1720","targetHints":{"allow":["GET"]}}],"collection":[{"href":"https:\/\/thamthuanphat.vn\/index.php?rest_route=\/wp\/v2\/product"}],"about":[{"href":"https:\/\/thamthuanphat.vn\/index.php?rest_route=\/wp\/v2\/types\/product"}],"replies":[{"embeddable":true,"href":"https:\/\/thamthuanphat.vn\/index.php?rest_route=%2Fwp%2Fv2%2Fcomments&post=1720"}],"wp:featuredmedia":[{"embeddable":true,"href":"https:\/\/thamthuanphat.vn\/index.php?rest_route=\/wp\/v2\/media\/1722"}],"wp:attachment":[{"href":"https:\/\/thamthuanphat.vn\/index.php?rest_route=%2Fwp%2Fv2%2Fmedia&parent=1720"}],"wp:term":[{"taxonomy":"pwb-brand","embeddable":true,"href":"https:\/\/thamthuanphat.vn\/index.php?rest_route=%2Fwp%2Fv2%2Fpwb-brand&post=1720"},{"taxonomy":"product_brand","embeddable":true,"href":"https:\/\/thamthuanphat.vn\/index.php?rest_route=%2Fwp%2Fv2%2Fproduct_brand&post=1720"},{"taxonomy":"product_cat","embeddable":true,"href":"https:\/\/thamthuanphat.vn\/index.php?rest_route=%2Fwp%2Fv2%2Fproduct_cat&post=1720"},{"taxonomy":"product_tag","embeddable":true,"href":"https:\/\/thamthuanphat.vn\/index.php?rest_route=%2Fwp%2Fv2%2Fproduct_tag&post=1720"}],"curies":[{"name":"wp","href":"https:\/\/api.w.org\/{rel}","templated":true}]}}