{"id":1746,"date":"2025-03-14T15:10:59","date_gmt":"2025-03-14T08:10:59","guid":{"rendered":"https:\/\/thamthuanphat.vn\/?post_type=product&#038;p=1746"},"modified":"2025-03-14T15:13:47","modified_gmt":"2025-03-14T08:13:47","slug":"tham-nhua-dong-tien","status":"publish","type":"product","link":"https:\/\/thamthuanphat.vn\/?product=tham-nhua-dong-tien","title":{"rendered":"Th\u1ea3m Nh\u1ef1a \u0110\u1ed3ng Ti\u1ec1n"},"content":{"rendered":"<h2><span style=\"color: #0000ff;\">C\u00f4ng d\u1ee5ng c\u1ee7a th\u1ea3m nh\u1ef1a \u0111\u1ed3ng ti\u1ec1n<\/span><\/h2>\n<p><strong>Th\u1ea3m th\u1ea3m nh\u1ef1a \u0111\u1ed3ng ti\u1ec1n<\/strong>\u00a0c\u00f3 t\u00e1c d\u1ee5ng\u00a0<strong>ch\u1ed1ng tr\u01a1n tr\u01b0\u1ee3t\u00a0<\/strong>t\u1ed1t, ph\u00f9 h\u1ee3p \u0111\u1ec3 tr\u1ea3i quanh h\u1ed3 b\u01a1i, tr\u1ea3i l\u1ed1i \u0111i, s\u00e0n nh\u00e0 v\u1ec7 sinh, s\u00e0n s\u1ea3n xu\u1ea5t, khu v\u1ef1c l\u1eafp r\u00e1p, khu v\u1ef1c ch\u1ebf bi\u1ebfn t\u1ea1i c\u00e1c nh\u00e0 m\u00e1y, kho x\u01b0\u1edfng, nh\u00e0 h\u00e0ng, kh\u00e1ch s\u1ea1n\u2026 t\u1ea1o \u0111\u1ed9 an to\u00e0n khi b\u01b0\u1edbc ch\u00e2n l\u00ean nh\u1eefng khu v\u1ef1c \u0111\u1ecdng n\u01b0\u1edbc, d\u1ec5 v\u1ea5p ng\u00e3 \u0111\u1ed3ng th\u1eddi gi\u1eef v\u1ec7 sinh cho khu v\u1ef1c \u0111\u01b0\u1ee3c tr\u1ea3i th\u1ea3m.<\/p>\n<p>Ngo\u00e0i ra c\u00f3 th\u1ec3 s\u1eed d\u1ee5ng s\u1ea3n ph\u1ea9m \u0111\u1ec3 tr\u1ea3i \u1edf khu v\u1ef1c \u0111\u1ec3 xe m\u00e1y, gi\u00fap tr\u00e1nh tr\u1ea7y x\u01b0\u1edbc cho c\u00e1c n\u1ec1n g\u1ea1ch.<\/p>\n<h2><span style=\"color: #0000ff;\">Th\u00f4ng s\u1ed1 s\u1ea3n ph\u1ea9m<\/span><\/h2>\n<table>\n<tbody>\n<tr>\n<th scope=\"row\">D\u1ea1ng th\u1ea3m<\/th>\n<td><strong>Th\u1ea3m nh\u1ef1a ch\u1ed1ng tr\u01a1n<\/strong><\/td>\n<\/tr>\n<tr>\n<th scope=\"row\">Ch\u1ea5t li\u1ec7u<\/th>\n<td>Nh\u1ef1a\u00a0<a title=\"T\u00ecm hi\u1ec3u v\u1ec1 nh\u1ef1a PVC\" href=\"https:\/\/en.wikipedia.org\/wiki\/Polyvinyl_chloride\" target=\"_blank\" rel=\"noopener noreferrer\">PVC<\/a><\/td>\n<\/tr>\n<tr>\n<th scope=\"row\">Chi\u1ec1u r\u1ed9ng cu\u1ed9n<\/th>\n<td>1,2m<\/td>\n<\/tr>\n<tr>\n<th scope=\"row\">Chi\u1ec1u d\u00e0i cu\u1ed9n<\/th>\n<td>18m<\/td>\n<\/tr>\n<tr>\n<th scope=\"row\">\u0110\u1ed9 d\u00e0y<\/th>\n<td>\u2248 1,2 mm<\/td>\n<\/tr>\n<tr>\n<th scope=\"row\">M\u00e0u s\u1eafc<\/th>\n<td><strong><span style=\"color: #e14d43;\">\u0110\u1ecf\u00a0<\/span>|\u00a0<span style=\"color: #808080;\">x\u00e1m\u00a0<\/span>|\u00a0<span style=\"color: #00a859;\">xanh l\u00e1<\/span>\u00a0|<span style=\"color: #0000ff;\">\u00a0xanh d\u01b0\u01a1ng<\/span><\/strong><\/td>\n<\/tr>\n<tr>\n<th scope=\"row\">Xu\u1ea5t x\u1ee9<\/th>\n<td>Trung Qu\u1ed1c<\/td>\n<\/tr>\n<\/tbody>\n<\/table>\n<p><span id=\"kritzGiaBan\" style=\"color: #e14d43;\">Gi\u00e1 b\u00e1n l\u1ebb: 120,000\u20ab\/m\u00e9t (ch\u01b0a bao g\u1ed3m 8% VAT)<\/span><\/p>\n<p><span style=\"color: #e14d43;\">Gi\u00e1 cu\u1ed9n: 110.000<span id=\"kritzGiaBan\">\u20ab<\/span>\/m\u00e9t <span id=\"kritzGiaBan\">(ch\u01b0a bao g\u1ed3m 8% VAT)<\/span><\/span><\/p>\n<div class=\"kritzPrice\">\u0110\u1ed1i v\u1edbi \u0111\u01a1n h\u00e0ng c\u00f3 thi c\u00f4ng l\u1eafp \u0111\u1eb7t ho\u1eb7c gia c\u00f4ng, kh\u00e1ch h\u00e0ng \u0111\u1eb7t c\u1ecdc 50% khi \u0111\u1eb7t h\u00e0ng v\u00e0 thanh to\u00e1n ph\u1ea7n c\u00f2n l\u1ea1i khi nh\u1eadn h\u00e0ng\/nghi\u1ec7m thu.<\/div>\n<div>\n<p>L\u01b0u \u00fd:<\/p>\n<ul>\n<li>Gi\u00e1 b\u00e1n Th\u1ea3m Nh\u1ef1a N\u00fat Tr\u00f2n \u0111\u01b0\u1ee3c t\u00ednh theo m\u00e9t t\u1edbi c\u1ee7a kh\u1ed5 th\u1ea3m.<\/li>\n<li>Gi\u00e1 tr\u00ean ch\u01b0a bao g\u1ed3m VAT. \u0110\u01a1n v\u1ecb t\u00ednh khi xu\u1ea5t h\u00f3a \u0111\u01a1n VAT l\u00e0 m\u00e9t vu\u00f4ng (m2).<\/li>\n<\/ul>\n<p><span style=\"color: #e14d43;\"><strong>M\u1ecdi chi ti\u1ebft vui l\u00f2ng li\u00ean h\u1ec7 Hotline\/Zalo: 0977495969\u00a0<\/strong><\/span><\/p>\n<\/div>\n<h2><span style=\"color: #0000ff;\">H\u00ecnh \u1ea3nh s\u1ea3n ph\u1ea9m th\u1ea3m nh\u1ef1a n\u00fat tr\u00f2n<\/span><\/h2>\n<p><img loading=\"lazy\" decoding=\"async\" class=\"alignnone size-medium wp-image-1749\" src=\"https:\/\/thamthuanphat.vn\/wp-content\/uploads\/2025\/03\/20220908_114649-169x300.jpg\" alt=\"\" width=\"169\" height=\"300\" srcset=\"https:\/\/thamthuanphat.vn\/wp-content\/uploads\/2025\/03\/20220908_114649-169x300.jpg 169w, https:\/\/thamthuanphat.vn\/wp-content\/uploads\/2025\/03\/20220908_114649-576x1024.jpg 576w, https:\/\/thamthuanphat.vn\/wp-content\/uploads\/2025\/03\/20220908_114649-768x1365.jpg 768w, https:\/\/thamthuanphat.vn\/wp-content\/uploads\/2025\/03\/20220908_114649-864x1536.jpg 864w, https:\/\/thamthuanphat.vn\/wp-content\/uploads\/2025\/03\/20220908_114649-1152x2048.jpg 1152w, https:\/\/thamthuanphat.vn\/wp-content\/uploads\/2025\/03\/20220908_114649-600x1067.jpg 600w, https:\/\/thamthuanphat.vn\/wp-content\/uploads\/2025\/03\/20220908_114649-scaled.jpg 1440w\" sizes=\"auto, (max-width: 169px) 100vw, 169px\" \/><\/p>\n<p><img loading=\"lazy\" decoding=\"async\" class=\"alignnone size-medium wp-image-1750\" src=\"https:\/\/thamthuanphat.vn\/wp-content\/uploads\/2025\/03\/20220908_114711-169x300.jpg\" alt=\"\" width=\"169\" height=\"300\" srcset=\"https:\/\/thamthuanphat.vn\/wp-content\/uploads\/2025\/03\/20220908_114711-169x300.jpg 169w, https:\/\/thamthuanphat.vn\/wp-content\/uploads\/2025\/03\/20220908_114711-576x1024.jpg 576w, https:\/\/thamthuanphat.vn\/wp-content\/uploads\/2025\/03\/20220908_114711-768x1365.jpg 768w, https:\/\/thamthuanphat.vn\/wp-content\/uploads\/2025\/03\/20220908_114711-864x1536.jpg 864w, https:\/\/thamthuanphat.vn\/wp-content\/uploads\/2025\/03\/20220908_114711-1152x2048.jpg 1152w, https:\/\/thamthuanphat.vn\/wp-content\/uploads\/2025\/03\/20220908_114711-600x1067.jpg 600w, https:\/\/thamthuanphat.vn\/wp-content\/uploads\/2025\/03\/20220908_114711-scaled.jpg 1440w\" sizes=\"auto, (max-width: 169px) 100vw, 169px\" \/><\/p>\n<p><img loading=\"lazy\" decoding=\"async\" class=\"alignnone size-medium wp-image-1751\" src=\"https:\/\/thamthuanphat.vn\/wp-content\/uploads\/2025\/03\/20220908_152916-300x169.jpg\" alt=\"\" width=\"300\" height=\"169\" srcset=\"https:\/\/thamthuanphat.vn\/wp-content\/uploads\/2025\/03\/20220908_152916-300x169.jpg 300w, https:\/\/thamthuanphat.vn\/wp-content\/uploads\/2025\/03\/20220908_152916-1024x576.jpg 1024w, https:\/\/thamthuanphat.vn\/wp-content\/uploads\/2025\/03\/20220908_152916-768x432.jpg 768w, https:\/\/thamthuanphat.vn\/wp-content\/uploads\/2025\/03\/20220908_152916-1536x864.jpg 1536w, https:\/\/thamthuanphat.vn\/wp-content\/uploads\/2025\/03\/20220908_152916-2048x1152.jpg 2048w, https:\/\/thamthuanphat.vn\/wp-content\/uploads\/2025\/03\/20220908_152916-600x338.jpg 600w\" sizes=\"auto, (max-width: 300px) 100vw, 300px\" \/><\/p>\n<p><img loading=\"lazy\" decoding=\"async\" class=\"alignnone size-medium wp-image-1752\" src=\"https:\/\/thamthuanphat.vn\/wp-content\/uploads\/2025\/03\/20220908_152932-300x169.jpg\" alt=\"\" width=\"300\" height=\"169\" srcset=\"https:\/\/thamthuanphat.vn\/wp-content\/uploads\/2025\/03\/20220908_152932-300x169.jpg 300w, https:\/\/thamthuanphat.vn\/wp-content\/uploads\/2025\/03\/20220908_152932-1024x576.jpg 1024w, https:\/\/thamthuanphat.vn\/wp-content\/uploads\/2025\/03\/20220908_152932-768x432.jpg 768w, https:\/\/thamthuanphat.vn\/wp-content\/uploads\/2025\/03\/20220908_152932-1536x864.jpg 1536w, https:\/\/thamthuanphat.vn\/wp-content\/uploads\/2025\/03\/20220908_152932-2048x1152.jpg 2048w, https:\/\/thamthuanphat.vn\/wp-content\/uploads\/2025\/03\/20220908_152932-600x338.jpg 600w\" sizes=\"auto, (max-width: 300px) 100vw, 300px\" \/><\/p>\n<p><img loading=\"lazy\" decoding=\"async\" class=\"alignnone size-medium wp-image-1753\" src=\"https:\/\/thamthuanphat.vn\/wp-content\/uploads\/2025\/03\/20220908_152953-300x169.jpg\" alt=\"\" width=\"300\" height=\"169\" srcset=\"https:\/\/thamthuanphat.vn\/wp-content\/uploads\/2025\/03\/20220908_152953-300x169.jpg 300w, https:\/\/thamthuanphat.vn\/wp-content\/uploads\/2025\/03\/20220908_152953-1024x576.jpg 1024w, https:\/\/thamthuanphat.vn\/wp-content\/uploads\/2025\/03\/20220908_152953-768x432.jpg 768w, https:\/\/thamthuanphat.vn\/wp-content\/uploads\/2025\/03\/20220908_152953-1536x864.jpg 1536w, https:\/\/thamthuanphat.vn\/wp-content\/uploads\/2025\/03\/20220908_152953-2048x1152.jpg 2048w, https:\/\/thamthuanphat.vn\/wp-content\/uploads\/2025\/03\/20220908_152953-600x338.jpg 600w\" sizes=\"auto, (max-width: 300px) 100vw, 300px\" \/><\/p>\n<p><img loading=\"lazy\" decoding=\"async\" class=\"alignnone size-medium wp-image-1754\" src=\"https:\/\/thamthuanphat.vn\/wp-content\/uploads\/2025\/03\/20220908_153028-169x300.jpg\" alt=\"\" width=\"169\" height=\"300\" srcset=\"https:\/\/thamthuanphat.vn\/wp-content\/uploads\/2025\/03\/20220908_153028-169x300.jpg 169w, https:\/\/thamthuanphat.vn\/wp-content\/uploads\/2025\/03\/20220908_153028-576x1024.jpg 576w, https:\/\/thamthuanphat.vn\/wp-content\/uploads\/2025\/03\/20220908_153028-768x1365.jpg 768w, https:\/\/thamthuanphat.vn\/wp-content\/uploads\/2025\/03\/20220908_153028-864x1536.jpg 864w, https:\/\/thamthuanphat.vn\/wp-content\/uploads\/2025\/03\/20220908_153028-1152x2048.jpg 1152w, https:\/\/thamthuanphat.vn\/wp-content\/uploads\/2025\/03\/20220908_153028-600x1067.jpg 600w, https:\/\/thamthuanphat.vn\/wp-content\/uploads\/2025\/03\/20220908_153028-scaled.jpg 1440w\" sizes=\"auto, (max-width: 169px) 100vw, 169px\" \/><\/p>\n<p><img loading=\"lazy\" decoding=\"async\" class=\"alignnone size-medium wp-image-1755\" src=\"https:\/\/thamthuanphat.vn\/wp-content\/uploads\/2025\/03\/Untitled-2-300x144.jpg\" alt=\"\" width=\"300\" height=\"144\" srcset=\"https:\/\/thamthuanphat.vn\/wp-content\/uploads\/2025\/03\/Untitled-2-300x144.jpg 300w, https:\/\/thamthuanphat.vn\/wp-content\/uploads\/2025\/03\/Untitled-2.jpg 600w\" sizes=\"auto, (max-width: 300px) 100vw, 300px\" \/><\/p>\n<p><img loading=\"lazy\" decoding=\"async\" class=\"alignnone size-medium wp-image-1757\" src=\"https:\/\/thamthuanphat.vn\/wp-content\/uploads\/2025\/03\/z3716115326663_85f5048f0a41599ed6d0184685cad7f1-225x300.jpg\" alt=\"\" width=\"225\" height=\"300\" srcset=\"https:\/\/thamthuanphat.vn\/wp-content\/uploads\/2025\/03\/z3716115326663_85f5048f0a41599ed6d0184685cad7f1-225x300.jpg 225w, https:\/\/thamthuanphat.vn\/wp-content\/uploads\/2025\/03\/z3716115326663_85f5048f0a41599ed6d0184685cad7f1-768x1024.jpg 768w, https:\/\/thamthuanphat.vn\/wp-content\/uploads\/2025\/03\/z3716115326663_85f5048f0a41599ed6d0184685cad7f1-1152x1536.jpg 1152w, https:\/\/thamthuanphat.vn\/wp-content\/uploads\/2025\/03\/z3716115326663_85f5048f0a41599ed6d0184685cad7f1-1536x2048.jpg 1536w, https:\/\/thamthuanphat.vn\/wp-content\/uploads\/2025\/03\/z3716115326663_85f5048f0a41599ed6d0184685cad7f1-600x800.jpg 600w, https:\/\/thamthuanphat.vn\/wp-content\/uploads\/2025\/03\/z3716115326663_85f5048f0a41599ed6d0184685cad7f1.jpg 1920w\" sizes=\"auto, (max-width: 225px) 100vw, 225px\" \/><\/p>\n<p><img loading=\"lazy\" decoding=\"async\" class=\"alignnone size-medium wp-image-1758\" src=\"https:\/\/thamthuanphat.vn\/wp-content\/uploads\/2025\/03\/z3716115327974_e301481c6b9cca6fe0fc87141d5186b6-225x300.jpg\" alt=\"\" width=\"225\" height=\"300\" srcset=\"https:\/\/thamthuanphat.vn\/wp-content\/uploads\/2025\/03\/z3716115327974_e301481c6b9cca6fe0fc87141d5186b6-225x300.jpg 225w, https:\/\/thamthuanphat.vn\/wp-content\/uploads\/2025\/03\/z3716115327974_e301481c6b9cca6fe0fc87141d5186b6-768x1024.jpg 768w, https:\/\/thamthuanphat.vn\/wp-content\/uploads\/2025\/03\/z3716115327974_e301481c6b9cca6fe0fc87141d5186b6-1152x1536.jpg 1152w, https:\/\/thamthuanphat.vn\/wp-content\/uploads\/2025\/03\/z3716115327974_e301481c6b9cca6fe0fc87141d5186b6-1536x2048.jpg 1536w, https:\/\/thamthuanphat.vn\/wp-content\/uploads\/2025\/03\/z3716115327974_e301481c6b9cca6fe0fc87141d5186b6-600x800.jpg 600w, https:\/\/thamthuanphat.vn\/wp-content\/uploads\/2025\/03\/z3716115327974_e301481c6b9cca6fe0fc87141d5186b6.jpg 1920w\" sizes=\"auto, (max-width: 225px) 100vw, 225px\" \/><\/p>\n<p><img loading=\"lazy\" decoding=\"async\" class=\"alignnone size-medium wp-image-1759\" src=\"https:\/\/thamthuanphat.vn\/wp-content\/uploads\/2025\/03\/z3716115330096_016003cce0c5192e78ec2b8c942ae322-225x300.jpg\" alt=\"\" width=\"225\" height=\"300\" srcset=\"https:\/\/thamthuanphat.vn\/wp-content\/uploads\/2025\/03\/z3716115330096_016003cce0c5192e78ec2b8c942ae322-225x300.jpg 225w, https:\/\/thamthuanphat.vn\/wp-content\/uploads\/2025\/03\/z3716115330096_016003cce0c5192e78ec2b8c942ae322-768x1024.jpg 768w, https:\/\/thamthuanphat.vn\/wp-content\/uploads\/2025\/03\/z3716115330096_016003cce0c5192e78ec2b8c942ae322-1152x1536.jpg 1152w, https:\/\/thamthuanphat.vn\/wp-content\/uploads\/2025\/03\/z3716115330096_016003cce0c5192e78ec2b8c942ae322-1536x2048.jpg 1536w, https:\/\/thamthuanphat.vn\/wp-content\/uploads\/2025\/03\/z3716115330096_016003cce0c5192e78ec2b8c942ae322-600x800.jpg 600w, https:\/\/thamthuanphat.vn\/wp-content\/uploads\/2025\/03\/z3716115330096_016003cce0c5192e78ec2b8c942ae322.jpg 1920w\" sizes=\"auto, (max-width: 225px) 100vw, 225px\" \/><\/p>\n<p><img loading=\"lazy\" decoding=\"async\" class=\"alignnone size-medium wp-image-1760\" src=\"https:\/\/thamthuanphat.vn\/wp-content\/uploads\/2025\/03\/z3716115333293_f511d4b0bd690ae9f5d23dfa7d376343-225x300.jpg\" alt=\"\" width=\"225\" height=\"300\" srcset=\"https:\/\/thamthuanphat.vn\/wp-content\/uploads\/2025\/03\/z3716115333293_f511d4b0bd690ae9f5d23dfa7d376343-225x300.jpg 225w, https:\/\/thamthuanphat.vn\/wp-content\/uploads\/2025\/03\/z3716115333293_f511d4b0bd690ae9f5d23dfa7d376343-768x1024.jpg 768w, https:\/\/thamthuanphat.vn\/wp-content\/uploads\/2025\/03\/z3716115333293_f511d4b0bd690ae9f5d23dfa7d376343-1152x1536.jpg 1152w, https:\/\/thamthuanphat.vn\/wp-content\/uploads\/2025\/03\/z3716115333293_f511d4b0bd690ae9f5d23dfa7d376343-1536x2048.jpg 1536w, https:\/\/thamthuanphat.vn\/wp-content\/uploads\/2025\/03\/z3716115333293_f511d4b0bd690ae9f5d23dfa7d376343-600x800.jpg 600w, https:\/\/thamthuanphat.vn\/wp-content\/uploads\/2025\/03\/z3716115333293_f511d4b0bd690ae9f5d23dfa7d376343.jpg 1920w\" sizes=\"auto, (max-width: 225px) 100vw, 225px\" \/><\/p>\n<p><img loading=\"lazy\" decoding=\"async\" class=\"alignnone size-medium wp-image-1761\" src=\"https:\/\/thamthuanphat.vn\/wp-content\/uploads\/2025\/03\/z3716115335637_4ec924db8e0454ff0f03804db17160bd-225x300.jpg\" alt=\"\" width=\"225\" height=\"300\" srcset=\"https:\/\/thamthuanphat.vn\/wp-content\/uploads\/2025\/03\/z3716115335637_4ec924db8e0454ff0f03804db17160bd-225x300.jpg 225w, https:\/\/thamthuanphat.vn\/wp-content\/uploads\/2025\/03\/z3716115335637_4ec924db8e0454ff0f03804db17160bd-768x1024.jpg 768w, https:\/\/thamthuanphat.vn\/wp-content\/uploads\/2025\/03\/z3716115335637_4ec924db8e0454ff0f03804db17160bd-1152x1536.jpg 1152w, https:\/\/thamthuanphat.vn\/wp-content\/uploads\/2025\/03\/z3716115335637_4ec924db8e0454ff0f03804db17160bd-1536x2048.jpg 1536w, https:\/\/thamthuanphat.vn\/wp-content\/uploads\/2025\/03\/z3716115335637_4ec924db8e0454ff0f03804db17160bd-600x800.jpg 600w, https:\/\/thamthuanphat.vn\/wp-content\/uploads\/2025\/03\/z3716115335637_4ec924db8e0454ff0f03804db17160bd.jpg 1920w\" sizes=\"auto, (max-width: 225px) 100vw, 225px\" \/><\/p>\n","protected":false},"excerpt":{"rendered":"<p>C\u00f4ng d\u1ee5ng c\u1ee7a th\u1ea3m nh\u1ef1a \u0111\u1ed3ng ti\u1ec1n Th\u1ea3m th\u1ea3m nh\u1ef1a \u0111\u1ed3ng ti\u1ec1n\u00a0c\u00f3 t\u00e1c d\u1ee5ng\u00a0ch\u1ed1ng tr\u01a1n tr\u01b0\u1ee3t\u00a0t\u1ed1t, ph\u00f9 h\u1ee3p \u0111\u1ec3 tr\u1ea3i quanh h\u1ed3 b\u01a1i, tr\u1ea3i l\u1ed1i \u0111i, s\u00e0n nh\u00e0 v\u1ec7 sinh, s\u00e0n s\u1ea3n xu\u1ea5t, khu v\u1ef1c l\u1eafp r\u00e1p, khu v\u1ef1c ch\u1ebf bi\u1ebfn t\u1ea1i c\u00e1c nh\u00e0 m\u00e1y, kho x\u01b0\u1edfng, nh\u00e0 h\u00e0ng, kh\u00e1ch s\u1ea1n\u2026 t\u1ea1o \u0111\u1ed9 an to\u00e0n&#8230;<\/p>\n","protected":false},"featured_media":1755,"comment_status":"open","ping_status":"closed","template":"","meta":{"inline_featured_image":false},"pwb-brand":[],"product_brand":[],"product_cat":[97,87],"product_tag":[],"class_list":{"0":"post-1746","1":"product","2":"type-product","3":"status-publish","4":"has-post-thumbnail","6":"product_cat-tham-nhua","7":"product_cat-san-pham","9":"first","10":"instock","11":"shipping-taxable","12":"purchasable","13":"product-type-simple"},"acf":[],"brands":[],"_links":{"self":[{"href":"https:\/\/thamthuanphat.vn\/index.php?rest_route=\/wp\/v2\/product\/1746","targetHints":{"allow":["GET"]}}],"collection":[{"href":"https:\/\/thamthuanphat.vn\/index.php?rest_route=\/wp\/v2\/product"}],"about":[{"href":"https:\/\/thamthuanphat.vn\/index.php?rest_route=\/wp\/v2\/types\/product"}],"replies":[{"embeddable":true,"href":"https:\/\/thamthuanphat.vn\/index.php?rest_route=%2Fwp%2Fv2%2Fcomments&post=1746"}],"wp:featuredmedia":[{"embeddable":true,"href":"https:\/\/thamthuanphat.vn\/index.php?rest_route=\/wp\/v2\/media\/1755"}],"wp:attachment":[{"href":"https:\/\/thamthuanphat.vn\/index.php?rest_route=%2Fwp%2Fv2%2Fmedia&parent=1746"}],"wp:term":[{"taxonomy":"pwb-brand","embeddable":true,"href":"https:\/\/thamthuanphat.vn\/index.php?rest_route=%2Fwp%2Fv2%2Fpwb-brand&post=1746"},{"taxonomy":"product_brand","embeddable":true,"href":"https:\/\/thamthuanphat.vn\/index.php?rest_route=%2Fwp%2Fv2%2Fproduct_brand&post=1746"},{"taxonomy":"product_cat","embeddable":true,"href":"https:\/\/thamthuanphat.vn\/index.php?rest_route=%2Fwp%2Fv2%2Fproduct_cat&post=1746"},{"taxonomy":"product_tag","embeddable":true,"href":"https:\/\/thamthuanphat.vn\/index.php?rest_route=%2Fwp%2Fv2%2Fproduct_tag&post=1746"}],"curies":[{"name":"wp","href":"https:\/\/api.w.org\/{rel}","templated":true}]}}