{"id":1763,"date":"2025-03-14T15:21:33","date_gmt":"2025-03-14T08:21:33","guid":{"rendered":"https:\/\/thamthuanphat.vn\/?post_type=product&#038;p=1763"},"modified":"2025-03-14T15:22:49","modified_gmt":"2025-03-14T08:22:49","slug":"1763","status":"publish","type":"product","link":"https:\/\/thamthuanphat.vn\/?product=1763","title":{"rendered":"Th\u1ea3m Nh\u1ef1a Surem &#8211; Th\u1ea3m R\u1ed1i"},"content":{"rendered":"<h2><span style=\"color: #0000ff;\">C\u00f4ng d\u1ee5ng chung c\u1ee7a th\u1ea3m nh\u1ef1a r\u1ed1i SUREM<\/span><\/h2>\n<p><strong>Th\u1ea3m nh\u1ef1a r\u1ed1i SUREM<\/strong>\u00a0kh\u00f4ng th\u1ea5m n\u01b0\u1edbc, c\u00f3 t\u00e1c d\u1ee5ng ch\u1ed1ng tr\u01a1n tr\u01b0\u1ee3t, gi\u1eef b\u1ee5i b\u1ea9n th\u01b0\u1eddng \u0111\u01b0\u1ee3c tr\u1ea3i \u1edf b\u1eadc tam c\u1ea5p, tr\u1ea3i quanh h\u1ed3 b\u01a1i, tr\u1ea3i l\u1ed1i \u0111i, s\u00e0n nh\u00e0 v\u1ec7 sinh, s\u00e0n s\u1ea3n xu\u1ea5t, khu v\u1ef1c l\u1eafp r\u00e1p, khu v\u1ef1c ch\u1ebf bi\u1ebfn t\u1ea1i c\u00e1c nh\u00e0 m\u00e1y, kho x\u01b0\u1edfng, nh\u00e0 h\u00e0ng, kh\u00e1ch s\u1ea1n\u2026 t\u1ea1o \u0111\u1ed9 an to\u00e0n khi b\u01b0\u1edbc ch\u00e2n l\u00ean nh\u1eefng khu v\u1ef1c \u0111\u1ecdng n\u01b0\u1edbc, d\u1ec5 v\u1ea5p ng\u00e3 \u0111\u1ed3ng th\u1eddi gi\u1eef v\u1ec7 sinh cho khu v\u1ef1c \u0111\u01b0\u1ee3c tr\u1ea3i th\u1ea3m. Ngo\u00e0i ra c\u00f3 th\u1ec3 s\u1eed d\u1ee5ng\u00a0<strong>th\u1ea3m nh\u1ef1a surem<\/strong>\u00a0\u0111\u1ec3 tr\u1ea3i \u1edf khu v\u1ef1c \u0111\u1ec3 xe m\u00e1y, gi\u00fap tr\u00e1nh tr\u1ea7y x\u01b0\u1edbc cho c\u00e1c n\u1ec1n g\u1ea1ch.<\/p>\n<h2><span style=\"color: #0000ff;\">Th\u00f4ng s\u1ed1 s\u1ea3n ph\u1ea9m<\/span><\/h2>\n<table>\n<tbody>\n<tr>\n<th scope=\"row\">D\u1ea1ng th\u1ea3m<\/th>\n<td>Th\u1ea3m nh\u1ef1a cu\u1ed9n<\/td>\n<\/tr>\n<tr>\n<th scope=\"row\">Chi\u1ec1u r\u1ed9ng kh\u1ed5 th\u1ea3m<\/th>\n<td>1.22 m<\/td>\n<\/tr>\n<tr>\n<th scope=\"row\">Chi\u1ec1u d\u00e0i kh\u1ed5 th\u1ea3m<\/th>\n<td>18 m<\/td>\n<\/tr>\n<tr>\n<th scope=\"row\">\u0110\u1ed9 d\u00e0y<\/th>\n<td>10-13 mm<\/td>\n<\/tr>\n<tr>\n<th scope=\"row\">Ch\u1ea5t li\u1ec7u<\/th>\n<td>Nh\u1ef1a PVC<\/td>\n<\/tr>\n<tr>\n<th scope=\"row\">\u0110\u1ebf th\u1ea3m<\/th>\n<td>C\u00f3<\/td>\n<\/tr>\n<tr>\n<th scope=\"row\">M\u00e0u s\u1eafc<\/th>\n<td><strong><span style=\"color: #e14d43;\">\u0110\u1ecf\u00a0<\/span>|\u00a0<span style=\"color: #808080;\">x\u00e1m\u00a0<\/span>|\u00a0<span style=\"color: #00a859;\">xanh l\u00e1<\/span>\u00a0|<span style=\"color: #0000ff;\">\u00a0xanh d\u01b0\u01a1ng<\/span><\/strong><\/td>\n<\/tr>\n<tr>\n<th scope=\"row\">Xu\u1ea5t x\u1ee9<\/th>\n<td>Trung Qu\u1ed1c<\/td>\n<\/tr>\n<\/tbody>\n<\/table>\n<h2><span style=\"color: #0000ff;\"><strong>Gi\u00e1 b\u00e1n chi ti\u1ebft<\/strong><\/span><\/h2>\n<table>\n<tbody>\n<tr>\n<th><span style=\"color: #e14d43;\">S\u1ed1 L\u01b0\u1ee3ng<\/span><\/th>\n<th colspan=\"3\"><span style=\"color: #e14d43;\">\u00a0D\u01b0\u1edbi 5m<\/span><\/th>\n<th><span style=\"color: #e14d43;\">T\u1eeb 5 \u0111\u1ebfn 10m<\/span><\/th>\n<th><span style=\"color: #e14d43;\">T\u1eeb 10 \u0111\u1ebfn d\u01b0\u1edbi 18m<\/span><\/th>\n<th><span style=\"color: #e14d43;\">Tr\u00ean 18m<\/span><\/th>\n<\/tr>\n<tr>\n<th><span style=\"color: #e14d43;\">Gi\u00e1 B\u00e1n<\/span><\/th>\n<td colspan=\"3\"><span style=\"color: #e14d43;\">300.000\/m<\/span><\/td>\n<td><span style=\"color: #e14d43;\">290.000\/m<\/span><\/td>\n<td><span style=\"color: #e14d43;\">280.000\/m<\/span><\/td>\n<td><span style=\"color: #e14d43;\">270,000\/m<\/span><\/td>\n<\/tr>\n<tr>\n<td colspan=\"7\"><span style=\"color: #e14d43;\"><strong>\u2013 C\u1eaft th\u1ea3m v\u00e0 \u00e9p bi\u00ean theo k\u00edch th\u01b0\u1edbc y\u00eau c\u1ea7u.<\/strong><\/span><br \/>\n<span style=\"color: #e14d43;\"><strong>\u2013 Ph\u00ed \u00e9p bi\u00ean: 20,000 \u0111\/m\u00e9t (t\u00ednh theo chu vi).<\/strong><\/span><\/td>\n<\/tr>\n<\/tbody>\n<\/table>\n<div>\n<p>L\u01b0u \u00fd:<\/p>\n<ul>\n<li>Gi\u00e1 b\u00e1n Th\u1ea3m nh\u1ef1a r\u1ed1i SUREM \u0111\u01b0\u1ee3c t\u00ednh theo m\u00e9t t\u1edbi c\u1ee7a kh\u1ed5 th\u1ea3m.<\/li>\n<li>Gi\u00e1 tr\u00ean ch\u01b0a bao g\u1ed3m VAT. \u0110\u01a1n v\u1ecb t\u00ednh khi xu\u1ea5t h\u00f3a \u0111\u01a1n VAT l\u00e0 m\u00e9t vu\u00f4ng (m2).<\/li>\n<\/ul>\n<\/div>\n<div><span style=\"color: #e14d43;\"><strong>M\u1ecdi chi ti\u1ebft vui l\u00f2ng li\u00ean h\u1ec7 Hotline\/Zalo: 0977495969\u00a0<\/strong><\/span><\/div>\n<h2><span style=\"color: #0000ff;\"><strong>H\u00ecnh \u1ea3nh th\u1ea3m nh\u1ef1a r\u1ed1i SUREM<\/strong><\/span><\/h2>\n<p><img loading=\"lazy\" decoding=\"async\" class=\"alignnone size-medium wp-image-1764\" src=\"https:\/\/thamthuanphat.vn\/wp-content\/uploads\/2025\/03\/1.du-mau-278x300.jpg\" alt=\"\" width=\"278\" height=\"300\" srcset=\"https:\/\/thamthuanphat.vn\/wp-content\/uploads\/2025\/03\/1.du-mau-278x300.jpg 278w, https:\/\/thamthuanphat.vn\/wp-content\/uploads\/2025\/03\/1.du-mau-768x827.jpg 768w, https:\/\/thamthuanphat.vn\/wp-content\/uploads\/2025\/03\/1.du-mau-600x646.jpg 600w, https:\/\/thamthuanphat.vn\/wp-content\/uploads\/2025\/03\/1.du-mau.jpg 790w\" sizes=\"auto, (max-width: 278px) 100vw, 278px\" \/> <img loading=\"lazy\" decoding=\"async\" class=\"alignnone size-medium wp-image-1765\" src=\"https:\/\/thamthuanphat.vn\/wp-content\/uploads\/2025\/03\/2-300x208.jpg\" alt=\"\" width=\"300\" height=\"208\" srcset=\"https:\/\/thamthuanphat.vn\/wp-content\/uploads\/2025\/03\/2-300x208.jpg 300w, https:\/\/thamthuanphat.vn\/wp-content\/uploads\/2025\/03\/2-600x416.jpg 600w, https:\/\/thamthuanphat.vn\/wp-content\/uploads\/2025\/03\/2.jpg 750w\" sizes=\"auto, (max-width: 300px) 100vw, 300px\" \/> <img loading=\"lazy\" decoding=\"async\" class=\"alignnone size-medium wp-image-1766\" src=\"https:\/\/thamthuanphat.vn\/wp-content\/uploads\/2025\/03\/3-300x208.jpg\" alt=\"\" width=\"300\" height=\"208\" srcset=\"https:\/\/thamthuanphat.vn\/wp-content\/uploads\/2025\/03\/3-300x208.jpg 300w, https:\/\/thamthuanphat.vn\/wp-content\/uploads\/2025\/03\/3-600x416.jpg 600w, https:\/\/thamthuanphat.vn\/wp-content\/uploads\/2025\/03\/3.jpg 750w\" sizes=\"auto, (max-width: 300px) 100vw, 300px\" \/> <img loading=\"lazy\" decoding=\"async\" class=\"alignnone size-medium wp-image-1767\" src=\"https:\/\/thamthuanphat.vn\/wp-content\/uploads\/2025\/03\/4-300x208.jpg\" alt=\"\" width=\"300\" height=\"208\" srcset=\"https:\/\/thamthuanphat.vn\/wp-content\/uploads\/2025\/03\/4-300x208.jpg 300w, https:\/\/thamthuanphat.vn\/wp-content\/uploads\/2025\/03\/4-600x416.jpg 600w, https:\/\/thamthuanphat.vn\/wp-content\/uploads\/2025\/03\/4.jpg 750w\" sizes=\"auto, (max-width: 300px) 100vw, 300px\" \/> <img loading=\"lazy\" decoding=\"async\" class=\"alignnone size-medium wp-image-1768\" src=\"https:\/\/thamthuanphat.vn\/wp-content\/uploads\/2025\/03\/5b2df8fcN6c7c6dff-300x300.jpg\" alt=\"\" width=\"300\" height=\"300\" srcset=\"https:\/\/thamthuanphat.vn\/wp-content\/uploads\/2025\/03\/5b2df8fcN6c7c6dff-300x300.jpg 300w, https:\/\/thamthuanphat.vn\/wp-content\/uploads\/2025\/03\/5b2df8fcN6c7c6dff-150x150.jpg 150w, https:\/\/thamthuanphat.vn\/wp-content\/uploads\/2025\/03\/5b2df8fcN6c7c6dff-600x600.jpg 600w, https:\/\/thamthuanphat.vn\/wp-content\/uploads\/2025\/03\/5b2df8fcN6c7c6dff-100x100.jpg 100w, https:\/\/thamthuanphat.vn\/wp-content\/uploads\/2025\/03\/5b2df8fcN6c7c6dff.jpg 750w\" sizes=\"auto, (max-width: 300px) 100vw, 300px\" \/> <img loading=\"lazy\" decoding=\"async\" class=\"alignnone size-medium wp-image-1769\" src=\"https:\/\/thamthuanphat.vn\/wp-content\/uploads\/2025\/03\/5b87f310N1c37dfaa-1-281x300.jpg\" alt=\"\" width=\"281\" height=\"300\" srcset=\"https:\/\/thamthuanphat.vn\/wp-content\/uploads\/2025\/03\/5b87f310N1c37dfaa-1-281x300.jpg 281w, https:\/\/thamthuanphat.vn\/wp-content\/uploads\/2025\/03\/5b87f310N1c37dfaa-1-600x640.jpg 600w, https:\/\/thamthuanphat.vn\/wp-content\/uploads\/2025\/03\/5b87f310N1c37dfaa-1.jpg 750w\" sizes=\"auto, (max-width: 281px) 100vw, 281px\" \/> <img loading=\"lazy\" decoding=\"async\" class=\"alignnone size-medium wp-image-1770\" src=\"https:\/\/thamthuanphat.vn\/wp-content\/uploads\/2025\/03\/phoi-canh-8a8-300x300.jpg\" alt=\"\" width=\"300\" height=\"300\" srcset=\"https:\/\/thamthuanphat.vn\/wp-content\/uploads\/2025\/03\/phoi-canh-8a8-300x300.jpg 300w, https:\/\/thamthuanphat.vn\/wp-content\/uploads\/2025\/03\/phoi-canh-8a8-1022x1024.jpg 1022w, https:\/\/thamthuanphat.vn\/wp-content\/uploads\/2025\/03\/phoi-canh-8a8-150x150.jpg 150w, https:\/\/thamthuanphat.vn\/wp-content\/uploads\/2025\/03\/phoi-canh-8a8-768x769.jpg 768w, https:\/\/thamthuanphat.vn\/wp-content\/uploads\/2025\/03\/phoi-canh-8a8-1533x1536.jpg 1533w, https:\/\/thamthuanphat.vn\/wp-content\/uploads\/2025\/03\/phoi-canh-8a8-2044x2048.jpg 2044w, https:\/\/thamthuanphat.vn\/wp-content\/uploads\/2025\/03\/phoi-canh-8a8-600x601.jpg 600w, https:\/\/thamthuanphat.vn\/wp-content\/uploads\/2025\/03\/phoi-canh-8a8-100x100.jpg 100w\" sizes=\"auto, (max-width: 300px) 100vw, 300px\" \/> <img loading=\"lazy\" decoding=\"async\" class=\"alignnone size-medium wp-image-1771\" src=\"https:\/\/thamthuanphat.vn\/wp-content\/uploads\/2025\/03\/soi-mi-mau-do-ctk-225x300.jpg\" alt=\"\" width=\"225\" height=\"300\" srcset=\"https:\/\/thamthuanphat.vn\/wp-content\/uploads\/2025\/03\/soi-mi-mau-do-ctk-225x300.jpg 225w, https:\/\/thamthuanphat.vn\/wp-content\/uploads\/2025\/03\/soi-mi-mau-do-ctk-768x1024.jpg 768w, https:\/\/thamthuanphat.vn\/wp-content\/uploads\/2025\/03\/soi-mi-mau-do-ctk-1152x1536.jpg 1152w, https:\/\/thamthuanphat.vn\/wp-content\/uploads\/2025\/03\/soi-mi-mau-do-ctk-1536x2048.jpg 1536w, https:\/\/thamthuanphat.vn\/wp-content\/uploads\/2025\/03\/soi-mi-mau-do-ctk-600x800.jpg 600w, https:\/\/thamthuanphat.vn\/wp-content\/uploads\/2025\/03\/soi-mi-mau-do-ctk-scaled.jpg 1920w\" sizes=\"auto, (max-width: 225px) 100vw, 225px\" \/> <img loading=\"lazy\" decoding=\"async\" class=\"alignnone size-medium wp-image-1772\" src=\"https:\/\/thamthuanphat.vn\/wp-content\/uploads\/2025\/03\/soi-mi-mau-xam-ctk-225x300.jpg\" alt=\"\" width=\"225\" height=\"300\" srcset=\"https:\/\/thamthuanphat.vn\/wp-content\/uploads\/2025\/03\/soi-mi-mau-xam-ctk-225x300.jpg 225w, https:\/\/thamthuanphat.vn\/wp-content\/uploads\/2025\/03\/soi-mi-mau-xam-ctk-768x1024.jpg 768w, https:\/\/thamthuanphat.vn\/wp-content\/uploads\/2025\/03\/soi-mi-mau-xam-ctk-1152x1536.jpg 1152w, https:\/\/thamthuanphat.vn\/wp-content\/uploads\/2025\/03\/soi-mi-mau-xam-ctk-1536x2048.jpg 1536w, https:\/\/thamthuanphat.vn\/wp-content\/uploads\/2025\/03\/soi-mi-mau-xam-ctk-600x800.jpg 600w, https:\/\/thamthuanphat.vn\/wp-content\/uploads\/2025\/03\/soi-mi-mau-xam-ctk-scaled.jpg 1920w\" sizes=\"auto, (max-width: 225px) 100vw, 225px\" \/> <img loading=\"lazy\" decoding=\"async\" class=\"alignnone size-medium wp-image-1773\" src=\"https:\/\/thamthuanphat.vn\/wp-content\/uploads\/2025\/03\/soi-mi-xanh-duong-ctk-225x300.jpg\" alt=\"\" width=\"225\" height=\"300\" srcset=\"https:\/\/thamthuanphat.vn\/wp-content\/uploads\/2025\/03\/soi-mi-xanh-duong-ctk-225x300.jpg 225w, https:\/\/thamthuanphat.vn\/wp-content\/uploads\/2025\/03\/soi-mi-xanh-duong-ctk-768x1024.jpg 768w, https:\/\/thamthuanphat.vn\/wp-content\/uploads\/2025\/03\/soi-mi-xanh-duong-ctk-1152x1536.jpg 1152w, https:\/\/thamthuanphat.vn\/wp-content\/uploads\/2025\/03\/soi-mi-xanh-duong-ctk-1536x2048.jpg 1536w, https:\/\/thamthuanphat.vn\/wp-content\/uploads\/2025\/03\/soi-mi-xanh-duong-ctk-600x800.jpg 600w, https:\/\/thamthuanphat.vn\/wp-content\/uploads\/2025\/03\/soi-mi-xanh-duong-ctk-scaled.jpg 1920w\" sizes=\"auto, (max-width: 225px) 100vw, 225px\" \/> <img loading=\"lazy\" decoding=\"async\" class=\"alignnone size-medium wp-image-1774\" src=\"https:\/\/thamthuanphat.vn\/wp-content\/uploads\/2025\/03\/soi-mi-xanh-la-ctk-225x300.jpg\" alt=\"\" width=\"225\" height=\"300\" srcset=\"https:\/\/thamthuanphat.vn\/wp-content\/uploads\/2025\/03\/soi-mi-xanh-la-ctk-225x300.jpg 225w, https:\/\/thamthuanphat.vn\/wp-content\/uploads\/2025\/03\/soi-mi-xanh-la-ctk-768x1024.jpg 768w, https:\/\/thamthuanphat.vn\/wp-content\/uploads\/2025\/03\/soi-mi-xanh-la-ctk-1152x1536.jpg 1152w, https:\/\/thamthuanphat.vn\/wp-content\/uploads\/2025\/03\/soi-mi-xanh-la-ctk-1536x2048.jpg 1536w, https:\/\/thamthuanphat.vn\/wp-content\/uploads\/2025\/03\/soi-mi-xanh-la-ctk-600x800.jpg 600w, https:\/\/thamthuanphat.vn\/wp-content\/uploads\/2025\/03\/soi-mi-xanh-la-ctk-scaled.jpg 1920w\" sizes=\"auto, (max-width: 225px) 100vw, 225px\" \/> <img loading=\"lazy\" decoding=\"async\" class=\"alignnone size-medium wp-image-1775\" src=\"https:\/\/thamthuanphat.vn\/wp-content\/uploads\/2025\/03\/z2436185095900_c9be7cdb04d39725cce6ddd390339af1-225x300.jpg\" alt=\"\" width=\"225\" height=\"300\" srcset=\"https:\/\/thamthuanphat.vn\/wp-content\/uploads\/2025\/03\/z2436185095900_c9be7cdb04d39725cce6ddd390339af1-225x300.jpg 225w, https:\/\/thamthuanphat.vn\/wp-content\/uploads\/2025\/03\/z2436185095900_c9be7cdb04d39725cce6ddd390339af1-767x1024.jpg 767w, https:\/\/thamthuanphat.vn\/wp-content\/uploads\/2025\/03\/z2436185095900_c9be7cdb04d39725cce6ddd390339af1-768x1025.jpg 768w, https:\/\/thamthuanphat.vn\/wp-content\/uploads\/2025\/03\/z2436185095900_c9be7cdb04d39725cce6ddd390339af1-600x801.jpg 600w, https:\/\/thamthuanphat.vn\/wp-content\/uploads\/2025\/03\/z2436185095900_c9be7cdb04d39725cce6ddd390339af1.jpg 956w\" sizes=\"auto, (max-width: 225px) 100vw, 225px\" \/> <img loading=\"lazy\" decoding=\"async\" class=\"alignnone size-medium wp-image-1776\" src=\"https:\/\/thamthuanphat.vn\/wp-content\/uploads\/2025\/03\/z3716113870725_2a7c377ccffb5da9a03336478139f2cd-225x300.jpg\" alt=\"\" width=\"225\" height=\"300\" srcset=\"https:\/\/thamthuanphat.vn\/wp-content\/uploads\/2025\/03\/z3716113870725_2a7c377ccffb5da9a03336478139f2cd-225x300.jpg 225w, https:\/\/thamthuanphat.vn\/wp-content\/uploads\/2025\/03\/z3716113870725_2a7c377ccffb5da9a03336478139f2cd-768x1024.jpg 768w, https:\/\/thamthuanphat.vn\/wp-content\/uploads\/2025\/03\/z3716113870725_2a7c377ccffb5da9a03336478139f2cd-1152x1536.jpg 1152w, https:\/\/thamthuanphat.vn\/wp-content\/uploads\/2025\/03\/z3716113870725_2a7c377ccffb5da9a03336478139f2cd-1536x2048.jpg 1536w, https:\/\/thamthuanphat.vn\/wp-content\/uploads\/2025\/03\/z3716113870725_2a7c377ccffb5da9a03336478139f2cd-600x800.jpg 600w, https:\/\/thamthuanphat.vn\/wp-content\/uploads\/2025\/03\/z3716113870725_2a7c377ccffb5da9a03336478139f2cd.jpg 1920w\" sizes=\"auto, (max-width: 225px) 100vw, 225px\" \/> <img loading=\"lazy\" decoding=\"async\" class=\"alignnone size-medium wp-image-1777\" src=\"https:\/\/thamthuanphat.vn\/wp-content\/uploads\/2025\/03\/z3716113873826_ae281d09fccc927a7103937202201089-225x300.jpg\" alt=\"\" width=\"225\" height=\"300\" srcset=\"https:\/\/thamthuanphat.vn\/wp-content\/uploads\/2025\/03\/z3716113873826_ae281d09fccc927a7103937202201089-225x300.jpg 225w, https:\/\/thamthuanphat.vn\/wp-content\/uploads\/2025\/03\/z3716113873826_ae281d09fccc927a7103937202201089-768x1024.jpg 768w, https:\/\/thamthuanphat.vn\/wp-content\/uploads\/2025\/03\/z3716113873826_ae281d09fccc927a7103937202201089-1152x1536.jpg 1152w, https:\/\/thamthuanphat.vn\/wp-content\/uploads\/2025\/03\/z3716113873826_ae281d09fccc927a7103937202201089-1536x2048.jpg 1536w, https:\/\/thamthuanphat.vn\/wp-content\/uploads\/2025\/03\/z3716113873826_ae281d09fccc927a7103937202201089-600x800.jpg 600w, https:\/\/thamthuanphat.vn\/wp-content\/uploads\/2025\/03\/z3716113873826_ae281d09fccc927a7103937202201089.jpg 1920w\" sizes=\"auto, (max-width: 225px) 100vw, 225px\" \/> <img loading=\"lazy\" decoding=\"async\" class=\"alignnone size-medium wp-image-1778\" src=\"https:\/\/thamthuanphat.vn\/wp-content\/uploads\/2025\/03\/z3716113877534_423dd7fa4fd9916226c6cd1dc296c75f-225x300.jpg\" alt=\"\" width=\"225\" height=\"300\" srcset=\"https:\/\/thamthuanphat.vn\/wp-content\/uploads\/2025\/03\/z3716113877534_423dd7fa4fd9916226c6cd1dc296c75f-225x300.jpg 225w, https:\/\/thamthuanphat.vn\/wp-content\/uploads\/2025\/03\/z3716113877534_423dd7fa4fd9916226c6cd1dc296c75f-768x1024.jpg 768w, https:\/\/thamthuanphat.vn\/wp-content\/uploads\/2025\/03\/z3716113877534_423dd7fa4fd9916226c6cd1dc296c75f-1152x1536.jpg 1152w, https:\/\/thamthuanphat.vn\/wp-content\/uploads\/2025\/03\/z3716113877534_423dd7fa4fd9916226c6cd1dc296c75f-600x800.jpg 600w, https:\/\/thamthuanphat.vn\/wp-content\/uploads\/2025\/03\/z3716113877534_423dd7fa4fd9916226c6cd1dc296c75f.jpg 1536w\" sizes=\"auto, (max-width: 225px) 100vw, 225px\" \/><\/p>\n","protected":false},"excerpt":{"rendered":"<p>C\u00f4ng d\u1ee5ng chung c\u1ee7a th\u1ea3m nh\u1ef1a r\u1ed1i SUREM Th\u1ea3m nh\u1ef1a r\u1ed1i SUREM\u00a0kh\u00f4ng th\u1ea5m n\u01b0\u1edbc, c\u00f3 t\u00e1c d\u1ee5ng ch\u1ed1ng tr\u01a1n tr\u01b0\u1ee3t, gi\u1eef b\u1ee5i b\u1ea9n th\u01b0\u1eddng \u0111\u01b0\u1ee3c tr\u1ea3i \u1edf b\u1eadc tam c\u1ea5p, tr\u1ea3i quanh h\u1ed3 b\u01a1i, tr\u1ea3i l\u1ed1i \u0111i, s\u00e0n nh\u00e0 v\u1ec7 sinh, s\u00e0n s\u1ea3n xu\u1ea5t, khu v\u1ef1c l\u1eafp r\u00e1p, khu v\u1ef1c ch\u1ebf bi\u1ebfn t\u1ea1i c\u00e1c nh\u00e0&#8230;<\/p>\n","protected":false},"featured_media":1764,"comment_status":"open","ping_status":"closed","template":"","meta":{"inline_featured_image":false},"pwb-brand":[],"product_brand":[],"product_cat":[87,97],"product_tag":[],"class_list":{"0":"post-1763","1":"product","2":"type-product","3":"status-publish","4":"has-post-thumbnail","6":"product_cat-san-pham","7":"product_cat-tham-nhua","9":"first","10":"instock","11":"shipping-taxable","12":"purchasable","13":"product-type-simple"},"acf":[],"brands":[],"_links":{"self":[{"href":"https:\/\/thamthuanphat.vn\/index.php?rest_route=\/wp\/v2\/product\/1763","targetHints":{"allow":["GET"]}}],"collection":[{"href":"https:\/\/thamthuanphat.vn\/index.php?rest_route=\/wp\/v2\/product"}],"about":[{"href":"https:\/\/thamthuanphat.vn\/index.php?rest_route=\/wp\/v2\/types\/product"}],"replies":[{"embeddable":true,"href":"https:\/\/thamthuanphat.vn\/index.php?rest_route=%2Fwp%2Fv2%2Fcomments&post=1763"}],"wp:featuredmedia":[{"embeddable":true,"href":"https:\/\/thamthuanphat.vn\/index.php?rest_route=\/wp\/v2\/media\/1764"}],"wp:attachment":[{"href":"https:\/\/thamthuanphat.vn\/index.php?rest_route=%2Fwp%2Fv2%2Fmedia&parent=1763"}],"wp:term":[{"taxonomy":"pwb-brand","embeddable":true,"href":"https:\/\/thamthuanphat.vn\/index.php?rest_route=%2Fwp%2Fv2%2Fpwb-brand&post=1763"},{"taxonomy":"product_brand","embeddable":true,"href":"https:\/\/thamthuanphat.vn\/index.php?rest_route=%2Fwp%2Fv2%2Fproduct_brand&post=1763"},{"taxonomy":"product_cat","embeddable":true,"href":"https:\/\/thamthuanphat.vn\/index.php?rest_route=%2Fwp%2Fv2%2Fproduct_cat&post=1763"},{"taxonomy":"product_tag","embeddable":true,"href":"https:\/\/thamthuanphat.vn\/index.php?rest_route=%2Fwp%2Fv2%2Fproduct_tag&post=1763"}],"curies":[{"name":"wp","href":"https:\/\/api.w.org\/{rel}","templated":true}]}}