{"id":1869,"date":"2025-03-21T16:19:00","date_gmt":"2025-03-21T09:19:00","guid":{"rendered":"https:\/\/thamthuanphat.vn\/?post_type=product&#038;p=1869"},"modified":"2025-03-21T16:19:01","modified_gmt":"2025-03-21T09:19:01","slug":"tham-trai-san-van-phong-gia-re","status":"publish","type":"product","link":"https:\/\/thamthuanphat.vn\/?product=tham-trai-san-van-phong-gia-re","title":{"rendered":"Th\u1ea3m Tr\u1ea3i S\u00e0n V\u0103n Ph\u00f2ng Gi\u00e1 R\u1ebb"},"content":{"rendered":"<p><strong>Th\u00f4ng s\u1ed1 k\u1ef9 thu\u1eadt s\u1ea3n ph\u1ea9m th\u1ea3m cu\u1ed9n v\u0103n ph\u00f2ng do Thu\u1eadn Ph\u00e1t cung c\u1ea5p :<\/strong><\/p>\n<p>Th\u01b0\u01a1ng hi\u1ec7u: Indo<br \/>\nS\u1ea3n ph\u1ea9m: S\u1ee3i h\u00f3a h\u1ecdc<br \/>\nTh\u00e0nh ph\u1ea7n nguy\u00ean li\u1ec7u: polypropylen<br \/>\nM\u00e0u s\u1eafc: Th\u1ea3m cu\u1ed9n 1 m\u00e0u<br \/>\nPhong c\u00e1ch: Ch\u00e2u \u00c2u v\u00e0 Ch\u00e2u M\u1ef9<br \/>\nH\u00ecnh d\u1ea1ng: h\u00ecnh ch\u1eef nh\u1eadt<br \/>\nK\u00edch th\u01b0\u1edbc th\u1ea3m: Kh\u1ed5 th\u1ea3m r\u1ed9ng 3,66m, cu\u1ed9n d\u00e0i 50m<br \/>\nKh\u00f4ng gian \u00e1p d\u1ee5ng: ban c\u00f4ng, c\u1ea7u thang, nh\u00e0 b\u1ebfp, ph\u00f2ng kh\u00e1ch, l\u1ed1i v\u00e0o, ph\u00f2ng ng\u1ee7, ph\u00f2ng kh\u00e1c \/ kh\u00e1c<br \/>\nPh\u00e2n lo\u1ea1i m\u00e0u: \u0111en h\u1ed3ng \u0111\u1ecf \u0111\u1ecf c\u00e0 ph\u00ea xanh \u0111\u1eadm \u0111en \u0111\u1ecf l\u1ea1c \u0111\u00e0 l\u1ea1c \u0111\u00e0 \u0111en c\u00e0 ph\u00ea \u0111en x\u00e1m Oran kh\u00f3i xanh \u0111\u1eadm x\u00e1m b\u1ea1c x\u00e1m kh\u00f3i<br \/>\nQuy tr\u00ecnh: d\u1ec7t m\u00e1y<br \/>\nPh\u01b0\u01a1ng th\u1ee9c b\u00e1n h\u00e0ng: \u0110\u1eb7t h\u00e0ng online ho\u1eb7c mua tr\u1ef1c ti\u1ebfp t\u1ea1i c\u1eeda h\u00e0ng<br \/>\nLo\u1ea1i gi\u1eb7t: gi\u1eb7t kh\u00f4, gi\u1eb7t ch\u00e2n kh\u00f4ng, gi\u1eb7t tay, gi\u1eb7t m\u00e1y, kh\u00e1c \/ kh\u00e1c<br \/>\n<img decoding=\"async\" src=\"https:\/\/thamachau.vn\/profiles\/thamachauvn\/uploads\/attach\/post\/images\/Tham%20Cuon\/tham-cuon-mot-mau-1.jpg\" alt=\"\" \/><br \/>\n<strong>\u01afu \u0111i\u1ec3m:\u00a0<\/strong><\/p>\n<p>C\u00f3 t\u00ednh ch\u1ea5t dai, b\u1ec1n, ch\u1eafc, ch\u1ecbu l\u1ef1c t\u1ed1t<br \/>\nKh\u00f4ng phai m\u00e0u<br \/>\nTh\u1ea5m h\u00fat t\u1ed1t<br \/>\nD\u1ebbo dai, m\u1ec1m m\u1ea1i, nh\u01b0ng l\u1ea1i kh\u00f4ng ph\u00e2n h\u1ee7y v\u00e0 h\u1ea1n ch\u1ebf khu\u1ea9n.<br \/>\nD\u1ec5 thi c\u00f4ng l\u1eafp \u0111\u1eb7t<br \/>\n<img decoding=\"async\" src=\"https:\/\/thamachau.vn\/profiles\/thamachauvn\/uploads\/attach\/post\/images\/Tham%20Cuon\/tham-bali-tham-winner-tham-na-tham-cuon-a-chau-11.jpg\" alt=\"\" \/><br \/>\n<strong>C\u00f4ng d\u1ee5ng :<\/strong><\/p>\n<p>Ti\u00eau \u00e2m ch\u1ed1ng \u1ed3n: Vi\u1ec7c tr\u1ea3i m\u1ed9t l\u1edbp th\u1ea3m l\u00ean b\u1ec1 m\u1eb7t s\u00e0n s\u1ebd gi\u00fap h\u1ea1n ch\u1ebf ti\u1ebfng \u1ed3n do c\u00e1c ho\u1ea1t \u0111\u1ed9ng \u0111i l\u1ea1i, x\u00ea d\u1ecbch \u0111\u1ed3 \u0111\u1ea1c di\u1ec5n ra t\u1ea1i v\u0103n ph\u00f2ng. T\u1eeb \u0111\u00f3, kh\u00f4ng gian tr\u1edf n\u00ean y\u00ean t\u0129nh v\u00e0 d\u1ec5 ch\u1ecbu h\u01a1n.<br \/>\n<img decoding=\"async\" src=\"https:\/\/thamachau.vn\/profiles\/thamachauvn\/uploads\/attach\/post\/images\/Tham%20Cuon\/tham-bali-tham-winner-tham-na-tham-cuon-a-chau-12.jpg\" alt=\"\" \/><br \/>\n\u0110\u1ea3m b\u1ea3o an to\u00e0n: S\u00e0n th\u00f4ng th\u01b0\u1eddng c\u00f3 th\u1ec3 tr\u01a1n, tr\u01b0\u1ee3t v\u00e0 d\u1ec5 g\u00e2y t\u00e9, ng\u00e3. N\u1ebfu c\u00f3 l\u1edbp th\u1ea3m d\u1ecbu m\u00e1t, \u00eam \u00e1i c\u00f9ng t\u00ednh n\u0103ng kh\u00f4ng d\u1eabn \u0111i\u1ec7n, kh\u00f4ng d\u1eabn l\u1eeda th\u00ec b\u1ea1n s\u1ebd ch\u1eb3ng c\u1ea7n lo ng\u1ea1i nhi\u1ec1u v\u1ec1 s\u1ef1 an to\u00e0n \u1edf n\u01a1i m\u00ecnh l\u00e0m vi\u1ec7c m\u1ed7i ng\u00e0y.<\/p>\n<p>Mang t\u1edbi m\u1ed9t kh\u00f4ng gian \u0111\u1eb9p, hi\u1ec7n t\u1ea1i v\u00e0 chuy\u00ean nghi\u1ec7p: Th\u1ea3m cu\u1ed9n tr\u1ea3i s\u00e0n v\u1edbi nhi\u1ec1u ki\u1ec3u d\u00e1ng, m\u1eabu m\u00e3 v\u00e0 m\u00e0u s\u1eafc kh\u00e1c nhau, g\u00f3p ph\u1ea7n mang \u0111\u1ebfn kh\u00f4ng gian tho\u00e1ng, \u0111\u1eb9p v\u00e0 hi\u1ec7n \u0111\u1ea1i cho v\u0103n ph\u00f2ng l\u00e0m vi\u1ec7c. \u0110i\u1ec1u n\u00e0y c\u0169ng gi\u00fap b\u1ea1n c\u00f3 \u0111\u01b0\u1ee3c tinh th\u1ea7n tho\u1ea3i m\u00e1i m\u1ed9t ng\u00e0y \u0111\u1ebfn c\u00f4ng ty v\u00e0 c\u00f4ng vi\u1ec7c cho n\u0103ng xu\u1ea5t t\u1ed1t h\u01a1n.<br \/>\n<img decoding=\"async\" src=\"https:\/\/thamachau.vn\/profiles\/thamachauvn\/uploads\/attach\/post\/images\/Tham%20Cuon\/tham-bali-tham-winner-tham-na-tham-cuon-a-chau-14.jpg\" alt=\"\" \/><br \/>\nL\u1ef1a ch\u1ecdn m\u00e0u s\u1eafc th\u1ea3m tr\u1ea3i s\u00e0n ph\u1ee5 thu\u1ed9c v\u00e0o t\u00ednh ch\u1ea5t c\u1ee7a m\u00f4i tr\u01b0\u1eddng l\u00e0m vi\u1ec7c<br \/>\nC\u00e1c c\u00f4ng ty, doanh nghi\u1ec7p chuy\u00ean v\u1ec1 l\u0129nh v\u1ef1c th\u01b0\u01a1ng m\u1ea1i hay ti\u1ebfp kh\u00e1ch h\u00e0ng t\u1ea1i v\u0103n ph\u00f2ng, nh\u1eefng d\u00f2ng th\u1ea3m c\u1ed5 \u0111i\u1ec3n m\u00e0u \u0111\u1ecf \u0111\u1eadm hay x\u00e1m s\u1ebd mang t\u1edbi s\u1ef1 sang tr\u1ecdng, l\u1ecbch thi\u1ec7p.<\/p>\n<p>C\u00f2n \u0111\u1ed1i v\u1edbi m\u00f4i tr\u01b0\u1eddng \u0111\u00f2i h\u1ecfi s\u1ef1 s\u00e1ng t\u1ea1o, th\u1ea3m m\u00e0u xanh d\u01b0\u01a1ng, xanh l\u00e1 hay \u0111\u1ecf \u0111\u1eadm s\u1ebd ph\u00f9 h\u1ee3p.<br \/>\n<img decoding=\"async\" src=\"https:\/\/thamachau.vn\/profiles\/thamachauvn\/uploads\/attach\/post\/images\/Tham%20Cuon\/tham-bali-tham-winner-tham-na-tham-cuon-a-chau-4.jpg\" alt=\"\" \/><br \/>\nHi\u1ec7n nay, th\u1ea3m cu\u1ed9n tr\u1ea3i s\u00e0n v\u0103n ph\u00f2ng c\u00f3 r\u1ea5t nhi\u1ec1u lo\u1ea1i. B\u00ean c\u1ea1nh d\u00f2ng th\u1ea3m c\u00f3 m\u1ed9t t\u00f4ng m\u00e0u, b\u1ea1n c\u00f3 th\u1ec3 t\u00ecm th\u00eam nh\u1eefng lo\u1ea1i c\u00f3 ch\u00e8n h\u1ecda ti\u1ebft, hoa v\u0103n \u0111\u1eb9p m\u1eaft.<\/p>\n<p>\u0110i\u1ec1u n\u00e0y s\u1ebd ph\u1ea7n n\u00e0o th\u1ec3 hi\u1ec7n n\u00e9t \u0111\u1ed9c \u0111\u00e1o, t\u1ea1o \u0111i\u1ec3m nh\u1ea5n cho v\u0103n ph\u00f2ng c\u1ee7a b\u1ea1n.<\/p>\n<p><strong>C\u00e1ch v\u1ec7 sinh th\u1ea3m cu\u1ed9n tr\u1ea3i s\u00e0n v\u0103n ph\u00f2ng<\/strong><\/p>\n<p>Th\u1ea3m v\u0103n ph\u00f2ng m\u1edbi c\u1ee7a b\u1ea1n l\u00e0 m\u1ed9t kho\u1ea3n \u0111\u1ea7u t\u01b0 \u0111\u00e1ng k\u1ec3, v\u00e0 \u0111\u1ec3 gi\u1eef cho n\u00f3 tr\u00f4ng nh\u01b0 m\u1edbi c\u00e0ng l\u00e2u c\u00e0ng t\u1ed1t, l\u00e0m s\u1ea1ch th\u01b0\u1eddng xuy\u00ean l\u00e0 \u0111i\u1ec1u c\u1ea7n thi\u1ebft.<br \/>\n<img decoding=\"async\" src=\"https:\/\/thamachau.vn\/profiles\/thamachauvn\/uploads\/attach\/post\/images\/Tham%20Cuon\/tham-bali-tham-winner-tham-na-tham-cuon-a-chau-5.jpg\" alt=\"\" \/><br \/>\nNh\u01b0ng t\u1ea7n su\u1ea5t b\u1ea1n n\u00ean l\u00e0m s\u1ea1ch th\u1ea3m v\u0103n ph\u00f2ng c\u1ee7a b\u1ea1n, v\u00e0 c\u00e1ch t\u1ed1t nh\u1ea5t \u0111\u1ec3 l\u00e0m s\u1ea1ch n\u00f3 l\u00e0 g\u00ec?<br \/>\nTh\u1ea3m Thu\u1eadn Ph\u00e1t \u0111\u00e3 chia s\u1ebb 5 m\u1eb9o l\u00e0m s\u1ea1ch th\u1ea3m, \u0111\u1ec3 gi\u00fap duy tr\u00ec s\u1ef1 xu\u1ea5t hi\u1ec7n nh\u01b0 m\u1edbi c\u1ee7a g\u1ea1ch th\u1ea3m v\u0103n ph\u00f2ng c\u1ee7a b\u1ea1n.<br \/>\n1. C\u00f3 m\u1ed9t k\u1ebf ho\u1ea1ch b\u1ea3o tr\u00ec th\u1ea3m<br \/>\n\u0110i\u1ec1u quan tr\u1ecdng kh\u00f4ng k\u00e9m l\u00e0 ph\u1ea3i c\u00f3 m\u1ed9t k\u1ebf ho\u1ea1ch l\u00e0m s\u1ea1ch v\u00e0 b\u1ea3o tr\u00ec \u0111\u01b0\u1ee3c y\u00eau th\u00edch v\u00ec \u0111\u00f3 l\u00e0 l\u1ef1a ch\u1ecdn ph\u01b0\u01a1ng ph\u00e1p l\u00e0m s\u1ea1ch ph\u00f9 h\u1ee3p.<br \/>\n<img decoding=\"async\" src=\"https:\/\/thamachau.vn\/profiles\/thamachauvn\/uploads\/attach\/post\/images\/Tham%20Cuon\/tham-bali-tham-winner-tham-na-tham-cuon-a-chau-6.jpg\" alt=\"\" \/><br \/>\nY\u00eau c\u1ea7u gi\u1eb7t th\u1ea3m s\u1ebd l\u00e0 duy nh\u1ea5t cho v\u0103n ph\u00f2ng c\u1ee7a b\u1ea1n, v\u00e0 s\u1ebd ph\u1ee5 thu\u1ed9c v\u00e0o m\u1ecdi th\u1ee9 t\u1eeb m\u1ee9c \u0111\u1ed9 l\u01b0u th\u00f4ng ch\u00e2n, \u0111\u1ebfn th\u1eddi ti\u1ebft v\u00e0 v\u1ecb tr\u00ed v\u0103n ph\u00f2ng c\u1ee7a b\u1ea1n.<\/p>\n<p>\u0110\u1ec3 l\u00ean k\u1ebf ho\u1ea1ch cho l\u1ecbch tr\u00ecnh b\u1ea3o tr\u00ec c\u1ee7a b\u1ea1n, \u0111i\u1ec1u \u0111\u1ea7u ti\u00ean b\u1ea1n c\u1ea7n l\u00e0m l\u00e0 v\u1ea1ch ra kh\u00f4ng gian v\u0103n ph\u00f2ng c\u1ee7a b\u1ea1n v\u00e0 \u0111\u00e1nh d\u1ea5u c\u00e1c m\u1ee9c l\u01b0u l\u01b0\u1ee3ng ch\u00e2n kh\u00e1c nhau tr\u00ean c\u00e1c ph\u1ea7n kh\u00e1c nhau c\u1ee7a kh\u00f4ng gian.<\/p>\n<p>Sau \u0111\u00f3, b\u1ea1n c\u00f3 th\u1ec3 ph\u00e2n lo\u1ea1i \u0111i\u1ec1u n\u00e0y v\u1edbi m\u1ed9t h\u1ec7 th\u1ed1ng \u0111\u00e8n giao th\u00f4ng:<\/p>\n<p>Khu v\u1ef1c l\u01b0u l\u01b0\u1ee3ng di chuy\u1ec3n cao &#8211; m\u00e0u \u0111\u1ecf<br \/>\nKhu v\u1ef1c l\u01b0u l\u01b0\u1ee3ng di chuy\u1ec3n trung b\u00ecnh &#8211; m\u00e0u v\u00e0ng<br \/>\nKhu v\u1ef1c l\u01b0u l\u01b0\u1ee3ng di chuy\u1ec3n th\u1ea5p &#8211; xanh<br \/>\nT\u1eeb \u0111\u00e2y, b\u1ea1n c\u00f3 th\u1ec3 t\u00ecm ra t\u1ea7n su\u1ea5t m\u1ed7i khu v\u1ef1c c\u1ea7n l\u00e0m s\u1ea1ch v\u00e0 t\u1ea1o l\u1ecbch b\u1ea3o tr\u00ec cho v\u0103n ph\u00f2ng c\u1ee7a b\u1ea1n.<br \/>\n<img decoding=\"async\" src=\"https:\/\/thamachau.vn\/profiles\/thamachauvn\/uploads\/attach\/post\/images\/Tham%20Cuon\/tham-bali-tham-winner-tham-na-tham-cuon-a-chau-7.jpg\" alt=\"\" \/><br \/>\n2. S\u1eed d\u1ee5ng m\u00e1y h\u00fat b\u1ee5i<br \/>\nTh\u01b0\u1eddng xuy\u00ean h\u00fat b\u1ee5i th\u1ea3m c\u1ee7a b\u1ea1n l\u00e0 y\u1ebfu t\u1ed1 quan tr\u1ecdng nh\u1ea5t gi\u00fap k\u00e9o d\u00e0i tu\u1ed5i th\u1ecd c\u1ee7a th\u1ea3m v\u00e0 c\u1ea3i thi\u1ec7n kh\u1ea3 n\u0103ng gi\u1eef d\u00e1ng.<\/p>\n<p>Khu v\u1ef1c l\u01b0u l\u01b0\u1ee3ng di chuy\u1ec3n (v\u00f9ng m\u00e0u \u0111\u1ecf c\u1ee7a b\u1ea1n) trong v\u0103n ph\u00f2ng c\u1ee7a b\u1ea1n n\u00ean \u0111\u01b0\u1ee3c h\u00fat b\u1ee5i h\u00e0ng ng\u00e0y.<br \/>\n<img decoding=\"async\" src=\"https:\/\/thamachau.vn\/profiles\/thamachauvn\/uploads\/attach\/post\/images\/Tham%20Cuon\/tham-cuon-trai-san-tham-a-chau-tham-bali-tham-winner-tham-na-10.jpg\" alt=\"\" \/><br \/>\n\u0110\u1ed1i v\u1edbi c\u00e1c khu v\u1ef1c l\u01b0u l\u01b0\u1ee3ng di chuy\u1ec3n trung b\u00ecnh, \u0111i\u1ec1u n\u00e0y c\u00f3 th\u1ec3 gi\u1ea3m xu\u1ed1ng c\u00f2n hai ho\u1eb7c ba l\u1ea7n m\u1ed9t tu\u1ea7n v\u00e0 c\u00e1c khu v\u1ef1c giao th\u00f4ng th\u1ea5p b\u1ea1n c\u00f3 th\u1ec3 ch\u1ec9 h\u00fat b\u1ee5i m\u1ed9t ho\u1eb7c hai l\u1ea7n m\u1ed9t tu\u1ea7n.<\/p>\n<p>\u0110\u00e2y l\u00e0 m\u1ed9t h\u01b0\u1edbng d\u1eabn &#8211; n\u1ebfu v\u0103n ph\u00f2ng c\u1ee7a b\u1ea1n tr\u1ea3i nghi\u1ec7m l\u01b0u l\u01b0\u1ee3ng ch\u00e2n cao h\u01a1n m\u1ee9c trung b\u00ecnh tr\u00ean to\u00e0n b\u1ed9 kh\u00f4ng gian th\u00ec c\u00f3 th\u1ec3 c\u1ea7n h\u00fat b\u1ee5i th\u01b0\u1eddng xuy\u00ean h\u01a1n.<\/p>\n<p>Ngo\u00e0i ra, n\u1ebfu th\u1eddi ti\u1ebft x\u1ea5u v\u00e0 nhi\u1ec1u b\u1ee5i b\u1ea9n v\u00e0 n\u01b0\u1edbc \u0111\u01b0\u1ee3c \u0111\u01b0a v\u00e0o l\u1ed1i v\u00e0o v\u0103n ph\u00f2ng c\u1ee7a b\u1ea1n tr\u00ean gi\u00e0y ng\u01b0\u1eddi, b\u1ea1n c\u00f3 th\u1ec3 c\u1ea7n ph\u1ea3i v\u1ec7 sinh th\u01b0\u1eddng xuy\u00ean h\u01a1n v\u00e0o m\u00f9a \u0111\u00f4ng so v\u1edbi m\u00f9a h\u00e8.<br \/>\n<img decoding=\"async\" src=\"https:\/\/thamachau.vn\/profiles\/thamachauvn\/uploads\/attach\/post\/images\/Tham%20Cuon\/tham-cuon-trai-san-tham-a-chau-tham-bali-tham-winner-tham-na-2.jpg\" alt=\"\" \/><br \/>\n3. Gi\u1eb7t k\u1ef9<br \/>\nM\u00e1y h\u00fat b\u1ee5i th\u00f4ng th\u01b0\u1eddng c\u00f3 kh\u1ea3 n\u0103ng lo\u1ea1i b\u1ecf 80% b\u1ee5i b\u1ea9n v\u00e0 m\u1ea3nh v\u1ee5n kh\u1ecfi th\u1ea3m c\u1ee7a b\u1ea1n, nh\u01b0ng ngay c\u1ea3 v\u1edbi m\u00e1y h\u00fat b\u1ee5i t\u1ed1t nh\u1ea5t hi\u1ec7n c\u00f3, b\u1ea1n v\u1eabn gi\u00e0nh \u0111\u01b0\u1ee3c qu\u1ea3n l\u00fd \u0111\u1ec3 lo\u1ea1i b\u1ecf 100%.<\/p>\n<p>V\u1ea5n \u0111\u1ec1 v\u1edbi 20% c\u00f2n l\u1ea1i l\u00e0 b\u1ee5i b\u1ea9n v\u00e0 m\u1ea3nh v\u1ee5n n\u00e0y r\u01a1i xu\u1ed1ng th\u1ea3m c\u1ee7a b\u1ea1n v\u00e0 b\u1eaft \u0111\u1ea7u m\u00f2n d\u1ea7n \u1edf c\u00e1c s\u1ee3i th\u1ea3m nh\u01b0 gi\u1ea5y nh\u00e1m, l\u00e0m t\u0103ng t\u1ed1c \u0111\u1ed9 xu\u1ed1ng c\u1ea5p c\u1ee7a th\u1ea3m.<br \/>\n<img decoding=\"async\" src=\"https:\/\/thamachau.vn\/profiles\/thamachauvn\/uploads\/attach\/post\/images\/Tham%20Cuon\/tham-cuon-trai-san-tham-a-chau-tham-bali-tham-winner-tham-na-3.jpg\" alt=\"\" \/><br \/>\nTheo h\u01b0\u1edbng d\u1eabn, c\u00e1c khu v\u1ef1c giao th\u00f4ng cao n\u00ean \u0111\u01b0\u1ee3c l\u00e0m s\u1ea1ch s\u00e2u h\u00e0ng th\u00e1ng, c\u00e1c khu v\u1ef1c giao th\u00f4ng trung b\u00ecnh s\u1ebd c\u1ea7n l\u00e0m s\u1ea1ch s\u00e2u ba \u0111\u1ebfn b\u1ed1n l\u1ea7n m\u1ed9t n\u0103m v\u00e0 c\u00e1c khu v\u1ef1c giao th\u00f4ng th\u1ea5p c\u00f3 th\u1ec3 \u0111\u01b0\u1ee3c l\u00e0m s\u1ea1ch s\u00e2u m\u1ed9t ho\u1eb7c hai l\u1ea7n m\u1ed9t n\u0103m.<\/p>\n<p>4. L\u1ef1a ch\u1ecdn m\u00e0u th\u1ea3m<br \/>\nM\u1eb7c d\u00f9 \u0111\u00e2y kh\u00f4ng ph\u1ea3i l\u00e0 m\u1ed9t m\u1eb9o l\u00e0m s\u1ea1ch, nh\u01b0ng s\u1ef1 l\u1ef1a ch\u1ecdn th\u1ea3m c\u1ee7a b\u1ea1n s\u1ebd c\u00f3 t\u00e1c \u0111\u1ed9ng r\u1ea5t l\u1edbn \u0111\u1ebfn th\u1eddi gian duy tr\u00ec s\u1ef1 xu\u1ea5t hi\u1ec7n c\u1ee7a n\u00f3.<br \/>\n<img decoding=\"async\" src=\"https:\/\/thamachau.vn\/profiles\/thamachauvn\/uploads\/attach\/post\/images\/Tham%20Cuon\/tham-cuon-trai-san-tham-a-chau-tham-bali-tham-winner-tham-na-5.jpg\" alt=\"\" \/><br \/>\nV\u00ed d\u1ee5, m\u1ed9t t\u1ea5m th\u1ea3m \u0111\u01a1n gi\u1ea3n, s\u00e1ng m\u00e0u s\u1ebd cho th\u1ea5y nh\u1eefng gi\u1ecdt c\u00e0 ph\u00ea nh\u1ecf gi\u1ecdt nhi\u1ec1u h\u01a1n so v\u1edbi m\u1ed9t t\u1ea5m th\u1ea3m c\u00f3 hoa v\u0103n t\u1ed1i m\u00e0u.<br \/>\n<img decoding=\"async\" src=\"https:\/\/thamachau.vn\/profiles\/thamachauvn\/uploads\/attach\/post\/images\/Tham%20Cuon\/tham-cuon-trai-san-tham-a-chau-tham-bali-tham-winner-tham-na-11.jpg\" alt=\"\" \/><\/p>\n","protected":false},"excerpt":{"rendered":"<p>Th\u00f4ng s\u1ed1 k\u1ef9 thu\u1eadt s\u1ea3n ph\u1ea9m th\u1ea3m cu\u1ed9n v\u0103n ph\u00f2ng do Thu\u1eadn Ph\u00e1t cung c\u1ea5p : Th\u01b0\u01a1ng hi\u1ec7u: Indo S\u1ea3n ph\u1ea9m: S\u1ee3i h\u00f3a h\u1ecdc Th\u00e0nh ph\u1ea7n nguy\u00ean li\u1ec7u: polypropylen M\u00e0u s\u1eafc: Th\u1ea3m cu\u1ed9n 1 m\u00e0u Phong c\u00e1ch: Ch\u00e2u \u00c2u v\u00e0 Ch\u00e2u M\u1ef9 H\u00ecnh d\u1ea1ng: h\u00ecnh ch\u1eef nh\u1eadt K\u00edch th\u01b0\u1edbc th\u1ea3m: Kh\u1ed5 th\u1ea3m r\u1ed9ng 3,66m, cu\u1ed9n&#8230;<\/p>\n","protected":false},"featured_media":1870,"comment_status":"open","ping_status":"closed","template":"","meta":{"inline_featured_image":false},"pwb-brand":[],"product_brand":[],"product_cat":[103,87,95],"product_tag":[],"class_list":{"0":"post-1869","1":"product","2":"type-product","3":"status-publish","4":"has-post-thumbnail","6":"product_cat-tham-van-phong","7":"product_cat-san-pham","8":"product_cat-tham-trai-san","10":"first","11":"instock","12":"shipping-taxable","13":"purchasable","14":"product-type-simple"},"acf":[],"brands":[],"_links":{"self":[{"href":"https:\/\/thamthuanphat.vn\/index.php?rest_route=\/wp\/v2\/product\/1869","targetHints":{"allow":["GET"]}}],"collection":[{"href":"https:\/\/thamthuanphat.vn\/index.php?rest_route=\/wp\/v2\/product"}],"about":[{"href":"https:\/\/thamthuanphat.vn\/index.php?rest_route=\/wp\/v2\/types\/product"}],"replies":[{"embeddable":true,"href":"https:\/\/thamthuanphat.vn\/index.php?rest_route=%2Fwp%2Fv2%2Fcomments&post=1869"}],"wp:featuredmedia":[{"embeddable":true,"href":"https:\/\/thamthuanphat.vn\/index.php?rest_route=\/wp\/v2\/media\/1870"}],"wp:attachment":[{"href":"https:\/\/thamthuanphat.vn\/index.php?rest_route=%2Fwp%2Fv2%2Fmedia&parent=1869"}],"wp:term":[{"taxonomy":"pwb-brand","embeddable":true,"href":"https:\/\/thamthuanphat.vn\/index.php?rest_route=%2Fwp%2Fv2%2Fpwb-brand&post=1869"},{"taxonomy":"product_brand","embeddable":true,"href":"https:\/\/thamthuanphat.vn\/index.php?rest_route=%2Fwp%2Fv2%2Fproduct_brand&post=1869"},{"taxonomy":"product_cat","embeddable":true,"href":"https:\/\/thamthuanphat.vn\/index.php?rest_route=%2Fwp%2Fv2%2Fproduct_cat&post=1869"},{"taxonomy":"product_tag","embeddable":true,"href":"https:\/\/thamthuanphat.vn\/index.php?rest_route=%2Fwp%2Fv2%2Fproduct_tag&post=1869"}],"curies":[{"name":"wp","href":"https:\/\/api.w.org\/{rel}","templated":true}]}}