{"id":1872,"date":"2025-03-21T16:46:06","date_gmt":"2025-03-21T09:46:06","guid":{"rendered":"https:\/\/thamthuanphat.vn\/?post_type=product&#038;p=1872"},"modified":"2025-03-21T16:47:08","modified_gmt":"2025-03-21T09:47:08","slug":"tham-trai-san-domain","status":"publish","type":"product","link":"https:\/\/thamthuanphat.vn\/?product=tham-trai-san-domain","title":{"rendered":"Th\u1ea3m tr\u1ea3i s\u00e0n DOMAIN"},"content":{"rendered":"<p><strong>Th\u1ea3m Domain k\u00edch th\u01b0\u1edbc 25x100cm\/t\u1ea5m.<\/strong><\/p>\n<p><strong>V\u1edbi k\u00edch th\u01b0\u1edbc d\u00e0i gi\u1ed1ng s\u00e0n g\u1ed7\u00a0<u>th\u1ea3m Domain<\/u>\u00a0c\u00f3 r\u1ea5t nhi\u1ec1u c\u00e1ch l\u1eafp \u0111\u1eb7t t\u00f9y theo nhu c\u1ea7u thi\u1ebft k\u1ebf c\u1ee7a t\u1eebng s\u00e0n kh\u00e1c nhau t\u1eeb sang tr\u1ecdng (l\u1eafp d\u1ea1ng x\u01b0\u01a1ng c\u00e1) hay ph\u1ed5 th\u00f4ng (l\u1eafp l\u1ec7ch \u00f4) cho t\u1edbi s\u00e1ng t\u1ea1o (ph\u1ed1i nhi\u1ec1u m\u00e0u).\u00a0<\/strong><\/p>\n<p><strong>B\u00ean c\u1ea1nh \u0111\u00f3 v\u1edbi l\u1edbp \u0111\u1ebf cao su PVC,\u00a0<u>th\u1ea3m Domain<\/u>\u00a0c\u00f3 th\u1ec3 \u0111\u01b0\u1ee3c t\u00e1i s\u1eed d\u1ee5ng khi v\u0103n ph\u00f2ng chuy\u1ec3n \u0111\u1ecba \u0111i\u1ec3m ho\u1eb7c m\u1eb7t s\u00e0n thay \u0111\u1ed5i m\u1ee5c \u0111\u00edch s\u1eed d\u1ee5ng, ti\u1ebft ki\u1ec7m chi ph\u00ed v\u00e0 th\u1eddi gian cho qu\u00fd kh\u00e1ch h\u00e0ng \u1edf m\u1ee9c t\u1ed1i \u0111a.<\/strong><\/p>\n<p><strong>Th\u1ea3m Domain l\u00e0 th\u1ea3m x\u00e1m \u0111i\u1ec3m th\u00eam s\u1ecdc kh\u00e1c\u00a0 n\u1ed5i b\u1eadt nh\u1eb1m t\u1ea1o \u0111i\u1ec3m nh\u1ea5n m\u00e0u s\u1eafc khi l\u1eafp \u0111\u1eb7t th\u1ea3m tr\u1ea3i s\u00e0n<\/strong><\/p>\n<p>&nbsp;<\/p>\n<p><strong><em><img decoding=\"async\" src=\"https:\/\/file.hstatic.net\/1000364962\/file\/tham-tam-xanh-la_100b50c4442f4882ba606dbc45e7c50b_grande.jpg\" alt=\"tham xanh la phoi xam\" \/><\/em><\/strong><\/p>\n<p><strong><em>Th\u1ea3m l\u1eafp ki\u1ec3u l\u1ec7ch \u00f4 v\u00e0 ph\u1ed1i hai m\u00e0u Domain 201 (s\u1ecdc x\u00e1m) v\u00e0 Domain 222 (s\u1ecdc xanh l\u00e1)<\/em><\/strong><\/p>\n<p>&nbsp;<\/p>\n<p><strong><img decoding=\"async\" src=\"https:\/\/file.hstatic.net\/1000364962\/file\/domain_201_va_222_ff0f321064104ce98c305f9f7e322db5_grande.jpg\" alt=\"tham xanh la\" \/><\/strong><\/p>\n<p><strong><em>Th\u1ea3m l\u1eafp ki\u1ec3u x\u01b0\u01a1ng c\u00e1 k\u1ebft h\u1ee3p m\u00e0u x\u00e1m (201) v\u00e0 xanh l\u00e1 (222)<\/em><\/strong><\/p>\n<p>&nbsp;<\/p>\n<p><strong><img decoding=\"async\" src=\"https:\/\/file.hstatic.net\/1000364962\/file\/ban-si-tham-san-xanh-la_419d8dae501045b09e9dea8da7818033_grande.jpg\" alt=\"mat tham can soi\" \/><\/strong><\/p>\n<p><strong><em>M\u1eb7t th\u1ea3m c\u1eadn s\u1ee3i m\u00e3 222<\/em><\/strong><\/p>\n<p>&nbsp;<\/p>\n<p><strong><img decoding=\"async\" src=\"https:\/\/file.hstatic.net\/1000364962\/file\/dm_220_-_222__3__c083e187e6544c4c85b222038206c178_grande.jpg\" \/><\/strong><\/p>\n<p><strong>C\u00f4ng tr\u00ecnh l\u1eafp th\u1ea3m d\u1ea1ng x\u01b0\u01a1ng c\u00e1 ph\u1ed1i hai m\u00e0u th\u1ea3m tr\u1eafng (220) v\u00e0 xanh l\u00e1 (222)<\/strong><\/p>\n<p>&nbsp;<\/p>\n<p><strong><em><img decoding=\"async\" src=\"https:\/\/file.hstatic.net\/1000364962\/file\/tham-tam-gia-go-soc-xam_4df5a97de953430da9f264b213163164_grande.jpg\" alt=\"tham xam\" \/><\/em><\/strong><\/p>\n<p><strong><em>Th\u1ea3m t\u1ea5m m\u00e0u x\u00e1m Domain 201 l\u1eafp ri\u00eang m\u1ed9t m\u00e0u c\u0169ng r\u1ea5t \u0111\u1eb9p m\u1eaft<\/em><\/strong><\/p>\n<p>&nbsp;<\/p>\n<p><strong><img decoding=\"async\" src=\"https:\/\/file.hstatic.net\/1000364962\/file\/tham-xam-dang-tam_fdcd7193d9b040d7b629a1c989dccb07_grande.jpg\" alt=\"mat tham can soi\" \/><\/strong><\/p>\n<p><strong><em>M\u1eb7t th\u1ea3m Domain 201 c\u1eadn s\u1ee3i, s\u1ee3i th\u1ea3m \u0111\u01b0\u1ee3c gia c\u00f4ng b\u1eb1ng m\u00e1y k\u1ef9 l\u01b0\u1ee1ng khi\u1ebfn m\u1eb7t th\u1ea3m \u0111\u1ec1u, c\u00e1c m\u00ed th\u1eb3ng \u0111\u1eb9p<\/em><\/strong><\/p>\n<p><strong><img decoding=\"async\" src=\"https:\/\/file.hstatic.net\/1000364962\/file\/domain_211_va_220_7e8e4202171f477ebcb30be694d9a3d1_grande.jpg\" alt=\"lap tham hai mau\" \/><\/strong><\/p>\n<p>&nbsp;<\/p>\n<p>&nbsp;<\/p>\n<p><strong><img decoding=\"async\" src=\"https:\/\/file.hstatic.net\/1000364962\/file\/domain_201_va_211-2_bebbfd373f794b019f87c245993c61d0_grande.jpg\" alt=\"tham soc phoi hai mau\" \/><\/strong><\/p>\n<p>&nbsp;<\/p>\n<p><strong><img decoding=\"async\" src=\"https:\/\/file.hstatic.net\/1000364962\/file\/lap-dat-tham-san-dang-tam_f78847e024a646dab9b84c7acd6d71a7_grande.jpg\" alt=\"mat tham can soi\" \/><\/strong><\/p>\n<p><strong><em>M\u1eb7t th\u1ea3m c\u1eadn s\u1ee3i<\/em><\/strong><\/p>\n<p><strong><img decoding=\"async\" src=\"https:\/\/file.hstatic.net\/1000364962\/file\/domain_216_va_220_bc3686f80ffa4d8784bf609dc252248f_grande.jpg\" alt=\"tham phoi soc do\" \/><\/strong><\/p>\n<p>&nbsp;<\/p>\n<p><strong><img decoding=\"async\" src=\"https:\/\/file.hstatic.net\/1000364962\/file\/domain_phoi_373443a0556c41cdb8fce80cbfdeff8c_grande.jpg\" alt=\"tham phoi soc do va xam\" \/><\/strong><\/p>\n<p>&nbsp;<\/p>\n<p><strong><img decoding=\"async\" src=\"https:\/\/file.hstatic.net\/1000364962\/file\/tham-san-mau-do_8743569a555842d9983d896d10859e1b_grande.jpg\" alt=\"mat tham can soi\" \/><\/strong><\/p>\n<p><strong><em>M\u1eb7t th\u1ea3m c\u1eadn s\u1ee3i<\/em><\/strong><\/p>\n<p><strong><img decoding=\"async\" src=\"https:\/\/file.hstatic.net\/1000364962\/file\/lap-tham-san-soc-trang_0258292b665d4565a25a791d5718026d_grande.jpg\" alt=\"mat tham can soi\" \/><\/strong><\/p>\n<p><strong><em>M\u1eb7t th\u1ea3m c\u1eadn s\u1ee3i<\/em><\/strong><\/p>\n<p>&nbsp;<\/p>\n<p><strong><img decoding=\"async\" src=\"https:\/\/file.hstatic.net\/1000364962\/file\/domain_211_va_220_7e8e4202171f477ebcb30be694d9a3d1_grande.jpg\" alt=\"tham hai mau\" \/><\/strong><\/p>\n<p><strong><em>Th\u1ea3m ph\u1ed1i\u00a0hai m\u00e0u Domain 211\u00a0(s\u1ecdc v\u00e0ng)\u00a0v\u00e0 Domain 220\u00a0(s\u1ecdc tr\u1eafng)<\/em><\/strong><\/p>\n<p>&nbsp;<\/p>\n<p>&nbsp;<\/p>\n<p><strong><img decoding=\"async\" src=\"https:\/\/file.hstatic.net\/1000364962\/file\/tham-gia-san-go-phoi-hai-mau_38ec09ea6d0241f38cf4ad755130fe4b_grande.jpg\" alt=\"tham lap lech o\" \/><\/strong><\/p>\n<p><strong><em>Th\u1ea3m l\u1eafp ki\u1ec3u l\u1ec7ch \u00f4 v\u00e0 ph\u1ed1i hai m\u00e0u Domain 201 (s\u1ecdc x\u00e1m) v\u00e0 Domain 220\u00a0(s\u1ecdc tr\u1eafng)<\/em><\/strong><\/p>\n<p>&nbsp;<\/p>\n<p><strong><img decoding=\"async\" src=\"https:\/\/file.hstatic.net\/1000364962\/file\/dm_220_-_222__3__c083e187e6544c4c85b222038206c178_grande.jpg\" \/><\/strong><\/p>\n<p><strong>Th\u1ea3m l\u1eafp \u0111\u1eb7t d\u1ea1ng x\u01b0\u01a1ng c\u00e1 ph\u1ed1i hai m\u00e0u.<\/strong><\/p>\n<p><strong>Khi d\u00f9ng Th\u1ea3m DOMAIN, keo s\u1eed d\u1ee5ng thi c\u00f4ng l\u00e0 keo s\u1eefa, n\u00ean kh\u00f4ng g\u00e2y m\u00f9i kh\u00f3 ch\u1ecbu sau khi l\u1eafp \u0111\u1eb7t.<\/strong><\/p>\n<p>&nbsp;<\/p>\n","protected":false},"excerpt":{"rendered":"<p>Th\u1ea3m Domain k\u00edch th\u01b0\u1edbc 25x100cm\/t\u1ea5m. V\u1edbi k\u00edch th\u01b0\u1edbc d\u00e0i gi\u1ed1ng s\u00e0n g\u1ed7\u00a0th\u1ea3m Domain\u00a0c\u00f3 r\u1ea5t nhi\u1ec1u c\u00e1ch l\u1eafp \u0111\u1eb7t t\u00f9y theo nhu c\u1ea7u thi\u1ebft k\u1ebf c\u1ee7a t\u1eebng s\u00e0n kh\u00e1c nhau t\u1eeb sang tr\u1ecdng (l\u1eafp d\u1ea1ng x\u01b0\u01a1ng c\u00e1) hay ph\u1ed5 th\u00f4ng (l\u1eafp l\u1ec7ch \u00f4) cho t\u1edbi s\u00e1ng t\u1ea1o (ph\u1ed1i nhi\u1ec1u m\u00e0u).\u00a0 B\u00ean c\u1ea1nh \u0111\u00f3 v\u1edbi l\u1edbp \u0111\u1ebf&#8230;<\/p>\n","protected":false},"featured_media":1873,"comment_status":"open","ping_status":"closed","template":"","meta":{"inline_featured_image":false},"pwb-brand":[],"product_brand":[],"product_cat":[87,101,95,103],"product_tag":[],"class_list":{"0":"post-1872","1":"product","2":"type-product","3":"status-publish","4":"has-post-thumbnail","6":"product_cat-san-pham","7":"product_cat-tham-tam-tham-gach","8":"product_cat-tham-trai-san","9":"product_cat-tham-van-phong","11":"first","12":"instock","13":"shipping-taxable","14":"purchasable","15":"product-type-simple"},"acf":[],"brands":[],"_links":{"self":[{"href":"https:\/\/thamthuanphat.vn\/index.php?rest_route=\/wp\/v2\/product\/1872","targetHints":{"allow":["GET"]}}],"collection":[{"href":"https:\/\/thamthuanphat.vn\/index.php?rest_route=\/wp\/v2\/product"}],"about":[{"href":"https:\/\/thamthuanphat.vn\/index.php?rest_route=\/wp\/v2\/types\/product"}],"replies":[{"embeddable":true,"href":"https:\/\/thamthuanphat.vn\/index.php?rest_route=%2Fwp%2Fv2%2Fcomments&post=1872"}],"wp:featuredmedia":[{"embeddable":true,"href":"https:\/\/thamthuanphat.vn\/index.php?rest_route=\/wp\/v2\/media\/1873"}],"wp:attachment":[{"href":"https:\/\/thamthuanphat.vn\/index.php?rest_route=%2Fwp%2Fv2%2Fmedia&parent=1872"}],"wp:term":[{"taxonomy":"pwb-brand","embeddable":true,"href":"https:\/\/thamthuanphat.vn\/index.php?rest_route=%2Fwp%2Fv2%2Fpwb-brand&post=1872"},{"taxonomy":"product_brand","embeddable":true,"href":"https:\/\/thamthuanphat.vn\/index.php?rest_route=%2Fwp%2Fv2%2Fproduct_brand&post=1872"},{"taxonomy":"product_cat","embeddable":true,"href":"https:\/\/thamthuanphat.vn\/index.php?rest_route=%2Fwp%2Fv2%2Fproduct_cat&post=1872"},{"taxonomy":"product_tag","embeddable":true,"href":"https:\/\/thamthuanphat.vn\/index.php?rest_route=%2Fwp%2Fv2%2Fproduct_tag&post=1872"}],"curies":[{"name":"wp","href":"https:\/\/api.w.org\/{rel}","templated":true}]}}